{"id":646,"date":"2024-01-26T10:29:09","date_gmt":"2024-01-26T13:29:09","guid":{"rendered":"http:\/\/emporiodoturquinho.com.br\/?post_type=product&#038;p=646"},"modified":"2024-01-26T10:29:09","modified_gmt":"2024-01-26T13:29:09","slug":"colageno-em-po","status":"publish","type":"product","link":"https:\/\/emporiodoturquinho.com.br\/?product=colageno-em-po","title":{"rendered":"COLAGENO EM P\u00d3"},"content":{"rendered":"<p>VALORES NUTRICIONAIS Conhe\u00e7a os valores nutricionais deste produto<br \/>\nQuantidade por por\u00e7\u00e3o de 10g (1 e 12 Colher de Sopa) %VD()<br \/>\nValor Energ\u00e9tico 35Kcal=146KJ 2<br \/>\nCarboidratos 0g 0<br \/>\nProte\u00ednas 8.3g 11<br \/>\nGorduras Totais 0g 0<br \/>\nGorduras Saturadas 0g 0<br \/>\nGorduras Trans 0g<br \/>\nFibra Alimentar 0g 0<br \/>\nS\u00f3dio 20mg 1<br \/>\n()% Valores Di\u00e1rios de refer\u00eancia com base em uma dieta de 2.000 kcal ou 8.400 kJ. Seus valores di\u00e1rios podem ser maiores ou menores dependendo de suas necessidades energ\u00e9ticas.<\/p>\n<p>Ingrediente(s) Col\u00e1geno hidrolisado.<\/p>\n<p>Ap\u00f3s a abertura, mantenha a embalagem bem fechada. Armazene em local fresco e seco.<\/p>\n<p>AL\u00c9RGICOS PODE CONTER TRA\u00c7OS DE SOJA, NOZES, CASTANHAS E AMENDOINS.<\/p>\n<p>N\u00c3O CONT\u00c9M GL\u00daTEN.<\/p>\n<p>CARACTER\u00cdSTICAS<br \/>\nSem Gl\u00faten Sim<br \/>\nVegano N\u00e3o<br \/>\nLow Carb Sim<br \/>\nOrg\u00e2nico N\u00e3o<br \/>\nLivre Transg\u00eanicos Sim<br \/>\nSem Lactose Sim<br \/>\nOrigem Nacional<br \/>\nGranel Sim<\/p>\n","protected":false},"excerpt":{"rendered":"<p>O Col\u00e1geno Hidrolisado representa cerca de 30% de toda prote\u00edna do organismo humano. Suas principais fun\u00e7\u00f5es s\u00e3o dar sustenta\u00e7\u00e3o e elasticidade \u00e0 pele, ossos, cartilagens, ligamentos e tend\u00f5es.<\/p>\n<p>A partir dos 30 anos, o corpo sofre uma perda de col\u00e1geno por volta de 1% ao ano, e aos 50, passa a produzir apenas uma m\u00e9dia 35% do col\u00e1geno necess\u00e1rio para a manuten\u00e7\u00e3o da beleza e da sa\u00fade.<\/p>\n<p>Para que serve o Col\u00e1geno Hidrolisado<br \/>\nA reposi\u00e7\u00e3o com suplemento de col\u00e1geno hidrolisado est\u00e1 surgindo como uma nova ferramenta para a manuten\u00e7\u00e3o da sa\u00fade e beleza. Por meio da ingest\u00e3o de suplementos alimentares desta natureza o nosso organismo obt\u00e9m de maneira significativa os benef\u00edcios do col\u00e1geno.<\/p>\n<p>O col\u00e1geno hidrolisado em p\u00f3 permite que o nosso organismo mantenha uma quantidade de massa muscular adequada, ajudando-o a utilizar eficientemente suas reservas de gorduras.<\/p>\n<p>O col\u00e1geno hidrolisado \u00e9 um grande aliado para quem quer manter a beleza e a sa\u00fade.<\/p>\n<p>Como consumir Col\u00e1geno Hidrolisado<br \/>\nA sugest\u00e3o gen\u00e9rica para consumo do Col\u00e1geno Hidrolisado \u00e9 de 1 colher de sopa ao dia (10g). No entanto, sempre recomendamos consultar um nutricionista.<\/p>\n<p>Gostou Fa\u00e7a sua compra agora e receba com todo conforto na sua casa ou trabalho.<\/p>\n","protected":false},"featured_media":647,"comment_status":"open","ping_status":"closed","template":"","meta":[],"product_cat":[37],"product_tag":[],"class_list":{"0":"post-646","1":"product","2":"type-product","3":"status-publish","4":"has-post-thumbnail","6":"product_cat-suplementos","8":"first","9":"instock","10":"shipping-taxable","11":"product-type-simple"},"supplier_id":null,"supplier_sku":"","barcode":null,"atum_controlled":true,"out_stock_date":null,"out_stock_threshold":null,"inheritable":false,"inbound_stock":null,"stock_on_hold":0,"sold_today":0,"sales_last_days":0,"reserved_stock":null,"customer_returns":null,"warehouse_damage":null,"lost_in_post":null,"other_logs":null,"out_stock_days":0,"lost_sales":0,"has_location":null,"update_date":"2026-04-22T12:24:26","atum_locations":[],"atum_stock_status":"instock","restock_status":false,"low_stock_amount":"","sales_update_date":"2026-04-22T12:24:26","calc_backorders":null,"_links":{"self":[{"href":"https:\/\/emporiodoturquinho.com.br\/index.php?rest_route=\/wp\/v2\/product\/646","targetHints":{"allow":["GET"]}}],"collection":[{"href":"https:\/\/emporiodoturquinho.com.br\/index.php?rest_route=\/wp\/v2\/product"}],"about":[{"href":"https:\/\/emporiodoturquinho.com.br\/index.php?rest_route=\/wp\/v2\/types\/product"}],"replies":[{"embeddable":true,"href":"https:\/\/emporiodoturquinho.com.br\/index.php?rest_route=%2Fwp%2Fv2%2Fcomments&post=646"}],"wp:featuredmedia":[{"embeddable":true,"href":"https:\/\/emporiodoturquinho.com.br\/index.php?rest_route=\/wp\/v2\/media\/647"}],"wp:attachment":[{"href":"https:\/\/emporiodoturquinho.com.br\/index.php?rest_route=%2Fwp%2Fv2%2Fmedia&parent=646"}],"wp:term":[{"taxonomy":"product_cat","embeddable":true,"href":"https:\/\/emporiodoturquinho.com.br\/index.php?rest_route=%2Fwp%2Fv2%2Fproduct_cat&post=646"},{"taxonomy":"product_tag","embeddable":true,"href":"https:\/\/emporiodoturquinho.com.br\/index.php?rest_route=%2Fwp%2Fv2%2Fproduct_tag&post=646"}],"curies":[{"name":"wp","href":"https:\/\/api.w.org\/{rel}","templated":true}]}}