{"id":642,"date":"2024-01-26T10:27:56","date_gmt":"2024-01-26T13:27:56","guid":{"rendered":"http:\/\/emporiodoturquinho.com.br\/?post_type=product&#038;p=642"},"modified":"2024-01-26T10:27:56","modified_gmt":"2024-01-26T13:27:56","slug":"cloreto-de-magnesio-vitamina-b6-unilife-60-capsulas","status":"publish","type":"product","link":"https:\/\/emporiodoturquinho.com.br\/?product=cloreto-de-magnesio-vitamina-b6-unilife-60-capsulas","title":{"rendered":"CLORETO DE MAGNESIO + VITAMINA B6 &#8211; UNILIFE &#8211; 60 CAPSULAS"},"content":{"rendered":"<p>VALORES NUTRICIONAIS Conhe\u00e7a os valores nutricionais deste produto<br \/>\nQuantidade por por\u00e7\u00e3o de 0g (0 Colheres de ch\u00e1) %VD(*)<br \/>\nValor Energ\u00e9tico 0Kcal=0KJ 0<br \/>\nCarboidratos 0g 0<br \/>\nProte\u00ednas 0g 0<br \/>\nGorduras Totais 0g 0<br \/>\nGorduras Saturadas 0g 0<br \/>\nGorduras Trans 0g **<br \/>\nFibra Alimentar 0g 0<br \/>\nS\u00f3dio 0mg 0<br \/>\nIngredientes: cloreto de magn\u00e9sio hexahidratado P.A, bisglicinato de magn\u00e9sio, piridoxina, antiumectantes: celulose microcristalina, fosfato tric\u00e1lcico, di\u00f3xido de sil\u00edcio, lubrificante silicato de magn\u00e9sio.<\/p>\n<p>C\u00e1psula: gelatina vegetariana e \u00e1gua.<\/p>\n<p>Apos aberto, conservar fechado em local seco e arejado.<\/p>\n<p>N\u00c3O CONT\u00c9M GL\u00daTEN.<\/p>\n<p>CARACTER\u00cdSTICAS<br \/>\nSem Gl\u00faten: Sim<br \/>\nVegano: N\u00e3o<br \/>\nLow Carb: Sim<br \/>\nOrg\u00e2nico: N\u00e3o<br \/>\nLivre Transg\u00eanicos: Sim<br \/>\nSem Lactose: Sim<br \/>\nOrigem: Nacional<br \/>\nGranel: N\u00e3o<\/p>\n","protected":false},"excerpt":{"rendered":"<p>O Cloreto de Magn\u00e9sio P.a. + Vitamina B6 \u00e9 composto por c\u00e1psula 100% vegetal e o conte\u00fado tamb\u00e9m \u00e9 vegano. \u00c9 um produto com cloreto de magn\u00e9sio e vitamina B6.<\/p>\n<p>Sugest\u00e3o de uso: Sugere-se a ingest\u00e3o de 3 c\u00e1psulas ao dia ap\u00f3s a refei\u00e7\u00e3o. O consumo desse produto deve ser acompanhado da ingest\u00e3o de muito l\u00edquido.<\/p>\n<p>&#8211; livre de gl\u00faten<\/p>\n<p>&#8211; Sem lactose<\/p>\n<p>Gostou? Fa\u00e7a sua compra agora e receba com todo conforto na sua casa ou trabalho.<\/p>\n","protected":false},"featured_media":643,"comment_status":"open","ping_status":"closed","template":"","meta":[],"product_cat":[37],"product_tag":[],"class_list":{"0":"post-642","1":"product","2":"type-product","3":"status-publish","4":"has-post-thumbnail","6":"product_cat-suplementos","8":"first","9":"instock","10":"shipping-taxable","11":"product-type-simple"},"supplier_id":null,"supplier_sku":"","barcode":null,"atum_controlled":true,"out_stock_date":null,"out_stock_threshold":null,"inheritable":false,"inbound_stock":null,"stock_on_hold":0,"sold_today":0,"sales_last_days":0,"reserved_stock":null,"customer_returns":null,"warehouse_damage":null,"lost_in_post":null,"other_logs":null,"out_stock_days":0,"lost_sales":0,"has_location":null,"update_date":"2026-04-22T12:24:26","atum_locations":[],"atum_stock_status":"instock","restock_status":false,"low_stock_amount":"","sales_update_date":"2026-04-22T12:24:26","calc_backorders":null,"_links":{"self":[{"href":"https:\/\/emporiodoturquinho.com.br\/index.php?rest_route=\/wp\/v2\/product\/642","targetHints":{"allow":["GET"]}}],"collection":[{"href":"https:\/\/emporiodoturquinho.com.br\/index.php?rest_route=\/wp\/v2\/product"}],"about":[{"href":"https:\/\/emporiodoturquinho.com.br\/index.php?rest_route=\/wp\/v2\/types\/product"}],"replies":[{"embeddable":true,"href":"https:\/\/emporiodoturquinho.com.br\/index.php?rest_route=%2Fwp%2Fv2%2Fcomments&post=642"}],"wp:featuredmedia":[{"embeddable":true,"href":"https:\/\/emporiodoturquinho.com.br\/index.php?rest_route=\/wp\/v2\/media\/643"}],"wp:attachment":[{"href":"https:\/\/emporiodoturquinho.com.br\/index.php?rest_route=%2Fwp%2Fv2%2Fmedia&parent=642"}],"wp:term":[{"taxonomy":"product_cat","embeddable":true,"href":"https:\/\/emporiodoturquinho.com.br\/index.php?rest_route=%2Fwp%2Fv2%2Fproduct_cat&post=642"},{"taxonomy":"product_tag","embeddable":true,"href":"https:\/\/emporiodoturquinho.com.br\/index.php?rest_route=%2Fwp%2Fv2%2Fproduct_tag&post=642"}],"curies":[{"name":"wp","href":"https:\/\/api.w.org\/{rel}","templated":true}]}}