{"id":640,"date":"2024-01-26T10:27:22","date_gmt":"2024-01-26T13:27:22","guid":{"rendered":"http:\/\/emporiodoturquinho.com.br\/?post_type=product&#038;p=640"},"modified":"2024-01-26T10:27:22","modified_gmt":"2024-01-26T13:27:22","slug":"alcachofra-beringela-unilife-60-caps","status":"publish","type":"product","link":"https:\/\/emporiodoturquinho.com.br\/?product=alcachofra-beringela-unilife-60-caps","title":{"rendered":"ALCACHOFRA + BERINGELA UNILIFE 60 C\u00c1PS"},"content":{"rendered":"<p>VALORES NUTRICIONAIS Conhe\u00e7a os valores nutricionais deste produto<br \/>\nQuantidade por por\u00e7\u00e3o de 1.6g (4 Unidades) %VD(*)<br \/>\nValor Energ\u00e9tico 3Kcal=12.6KJ 0<br \/>\nCarboidratos 0.8g 0<br \/>\nProte\u00ednas 0g 0<br \/>\nGorduras Totais 0g 0<br \/>\nGorduras Saturadas 0g 0<br \/>\nGorduras Trans 0g **<br \/>\nFibra Alimentar 0.3g 1<br \/>\nS\u00f3dio 0.3mg 0<br \/>\nIngredientes: Berinjela em p\u00f3 e alcachofra em p\u00f3.<\/p>\n<p>C\u00e1psula: gelatina vegetal e \u00e1gua.<\/p>\n<p>Apos aberto, conservar fechado em local seco e arejado.<\/p>\n<p>N\u00c3O CONT\u00c9M GL\u00daTEN.<\/p>\n<p>CARACTER\u00cdSTICAS<br \/>\nSem Gl\u00faten: Sim<br \/>\nVegano: N\u00e3o<br \/>\nLow Carb: Sim<br \/>\nOrg\u00e2nico: N\u00e3o<br \/>\nLivre Transg\u00eanicos: Sim<br \/>\nSem Lactose: Sim<br \/>\nOrigem: Nacional<br \/>\nGranel: N\u00e3o<\/p>\n","protected":false},"excerpt":{"rendered":"<p>A Alcachofra com Berinjela &#8211; Unilife &#8211; 60 C\u00e1psulas de 400mg possui in\u00fameros benef\u00edcios \u00e0 sa\u00fade. A berinjela \u00e9 um alimento rico em fibras, e a alcachofra tem a\u00e7\u00e3o antioxidante. Os dois apresentam propriedadesa diur\u00e9ticas.<\/p>\n<p>Quais os benef\u00edcios das C\u00e1psulas de Alcachofra com Berinjela?<br \/>\nO Suplemento Alimentos de Alcachofra com Berinjela \u00e9 de origem totalmente natural, trazendo todos os benef\u00edcios da berinjela e da alcachofra.<\/p>\n<p>Benef\u00edcios:<\/p>\n<p>100% Natural;<br \/>\nVegano;<br \/>\nSem gl\u00faten;<br \/>\nSem adi\u00e7\u00e3o de a\u00e7ucares;<\/p>\n<p>Gostou? Fa\u00e7a sua compra agora e receba com todo conforto na sua casa ou trabalho.<\/p>\n","protected":false},"featured_media":641,"comment_status":"open","ping_status":"closed","template":"","meta":[],"product_cat":[37],"product_tag":[],"class_list":{"0":"post-640","1":"product","2":"type-product","3":"status-publish","4":"has-post-thumbnail","6":"product_cat-suplementos","8":"first","9":"instock","10":"shipping-taxable","11":"product-type-simple"},"supplier_id":null,"supplier_sku":"","barcode":null,"atum_controlled":true,"out_stock_date":null,"out_stock_threshold":null,"inheritable":false,"inbound_stock":0,"stock_on_hold":0,"sold_today":0,"sales_last_days":0,"reserved_stock":0,"customer_returns":0,"warehouse_damage":0,"lost_in_post":0,"other_logs":0,"out_stock_days":0,"lost_sales":0,"has_location":false,"update_date":"2026-04-22T12:24:26","atum_locations":[],"atum_stock_status":"instock","restock_status":false,"low_stock_amount":"","sales_update_date":"2026-04-22T12:24:26","calc_backorders":null,"_links":{"self":[{"href":"https:\/\/emporiodoturquinho.com.br\/index.php?rest_route=\/wp\/v2\/product\/640","targetHints":{"allow":["GET"]}}],"collection":[{"href":"https:\/\/emporiodoturquinho.com.br\/index.php?rest_route=\/wp\/v2\/product"}],"about":[{"href":"https:\/\/emporiodoturquinho.com.br\/index.php?rest_route=\/wp\/v2\/types\/product"}],"replies":[{"embeddable":true,"href":"https:\/\/emporiodoturquinho.com.br\/index.php?rest_route=%2Fwp%2Fv2%2Fcomments&post=640"}],"wp:featuredmedia":[{"embeddable":true,"href":"https:\/\/emporiodoturquinho.com.br\/index.php?rest_route=\/wp\/v2\/media\/641"}],"wp:attachment":[{"href":"https:\/\/emporiodoturquinho.com.br\/index.php?rest_route=%2Fwp%2Fv2%2Fmedia&parent=640"}],"wp:term":[{"taxonomy":"product_cat","embeddable":true,"href":"https:\/\/emporiodoturquinho.com.br\/index.php?rest_route=%2Fwp%2Fv2%2Fproduct_cat&post=640"},{"taxonomy":"product_tag","embeddable":true,"href":"https:\/\/emporiodoturquinho.com.br\/index.php?rest_route=%2Fwp%2Fv2%2Fproduct_tag&post=640"}],"curies":[{"name":"wp","href":"https:\/\/api.w.org\/{rel}","templated":true}]}}