{"id":634,"date":"2024-01-26T10:19:24","date_gmt":"2024-01-26T13:19:24","guid":{"rendered":"http:\/\/emporiodoturquinho.com.br\/?post_type=product&#038;p=634"},"modified":"2024-01-26T10:19:24","modified_gmt":"2024-01-26T13:19:24","slug":"castanha-do-para-drageada-com-chocolate","status":"publish","type":"product","link":"https:\/\/emporiodoturquinho.com.br\/?product=castanha-do-para-drageada-com-chocolate","title":{"rendered":"CASTANHA DO PAR\u00c1 DRAGEADA COM CHOCOLATE"},"content":{"rendered":"<p>VALORES NUTRICIONAIS Conhe\u00e7a os valores nutricionais deste produto<br \/>\nQuantidade por por\u00e7\u00e3o de 25g (3 Unidades) %VD(*)<br \/>\nValor Energ\u00e9tico 143Kcal=599kJ 7<br \/>\nCarboidratos 11g 4<br \/>\nProte\u00ednas 2.5g 3<br \/>\nGorduras Totais 10g 19<br \/>\nGorduras Saturadas 4.4g 20<br \/>\nGorduras Trans 0g **<br \/>\nFibra Alimentar 1.4g 6<br \/>\nS\u00f3dio 7.6mg 0<br \/>\n(*)% Valores Di\u00e1rios de refer\u00eancia com base em uma dieta de 2.000 kcal ou 8.400 kJ. Seus valores di\u00e1rios podem ser maiores ou menores dependendo de suas necessidades energ\u00e9ticas.<\/p>\n<p>Ingrediente(s): Castanha do Par\u00e1, massa de cacau, maltitol, gordura vegetal, leite em p\u00f3 integral, leite em p\u00f3 desnatado, soro de leite, lecitina de soja (INS322), poliglicerol poliricinoleato (INS476).<\/p>\n<p>Ap\u00f3s abertura da embalagem, mantenha bem fechada, armazenando-a em local fresco e seco.<\/p>\n<p>AL\u00c9RGICOS: PODE CONTER TRA\u00c7OS DE SOJA, NOZES, CASTANHAS E AMENDOINS.<\/p>\n<p>N\u00c3O CONT\u00c9M GL\u00daTEN.<\/p>\n<p>CONT\u00c9M LACTOSE.<\/p>\n<p>CARACTER\u00cdSTICAS<br \/>\nSem Gl\u00faten: N\u00e3o<br \/>\nVegano: N\u00e3o<br \/>\nLow Carb: N\u00e3o<br \/>\nOrg\u00e2nico: N\u00e3o<br \/>\nLivre Transg\u00eanicos: Sim<br \/>\nSem Lactose: N\u00e3o<br \/>\nOrigem: Nacional<br \/>\nGranel: Sim<\/p>\n","protected":false},"excerpt":{"rendered":"<p>Castanha do Par\u00e1 drageada com chocolate belga 70%, \u00e9 uma iguaria preparada com a oleaginosa e uma camada deliciosa de chocolate belga, com aroma e sabor irresist\u00edveis.<\/p>\n<p>Quais os Benef\u00edcios e Propriedades da Castanha do Par\u00e1?<br \/>\nA castanha-do-par\u00e1 fortalece o sistema imune, possui propriedades antioxidantes, ajuda a diminuir inflama\u00e7\u00f5es, protege o organismo contra infec\u00e7\u00f5es e previne de gripe e resfriado comuns.<\/p>\n<p>Por conta das vitaminas A, E e B1, esse fruto tem um poderoso efeito antienvelhecimento e atua na produ\u00e7\u00e3o de col\u00e1geno, que traz firmeza e suavidade \u00e0 pele.<\/p>\n<p>Seus nutrientes tamb\u00e9m auxiliam no controle do colesterol ruim (LDL), reduzindo o n\u00edvel de triglicer\u00eddios e abaixando a press\u00e3o arterial.<\/p>\n<p>A castanha-do-par\u00e1 \u00e9 capaz de neutralizar a presen\u00e7a dos radicais livres.<\/p>\n<p>Como consumir a Castanha do Par\u00e1?<br \/>\nO consumo das castanhas-do-par\u00e1 pode ser feito in natura como um snack saud\u00e1vel e para preparo de bolos, tortas, p\u00e3es, saladas de verduras e legumes, al\u00e9m de outros doces.<\/p>\n<p>Gostou? Fa\u00e7a sua compra agora e receba com todo conforto na sua casa ou trabalho.<\/p>\n","protected":false},"featured_media":635,"comment_status":"open","ping_status":"closed","template":"","meta":[],"product_cat":[22],"product_tag":[],"class_list":{"0":"post-634","1":"product","2":"type-product","3":"status-publish","4":"has-post-thumbnail","6":"product_cat-oleaginosas","8":"first","9":"instock","10":"shipping-taxable","11":"product-type-simple"},"supplier_id":null,"supplier_sku":"","barcode":null,"atum_controlled":true,"out_stock_date":null,"out_stock_threshold":null,"inheritable":false,"inbound_stock":null,"stock_on_hold":0,"sold_today":0,"sales_last_days":0,"reserved_stock":null,"customer_returns":null,"warehouse_damage":null,"lost_in_post":null,"other_logs":null,"out_stock_days":0,"lost_sales":0,"has_location":null,"update_date":"2026-04-22T12:24:25","atum_locations":[],"atum_stock_status":"instock","restock_status":false,"low_stock_amount":"","sales_update_date":"2026-04-22T12:24:25","calc_backorders":null,"_links":{"self":[{"href":"https:\/\/emporiodoturquinho.com.br\/index.php?rest_route=\/wp\/v2\/product\/634","targetHints":{"allow":["GET"]}}],"collection":[{"href":"https:\/\/emporiodoturquinho.com.br\/index.php?rest_route=\/wp\/v2\/product"}],"about":[{"href":"https:\/\/emporiodoturquinho.com.br\/index.php?rest_route=\/wp\/v2\/types\/product"}],"replies":[{"embeddable":true,"href":"https:\/\/emporiodoturquinho.com.br\/index.php?rest_route=%2Fwp%2Fv2%2Fcomments&post=634"}],"wp:featuredmedia":[{"embeddable":true,"href":"https:\/\/emporiodoturquinho.com.br\/index.php?rest_route=\/wp\/v2\/media\/635"}],"wp:attachment":[{"href":"https:\/\/emporiodoturquinho.com.br\/index.php?rest_route=%2Fwp%2Fv2%2Fmedia&parent=634"}],"wp:term":[{"taxonomy":"product_cat","embeddable":true,"href":"https:\/\/emporiodoturquinho.com.br\/index.php?rest_route=%2Fwp%2Fv2%2Fproduct_cat&post=634"},{"taxonomy":"product_tag","embeddable":true,"href":"https:\/\/emporiodoturquinho.com.br\/index.php?rest_route=%2Fwp%2Fv2%2Fproduct_tag&post=634"}],"curies":[{"name":"wp","href":"https:\/\/api.w.org\/{rel}","templated":true}]}}