{"id":632,"date":"2024-01-26T10:18:00","date_gmt":"2024-01-26T13:18:00","guid":{"rendered":"http:\/\/emporiodoturquinho.com.br\/?post_type=product&#038;p=632"},"modified":"2024-01-26T10:18:00","modified_gmt":"2024-01-26T13:18:00","slug":"castanha-de-caju-torrada-sem-sal","status":"publish","type":"product","link":"https:\/\/emporiodoturquinho.com.br\/?product=castanha-de-caju-torrada-sem-sal","title":{"rendered":"CASTANHA DE CAJU TORRADA SEM SAL"},"content":{"rendered":"<p>VALORES NUTRICIONAIS Conhe\u00e7a os valores nutricionais deste produto<br \/>\nQuantidade por por\u00e7\u00e3o de 15g (1 Colher de Sopa) %VD(*)<br \/>\nValor Energ\u00e9tico 87Kcal=364KJ 4<br \/>\nCarboidratos 4.5g 2<br \/>\nProte\u00ednas 2.5g 3<br \/>\nGorduras Totais 7.2g 13<br \/>\nGorduras Saturadas 1.3g 6<br \/>\nGorduras Trans 0g &#8211;<br \/>\nFibra Alimentar 0.5g 2<br \/>\nS\u00f3dio 0mg 0<br \/>\n(*)% Valores Di\u00e1rios de refer\u00eancia com base em uma dieta de 2.000 kcal ou 8.400 kJ. Seus valores di\u00e1rios podem ser maiores ou menores dependendo de suas necessidades energ\u00e9ticas.<\/p>\n<p>Ingredientes: Castanha de caju w1.<\/p>\n<p>AL\u00c9RGICOS: PODE CONTER TRA\u00c7OS SOJA, NOZES, CASTANHAS E AMENDOINS.<\/p>\n<p>N\u00c3O CONT\u00c9M GL\u00daTEN.<\/p>\n<p>CARACTER\u00cdSTICAS<br \/>\nSem Gl\u00faten: Sim<br \/>\nVegano: Sim<br \/>\nLow Carb: Sim<br \/>\nOrg\u00e2nico: N\u00e3o<br \/>\nLivre Transg\u00eanicos: Sim<br \/>\nSem Lactose: Sim<br \/>\nOrigem: Nacional<br \/>\nGranel: Sim<\/p>\n","protected":false},"excerpt":{"rendered":"<p>A Castanha de Caju \u00e9 uma excelente fonte de gorduras boas, vitaminas e minerais: ferro, c\u00e1lcio e f\u00f3sforo. Estudos americanos recentes atestam que a Castanha de Caju \u00e9 altamente ben\u00e9fica, sua composi\u00e7\u00e3o qu\u00edmica cont\u00e9m sete amino\u00e1cidos essenciais que o organismo n\u00e3o consegue produzir.<\/p>\n<p>O que \u00e9 a Castanha de Caj\u00fa w1?<br \/>\nDentre todos os tipos de Castanha de Caju, a W1 \u00e9 a de mais alta qualidade, com baixo \u00edndice de castanhas quebradas e sem manchas.<\/p>\n<p>Sugest\u00e3o de consumo da Castanha de Caju<br \/>\nAs Castanhas de Caju podem ser inclu\u00eddas em pequenas por\u00e7\u00f5es entre as refei\u00e7\u00f5es. Na salada de frutas, bolos, tortas, p\u00e3es e doces. Procure sempre um profissional nutricionista para indicar as quantidades adequadas de consumo.<\/p>\n<p>Gostou? Fa\u00e7a sua compra agora e receba com todo conforto na sua casa ou trabalho.<\/p>\n","protected":false},"featured_media":633,"comment_status":"open","ping_status":"closed","template":"","meta":[],"product_cat":[22],"product_tag":[],"class_list":{"0":"post-632","1":"product","2":"type-product","3":"status-publish","4":"has-post-thumbnail","6":"product_cat-oleaginosas","8":"first","9":"instock","10":"shipping-taxable","11":"product-type-simple"},"supplier_id":null,"supplier_sku":"","barcode":null,"atum_controlled":true,"out_stock_date":null,"out_stock_threshold":null,"inheritable":false,"inbound_stock":null,"stock_on_hold":0,"sold_today":0,"sales_last_days":0,"reserved_stock":null,"customer_returns":null,"warehouse_damage":null,"lost_in_post":null,"other_logs":null,"out_stock_days":0,"lost_sales":0,"has_location":null,"update_date":"2026-04-22T12:24:25","atum_locations":[],"atum_stock_status":"instock","restock_status":false,"low_stock_amount":"","sales_update_date":"2026-04-22T12:24:25","calc_backorders":null,"_links":{"self":[{"href":"https:\/\/emporiodoturquinho.com.br\/index.php?rest_route=\/wp\/v2\/product\/632","targetHints":{"allow":["GET"]}}],"collection":[{"href":"https:\/\/emporiodoturquinho.com.br\/index.php?rest_route=\/wp\/v2\/product"}],"about":[{"href":"https:\/\/emporiodoturquinho.com.br\/index.php?rest_route=\/wp\/v2\/types\/product"}],"replies":[{"embeddable":true,"href":"https:\/\/emporiodoturquinho.com.br\/index.php?rest_route=%2Fwp%2Fv2%2Fcomments&post=632"}],"wp:featuredmedia":[{"embeddable":true,"href":"https:\/\/emporiodoturquinho.com.br\/index.php?rest_route=\/wp\/v2\/media\/633"}],"wp:attachment":[{"href":"https:\/\/emporiodoturquinho.com.br\/index.php?rest_route=%2Fwp%2Fv2%2Fmedia&parent=632"}],"wp:term":[{"taxonomy":"product_cat","embeddable":true,"href":"https:\/\/emporiodoturquinho.com.br\/index.php?rest_route=%2Fwp%2Fv2%2Fproduct_cat&post=632"},{"taxonomy":"product_tag","embeddable":true,"href":"https:\/\/emporiodoturquinho.com.br\/index.php?rest_route=%2Fwp%2Fv2%2Fproduct_tag&post=632"}],"curies":[{"name":"wp","href":"https:\/\/api.w.org\/{rel}","templated":true}]}}