{"id":624,"date":"2024-01-26T10:10:43","date_gmt":"2024-01-26T13:10:43","guid":{"rendered":"http:\/\/emporiodoturquinho.com.br\/?post_type=product&#038;p=624"},"modified":"2024-01-26T10:10:43","modified_gmt":"2024-01-26T13:10:43","slug":"avela-turca-torrada-sem-casca","status":"publish","type":"product","link":"https:\/\/emporiodoturquinho.com.br\/?product=avela-turca-torrada-sem-casca","title":{"rendered":"AVEL\u00c1 TURCA TORRADA SEM CASCA"},"content":{"rendered":"<p>VALORES NUTRICIONAIS Conhe\u00e7a os valores nutricionais deste produto<br \/>\nQuantidade por por\u00e7\u00e3o de 15g (1 e 1\/4 colher de sopa) %VD(*)<br \/>\nValor Energ\u00e9tico 85Kcal=356kJ 4<br \/>\nCarboidratos 2.2g 1<br \/>\nProte\u00ednas 1.8g 2<br \/>\nGorduras Totais 7.7g 14<br \/>\nGorduras Saturadas 0.6g 3<br \/>\nGorduras Trans 0g **<br \/>\nFibra Alimentar 1.3g 5<br \/>\nS\u00f3dio 0mg 0<br \/>\n(*)% Valores Di\u00e1rios de refer\u00eancia com base em uma dieta de 2.000 kcal ou 8.400 kJ. Seus valores di\u00e1rios podem ser maiores ou menores dependendo de suas necessidades energ\u00e9ticas.<\/p>\n<p>Ingrediente(s): Avel\u00e3 torrada com pele e sem casca.<\/p>\n<p>Ap\u00f3s abertura da embalagem, mantenha bem fechada, armazenando-a em local fresco e seco.<\/p>\n<p>AL\u00c9RGICOS: PODE CONTER TRA\u00c7OS SOJA, NOZES, CASTANHAS E AMENDOINS.<\/p>\n<p>N\u00c3O CONT\u00c9M GL\u00daTEN.<\/p>\n<p>CARACTER\u00cdSTICAS<br \/>\nSem Gl\u00faten: Sim<br \/>\nVegano: Sim<br \/>\nLow Carb: Sim<br \/>\nOrg\u00e2nico: N\u00e3o<br \/>\nLivre Transg\u00eanicos: Sim<br \/>\nSem Lactose: Sim<br \/>\nOrigem: Importado<br \/>\nGranel: Sim<\/p>\n","protected":false},"excerpt":{"rendered":"<p>A avel\u00e3 torrada \u00e9 rica em prote\u00ednas e gorduras boas. Se forem raladas, trituradas ou mo\u00eddas, podem ser melhor aproveitadas, pois assim cumprem uma tarefa significativa no \u00e2mbito da nutri\u00e7\u00e3o. Possui quantidade significativa de pot\u00e1ssio, f\u00f3sforo, ferro, magn\u00e9sio e vitaminas A, E, B1, B2 e C. Por apresentar alta quantidade de vitamina B1 e possuir f\u00f3sforo, \u00e9 excelente para a mem\u00f3ria.<\/p>\n<p>Posso consumir a avel\u00e3 torrada como aperitivo?<br \/>\nSim, a avel\u00e3 torrada \u00e9 justamente indicada para consumo como aperitivo, misturar \u00e0s saladas, granolas, etc. J\u00e1 a avel\u00e3 crua \u00e9 mais indicada para o preparo de receitas.<\/p>\n<p>Como consumir a avel\u00e3 torrada?<br \/>\nCerca de 4 unidades por dia, por\u00e9m pode mudar dependendo de cada caso, objetivo e necessidade, sendo recomendado procurar um nutricionista para identificar a quantidade correta para cada caso.<\/p>\n<p>Gostou? Fa\u00e7a sua compra agora e receba com todo conforto na sua casa ou trabalho.<\/p>\n","protected":false},"featured_media":625,"comment_status":"open","ping_status":"closed","template":"","meta":[],"product_cat":[22],"product_tag":[],"class_list":{"0":"post-624","1":"product","2":"type-product","3":"status-publish","4":"has-post-thumbnail","6":"product_cat-oleaginosas","8":"first","9":"instock","10":"shipping-taxable","11":"product-type-simple"},"supplier_id":null,"supplier_sku":"","barcode":null,"atum_controlled":true,"out_stock_date":null,"out_stock_threshold":null,"inheritable":false,"inbound_stock":null,"stock_on_hold":0,"sold_today":0,"sales_last_days":0,"reserved_stock":null,"customer_returns":null,"warehouse_damage":null,"lost_in_post":null,"other_logs":null,"out_stock_days":0,"lost_sales":0,"has_location":null,"update_date":"2026-04-22T12:24:25","atum_locations":[],"atum_stock_status":"instock","restock_status":false,"low_stock_amount":"","sales_update_date":"2026-04-22T12:24:25","calc_backorders":null,"_links":{"self":[{"href":"https:\/\/emporiodoturquinho.com.br\/index.php?rest_route=\/wp\/v2\/product\/624","targetHints":{"allow":["GET"]}}],"collection":[{"href":"https:\/\/emporiodoturquinho.com.br\/index.php?rest_route=\/wp\/v2\/product"}],"about":[{"href":"https:\/\/emporiodoturquinho.com.br\/index.php?rest_route=\/wp\/v2\/types\/product"}],"replies":[{"embeddable":true,"href":"https:\/\/emporiodoturquinho.com.br\/index.php?rest_route=%2Fwp%2Fv2%2Fcomments&post=624"}],"wp:featuredmedia":[{"embeddable":true,"href":"https:\/\/emporiodoturquinho.com.br\/index.php?rest_route=\/wp\/v2\/media\/625"}],"wp:attachment":[{"href":"https:\/\/emporiodoturquinho.com.br\/index.php?rest_route=%2Fwp%2Fv2%2Fmedia&parent=624"}],"wp:term":[{"taxonomy":"product_cat","embeddable":true,"href":"https:\/\/emporiodoturquinho.com.br\/index.php?rest_route=%2Fwp%2Fv2%2Fproduct_cat&post=624"},{"taxonomy":"product_tag","embeddable":true,"href":"https:\/\/emporiodoturquinho.com.br\/index.php?rest_route=%2Fwp%2Fv2%2Fproduct_tag&post=624"}],"curies":[{"name":"wp","href":"https:\/\/api.w.org\/{rel}","templated":true}]}}