{"id":616,"date":"2024-01-26T10:05:55","date_gmt":"2024-01-26T13:05:55","guid":{"rendered":"http:\/\/emporiodoturquinho.com.br\/?post_type=product&#038;p=616"},"modified":"2024-01-26T10:05:55","modified_gmt":"2024-01-26T13:05:55","slug":"amendoim-sem-pele-torrado-e-salgado","status":"publish","type":"product","link":"https:\/\/emporiodoturquinho.com.br\/?product=amendoim-sem-pele-torrado-e-salgado","title":{"rendered":"AMENDOIM SEM PELE TORRADO E SALGADO"},"content":{"rendered":"<p>VALORES NUTRICIONAIS Conhe\u00e7a os valores nutricionais deste produto<br \/>\nQuantidade por por\u00e7\u00e3o de 15g (1 Colher de Sopa) %VD(*)<br \/>\nValor Energ\u00e9tico 90Kcal=378kJ 5<br \/>\nCarboidratos 2g 1<br \/>\nProte\u00ednas 3.5g 5<br \/>\nGorduras Totais 7g 13<br \/>\nGorduras Saturadas 1.1g 5<br \/>\nGorduras Trans 0g **<br \/>\nFibra Alimentar 1g 4<br \/>\nS\u00f3dio 47mg 2<br \/>\n(*)% Valores Di\u00e1rios de refer\u00eancia com base em uma dieta de 2.000 kcal ou 8.400 kJ. Seus valores di\u00e1rios podem ser maiores ou menores dependendo de suas necessidades energ\u00e9ticas.<br \/>\nIngredientes: Amendoim.<\/p>\n<p>Ap\u00f3s abertura da embalagem, mantenha bem fechada, armazenando-a em local fresco e seco.<\/p>\n<p>AL\u00c9RGICOS: PODE CONTER TRA\u00c7OS DE SOJA, NOZES, CASTANHAS E AMENDOINS.<\/p>\n<p>N\u00c3O CONT\u00c9M GL\u00daTEN.<\/p>\n<p>CARACTER\u00cdSTICAS<br \/>\nSem Gl\u00faten: Sim<br \/>\nVegano: Sim<br \/>\nLow Carb: Sim<br \/>\nOrg\u00e2nico: N\u00e3o<br \/>\nLivre Transg\u00eanicos: Sim<br \/>\nSem Lactose: Sim<br \/>\nOrigem: Nacional<br \/>\nGranel: Sim<\/p>\n","protected":false},"excerpt":{"rendered":"<p>O Amendoim \u00e9 um fruto seco, com perfil nutricional altamente saud\u00e1vel e \u00e9 alimento rico em calorias; portanto, \u00e9 mais saud\u00e1vel quando desfrutado com modera\u00e7\u00e3o. A mistura de gorduras saud\u00e1veis, prote\u00ednas e fibras dos amendoins significa que eles fazem a pessoa se sentir mais satisfeita por mais tempo. Isso faz do amendoim um lanche saud\u00e1vel quando as pessoas os comparam com batatas fritas, biscoitos e outros alimentos carregados de gorduras saturadas, frituras, corantes e conservantes, por exemplo.<\/p>\n<p>Quais os benef\u00edcios do Amendoim?<br \/>\nComo j\u00e1 sabemos, o Amendoim \u00e9 um alimento altamente nutritivo e carregado de benef\u00edcios.<\/p>\n<p>Dentre eles destacam:<br \/>\nFornecimento de grande quantidade de nutrientes.<br \/>\nTem efeito antioxidante nas membranas celulares.<br \/>\nContribui melhorando a s\u00edntese de prote\u00ednas.<br \/>\nAjuda a refor\u00e7ar os valores de \u00e1cido f\u00f3lico e \u00e9 ideal para mulheres gr\u00e1vidas, desde que seja consumido moderadamente.<\/p>\n<p>Gostou? Fa\u00e7a sua compra agora e receba com todo conforto na sua casa ou trabalho.<\/p>\n","protected":false},"featured_media":617,"comment_status":"open","ping_status":"closed","template":"","meta":[],"product_cat":[22],"product_tag":[],"class_list":{"0":"post-616","1":"product","2":"type-product","3":"status-publish","4":"has-post-thumbnail","6":"product_cat-oleaginosas","8":"first","9":"instock","10":"shipping-taxable","11":"product-type-simple"},"supplier_id":null,"supplier_sku":"","barcode":null,"atum_controlled":true,"out_stock_date":null,"out_stock_threshold":null,"inheritable":false,"inbound_stock":null,"stock_on_hold":0,"sold_today":0,"sales_last_days":0,"reserved_stock":null,"customer_returns":null,"warehouse_damage":null,"lost_in_post":null,"other_logs":null,"out_stock_days":0,"lost_sales":0,"has_location":null,"update_date":"2026-04-05T10:53:01","atum_locations":[],"atum_stock_status":"instock","restock_status":false,"low_stock_amount":"","sales_update_date":"2026-04-05T10:53:01","calc_backorders":null,"_links":{"self":[{"href":"https:\/\/emporiodoturquinho.com.br\/index.php?rest_route=\/wp\/v2\/product\/616","targetHints":{"allow":["GET"]}}],"collection":[{"href":"https:\/\/emporiodoturquinho.com.br\/index.php?rest_route=\/wp\/v2\/product"}],"about":[{"href":"https:\/\/emporiodoturquinho.com.br\/index.php?rest_route=\/wp\/v2\/types\/product"}],"replies":[{"embeddable":true,"href":"https:\/\/emporiodoturquinho.com.br\/index.php?rest_route=%2Fwp%2Fv2%2Fcomments&post=616"}],"wp:featuredmedia":[{"embeddable":true,"href":"https:\/\/emporiodoturquinho.com.br\/index.php?rest_route=\/wp\/v2\/media\/617"}],"wp:attachment":[{"href":"https:\/\/emporiodoturquinho.com.br\/index.php?rest_route=%2Fwp%2Fv2%2Fmedia&parent=616"}],"wp:term":[{"taxonomy":"product_cat","embeddable":true,"href":"https:\/\/emporiodoturquinho.com.br\/index.php?rest_route=%2Fwp%2Fv2%2Fproduct_cat&post=616"},{"taxonomy":"product_tag","embeddable":true,"href":"https:\/\/emporiodoturquinho.com.br\/index.php?rest_route=%2Fwp%2Fv2%2Fproduct_tag&post=616"}],"curies":[{"name":"wp","href":"https:\/\/api.w.org\/{rel}","templated":true}]}}