{"id":603,"date":"2024-01-26T09:56:06","date_gmt":"2024-01-26T12:56:06","guid":{"rendered":"http:\/\/emporiodoturquinho.com.br\/?post_type=product&#038;p=603"},"modified":"2024-01-26T09:56:06","modified_gmt":"2024-01-26T12:56:06","slug":"amendoim-japones","status":"publish","type":"product","link":"https:\/\/emporiodoturquinho.com.br\/?product=amendoim-japones","title":{"rendered":"AMENDOIM JAPON\u00caS"},"content":{"rendered":"<p>VALORES NUTRICIONAIS Conhe\u00e7a os valores nutricionais deste produto<br \/>\nQuantidade por por\u00e7\u00e3o de 15g (1 Colher de Sopa) %VD(*)<br \/>\nValor energ\u00e9tico 113Kcal=472KJ 5.6<br \/>\nCarboidratos 10.7g 3.6<br \/>\nProte\u00ednas 4.4g 5.9<br \/>\nGorduras Totais 6.4g 11.6<br \/>\nGorduras Saturadas 1.3g 5.9<br \/>\nGorduras Trans 0g **<br \/>\nFibra Alimentar 1.3g 5.2<br \/>\nS\u00f3dio 308mg 12.8<br \/>\n(*)% Valores Di\u00e1rios de refer\u00eancia com base em uma dieta de 2.000 kcal ou 8.400 kJ. Seus valores di\u00e1rios podem ser maiores ou menores dependendo de suas necessidades energ\u00e9ticas.<\/p>\n<p>Ingredientes: Amendoim, farinha de trigo enriquecida com ferro e \u00e1cido f\u00f3lico, a\u00e7\u00facar, amido de milho, sal, amido de milho modificado, molho de soja, gordura vegetal e glutamato monoss\u00f3dico.<\/p>\n<p>Ap\u00f3s abertura da embalagem, mantenha bem fechada, armazenando-a em local fresco e seco.<\/p>\n<p>AL\u00c9RGICOS: PODE CONTER TRA\u00c7OS DE TRIGO, SOJA, NOZES, CASTANHAS E AMENDOINS.<\/p>\n<p>CONT\u00c9M GL\u00daTEN.<\/p>\n<p>CARACTER\u00cdSTICAS<br \/>\nSem Gl\u00faten: N\u00e3o<br \/>\nVegano: Sim<br \/>\nLow Carb: N\u00e3o<br \/>\nOrg\u00e2nico: N\u00e3o<br \/>\nLivre Transg\u00eanicos: N\u00e3o<br \/>\nSem Lactose: Sim<br \/>\nOrigem: Nacional<br \/>\nGranel: Sim<\/p>\n","protected":false},"excerpt":{"rendered":"<p>O Amendoim Japon\u00eas \u00e9 um snack a base de amendoim, um fruto seco rico em nutrientes como prote\u00ednas e gorduras, capaz de suprir as necessidades di\u00e1rias de vitamina E, vitamina B1, vitamina B3, enxofre, s\u00f3dio, magn\u00e9sio, cobre, ferro e f\u00f3sforo.<\/p>\n<p>Quais os benef\u00edcios do Amendoim?<br \/>\nComo j\u00e1 sabemos, o Amendoim \u00e9 um alimento altamente nutritivo e carregado de benef\u00edcios.<\/p>\n<p>Dentre eles destacam:<\/p>\n<p>&#8211; Fornecimento de grande quantidade de nutrientes.<br \/>\n&#8211; Tem efeito antioxidante nas membranas celulares.<br \/>\n&#8211; Contribui melhorando a s\u00edntese de prote\u00ednas.<br \/>\n&#8211; Ajuda a refor\u00e7ar os valores de \u00e1cido f\u00f3lico e \u00e9 ideal para mulheres gr\u00e1vidas, desde que seja consumido moderadamente.<\/p>\n<p>Gostou? Fa\u00e7a sua compra agora e receba com todo conforto na sua casa ou trabalho.<\/p>\n","protected":false},"featured_media":604,"comment_status":"open","ping_status":"closed","template":"","meta":[],"product_cat":[22],"product_tag":[],"class_list":{"0":"post-603","1":"product","2":"type-product","3":"status-publish","4":"has-post-thumbnail","6":"product_cat-oleaginosas","8":"first","9":"instock","10":"shipping-taxable","11":"product-type-simple"},"supplier_id":null,"supplier_sku":"","barcode":null,"atum_controlled":true,"out_stock_date":null,"out_stock_threshold":null,"inheritable":false,"inbound_stock":null,"stock_on_hold":0,"sold_today":0,"sales_last_days":0,"reserved_stock":null,"customer_returns":null,"warehouse_damage":null,"lost_in_post":null,"other_logs":null,"out_stock_days":0,"lost_sales":0,"has_location":null,"update_date":"2026-04-05T10:53:01","atum_locations":[],"atum_stock_status":"instock","restock_status":false,"low_stock_amount":"","sales_update_date":"2026-04-05T10:53:01","calc_backorders":null,"_links":{"self":[{"href":"https:\/\/emporiodoturquinho.com.br\/index.php?rest_route=\/wp\/v2\/product\/603","targetHints":{"allow":["GET"]}}],"collection":[{"href":"https:\/\/emporiodoturquinho.com.br\/index.php?rest_route=\/wp\/v2\/product"}],"about":[{"href":"https:\/\/emporiodoturquinho.com.br\/index.php?rest_route=\/wp\/v2\/types\/product"}],"replies":[{"embeddable":true,"href":"https:\/\/emporiodoturquinho.com.br\/index.php?rest_route=%2Fwp%2Fv2%2Fcomments&post=603"}],"wp:featuredmedia":[{"embeddable":true,"href":"https:\/\/emporiodoturquinho.com.br\/index.php?rest_route=\/wp\/v2\/media\/604"}],"wp:attachment":[{"href":"https:\/\/emporiodoturquinho.com.br\/index.php?rest_route=%2Fwp%2Fv2%2Fmedia&parent=603"}],"wp:term":[{"taxonomy":"product_cat","embeddable":true,"href":"https:\/\/emporiodoturquinho.com.br\/index.php?rest_route=%2Fwp%2Fv2%2Fproduct_cat&post=603"},{"taxonomy":"product_tag","embeddable":true,"href":"https:\/\/emporiodoturquinho.com.br\/index.php?rest_route=%2Fwp%2Fv2%2Fproduct_tag&post=603"}],"curies":[{"name":"wp","href":"https:\/\/api.w.org\/{rel}","templated":true}]}}