{"id":597,"date":"2024-01-25T15:40:14","date_gmt":"2024-01-25T18:40:14","guid":{"rendered":"http:\/\/emporiodoturquinho.com.br\/?post_type=product&#038;p=597"},"modified":"2024-01-25T15:40:14","modified_gmt":"2024-01-25T18:40:14","slug":"amendoa-torrada-sem-sal","status":"publish","type":"product","link":"https:\/\/emporiodoturquinho.com.br\/?product=amendoa-torrada-sem-sal","title":{"rendered":"AM\u00caNDOA TORRADA SEM SAL"},"content":{"rendered":"<p>Quantidade por por\u00e7\u00e3o de 15g (15 Unidades) %VD(*)<br \/>\nValor Energ\u00e9tico 98Kcal=412kJ 5<br \/>\nCarboidratos 2.8g 1<br \/>\nProte\u00ednas 2.2g 3<br \/>\nGorduras Totais 9.2g 17<br \/>\nGorduras Saturadas 0g 0<br \/>\nGorduras Trans 0g **<br \/>\nFibra Alimentar 1.5g 6<br \/>\nS\u00f3dio 0mg 0<br \/>\n(*)% Valores Di\u00e1rios de refer\u00eancia com base em uma dieta de 2.000 kcal ou 8.400 kJ. Seus valores di\u00e1rios podem ser maiores ou menores dependendo de suas necessidades energ\u00e9ticas.<\/p>\n<p>Ingredientes: Am\u00eandoa.<\/p>\n<p>AL\u00c9RGICOS: PODE CONTER TRA\u00c7OS DE SOJA, NOZES, CASTANHAS E AMENDOINS.<\/p>\n<p>N\u00c3O CONT\u00c9M GL\u00daTEN.<\/p>\n<p>CARACTER\u00cdSTICAS<br \/>\nSem Gl\u00faten: Sim<br \/>\nVegano: Sim<br \/>\nLow Carb: Sim<br \/>\nOrg\u00e2nico: N\u00e3o<br \/>\nLivre Transg\u00eanicos: Sim<br \/>\nSem Lactose: Sim<br \/>\nOrigem: Importado<br \/>\nGranel: Sim<\/p>\n","protected":false},"excerpt":{"rendered":"<p>Considerada um super alimento, a am\u00eandoa vem sendo muito utilizada hoje em dia devido aos grandes benef\u00edcios que apresenta. Al\u00e9m de auxiliar na sa\u00fade da pele e do cabelo (diminuindo a queda e eliminando manchas e espinhas), essa oleaginosa tamb\u00e9m \u00e9 capaz de ajudar no controle do n\u00edvel de colesterol no organismo e combate a radicais livres.<\/p>\n<p>Benef\u00edcios: A am\u00eandoa possui vitamina E, \u00e1cido f\u00f3lico e arginina, um amino\u00e1cido prescrito para o relaxamento dos vasos e o equil\u00edbrio da press\u00e3o arterial. O percentual de prote\u00ednas da am\u00eandoa, al\u00e9m de oferecer amino\u00e1cidos essenciais, se compara ao da carne. \u00c9 um dos alimentos vegetais mais ricos em c\u00e1lcio e f\u00f3sforo.<\/p>\n<p>Gostou? Fa\u00e7a sua compra agora e receba com todo conforto na sua casa ou trabalho.<\/p>\n","protected":false},"featured_media":598,"comment_status":"open","ping_status":"closed","template":"","meta":[],"product_cat":[22],"product_tag":[],"class_list":{"0":"post-597","1":"product","2":"type-product","3":"status-publish","4":"has-post-thumbnail","6":"product_cat-oleaginosas","8":"first","9":"instock","10":"shipping-taxable","11":"product-type-simple"},"supplier_id":null,"supplier_sku":"","barcode":null,"atum_controlled":true,"out_stock_date":null,"out_stock_threshold":null,"inheritable":false,"inbound_stock":null,"stock_on_hold":0,"sold_today":0,"sales_last_days":0,"reserved_stock":null,"customer_returns":null,"warehouse_damage":null,"lost_in_post":null,"other_logs":null,"out_stock_days":0,"lost_sales":0,"has_location":null,"update_date":"2026-04-05T10:53:01","atum_locations":[],"atum_stock_status":"instock","restock_status":false,"low_stock_amount":"","sales_update_date":"2026-04-05T10:53:01","calc_backorders":null,"_links":{"self":[{"href":"https:\/\/emporiodoturquinho.com.br\/index.php?rest_route=\/wp\/v2\/product\/597","targetHints":{"allow":["GET"]}}],"collection":[{"href":"https:\/\/emporiodoturquinho.com.br\/index.php?rest_route=\/wp\/v2\/product"}],"about":[{"href":"https:\/\/emporiodoturquinho.com.br\/index.php?rest_route=\/wp\/v2\/types\/product"}],"replies":[{"embeddable":true,"href":"https:\/\/emporiodoturquinho.com.br\/index.php?rest_route=%2Fwp%2Fv2%2Fcomments&post=597"}],"wp:featuredmedia":[{"embeddable":true,"href":"https:\/\/emporiodoturquinho.com.br\/index.php?rest_route=\/wp\/v2\/media\/598"}],"wp:attachment":[{"href":"https:\/\/emporiodoturquinho.com.br\/index.php?rest_route=%2Fwp%2Fv2%2Fmedia&parent=597"}],"wp:term":[{"taxonomy":"product_cat","embeddable":true,"href":"https:\/\/emporiodoturquinho.com.br\/index.php?rest_route=%2Fwp%2Fv2%2Fproduct_cat&post=597"},{"taxonomy":"product_tag","embeddable":true,"href":"https:\/\/emporiodoturquinho.com.br\/index.php?rest_route=%2Fwp%2Fv2%2Fproduct_tag&post=597"}],"curies":[{"name":"wp","href":"https:\/\/api.w.org\/{rel}","templated":true}]}}