{"id":595,"date":"2024-01-25T15:39:26","date_gmt":"2024-01-25T18:39:26","guid":{"rendered":"http:\/\/emporiodoturquinho.com.br\/?post_type=product&#038;p=595"},"modified":"2024-01-25T15:39:26","modified_gmt":"2024-01-25T18:39:26","slug":"amendoa-laminada","status":"publish","type":"product","link":"https:\/\/emporiodoturquinho.com.br\/?product=amendoa-laminada","title":{"rendered":"AM\u00caNDOA LAMINADA"},"content":{"rendered":"<p>VALORES NUTRICIONAIS Conhe\u00e7a os valores nutricionais deste produto<br \/>\nQuantidade por por\u00e7\u00e3o de 15g (1 Colher de Sopa) %VD(*)<br \/>\nValor Energ\u00e9tico 93Kcal=391kJ 5<br \/>\nCarboidratos 3g 1<br \/>\nProte\u00ednas 3g 4<br \/>\nGorduras Totais 8g 15<br \/>\nGorduras Saturadas 1g 5<br \/>\nGorduras Trans 0g **<br \/>\nFibra Alimentar 2g 8<br \/>\nS\u00f3dio 0mg 0<br \/>\n(*)% Valores Di\u00e1rios de refer\u00eancia com base em uma dieta de 2.000 kcal ou 8.400 kJ. Seus valores di\u00e1rios podem ser maiores ou menores dependendo de suas necessidades energ\u00e9ticas.<\/p>\n<p>Ingredientes: Am\u00eandoa crua e laminada.<\/p>\n<p>AL\u00c9RGICOS: PODE CONTER TRA\u00c7OS DE SOJA, NOZES, CASTANHAS E AMENDOINS.<\/p>\n<p>N\u00c3O CONT\u00c9M GL\u00daTEN.<\/p>\n<p>CARACTER\u00cdSTICAS<br \/>\nSem Gl\u00faten: Sim<br \/>\nVegano: Sim<br \/>\nLow Carb: Sim<br \/>\nOrg\u00e2nico: N\u00e3o<br \/>\nLivre Transg\u00eanicos: Sim<br \/>\nSem Lactose: Sim<br \/>\nOrigem: Importado<br \/>\nGranel: Sim<\/p>\n","protected":false},"excerpt":{"rendered":"<p>Pertencentes \u00e0 fam\u00edlia das oleaginosas, as am\u00eandoas s\u00e3o uma esp\u00e9cie de \u00e1rvore nativa do Ir\u00e3. Est\u00e3o dispon\u00edveis em v\u00e1rias formas como inteiras, mo\u00eddas (farinha) ou fatiadas &#8211; tamb\u00e9m conhecidas como Am\u00eandoas Laminadas.<\/p>\n<p>As Am\u00eandoas Laminadas tem um potencial energ\u00e9tico apreci\u00e1vel, ou seja, 100 gramas de am\u00eandoas det\u00eam 589 calorias, um pouco menos que as nozes. Como estas frutas, a am\u00eandoa possui vitamina E, \u00e1cido f\u00f3lico e arginina, um amino\u00e1cido prescrito para o relaxamento dos vasos. O percentual de prote\u00ednas da am\u00eandoa, al\u00e9m de oferecer amino\u00e1cidos essenciais, se compara ao da carne. \u00c9 um dos alimentos vegetais mais ricos em c\u00e1lcio e f\u00f3sforo.<\/p>\n<p>Gostou? Fa\u00e7a sua compra agora e receba com todo conforto na sua casa ou trabalho.<\/p>\n","protected":false},"featured_media":596,"comment_status":"open","ping_status":"closed","template":"","meta":[],"product_cat":[22],"product_tag":[],"class_list":{"0":"post-595","1":"product","2":"type-product","3":"status-publish","4":"has-post-thumbnail","6":"product_cat-oleaginosas","8":"first","9":"instock","10":"shipping-taxable","11":"product-type-simple"},"supplier_id":null,"supplier_sku":"","barcode":null,"atum_controlled":true,"out_stock_date":null,"out_stock_threshold":null,"inheritable":false,"inbound_stock":null,"stock_on_hold":0,"sold_today":0,"sales_last_days":0,"reserved_stock":null,"customer_returns":null,"warehouse_damage":null,"lost_in_post":null,"other_logs":null,"out_stock_days":0,"lost_sales":0,"has_location":null,"update_date":"2026-04-22T12:24:25","atum_locations":[],"atum_stock_status":"instock","restock_status":false,"low_stock_amount":"","sales_update_date":"2026-04-22T12:24:25","calc_backorders":null,"_links":{"self":[{"href":"https:\/\/emporiodoturquinho.com.br\/index.php?rest_route=\/wp\/v2\/product\/595","targetHints":{"allow":["GET"]}}],"collection":[{"href":"https:\/\/emporiodoturquinho.com.br\/index.php?rest_route=\/wp\/v2\/product"}],"about":[{"href":"https:\/\/emporiodoturquinho.com.br\/index.php?rest_route=\/wp\/v2\/types\/product"}],"replies":[{"embeddable":true,"href":"https:\/\/emporiodoturquinho.com.br\/index.php?rest_route=%2Fwp%2Fv2%2Fcomments&post=595"}],"wp:featuredmedia":[{"embeddable":true,"href":"https:\/\/emporiodoturquinho.com.br\/index.php?rest_route=\/wp\/v2\/media\/596"}],"wp:attachment":[{"href":"https:\/\/emporiodoturquinho.com.br\/index.php?rest_route=%2Fwp%2Fv2%2Fmedia&parent=595"}],"wp:term":[{"taxonomy":"product_cat","embeddable":true,"href":"https:\/\/emporiodoturquinho.com.br\/index.php?rest_route=%2Fwp%2Fv2%2Fproduct_cat&post=595"},{"taxonomy":"product_tag","embeddable":true,"href":"https:\/\/emporiodoturquinho.com.br\/index.php?rest_route=%2Fwp%2Fv2%2Fproduct_tag&post=595"}],"curies":[{"name":"wp","href":"https:\/\/api.w.org\/{rel}","templated":true}]}}