{"id":591,"date":"2024-01-25T15:37:59","date_gmt":"2024-01-25T18:37:59","guid":{"rendered":"http:\/\/emporiodoturquinho.com.br\/?post_type=product&#038;p=591"},"modified":"2024-01-25T15:37:59","modified_gmt":"2024-01-25T18:37:59","slug":"amendoa-crua-sem-casca","status":"publish","type":"product","link":"https:\/\/emporiodoturquinho.com.br\/?product=amendoa-crua-sem-casca","title":{"rendered":"AM\u00caNDOA CRUA SEM CASCA"},"content":{"rendered":"<p>VALORES NUTRICIONAIS Conhe\u00e7a os valores nutricionais deste produto<br \/>\nQuantidade por por\u00e7\u00e3o de 15g (1 e 1\/2 Colher de Sopa) %VD(*)<br \/>\nValor Energ\u00e9tico 98Kcal=412kJ 5<br \/>\nCarboidratos 3.5g 1<br \/>\nProte\u00ednas 3.9g 5<br \/>\nGorduras Totais 9.2g 17<br \/>\nGorduras Saturadas 0.7g 3<br \/>\nGorduras Trans 0g **<br \/>\nFibra Alimentar 2.2g 9<br \/>\nS\u00f3dio 0mg 0<br \/>\n(*)% Valores Di\u00e1rios de refer\u00eancia com base em uma dieta de 2.000 kcal ou 8.400 kJ. Seus valores di\u00e1rios podem ser maiores ou menores dependendo de suas necessidades energ\u00e9ticas.<\/p>\n<p>Ingredientes: Am\u00eandoa.<\/p>\n<p>AL\u00c9RGICOS: PODE CONTER TRA\u00c7OS DE CENTEIO, CEVADA, SOJA, NOZES, CASTANHAS E AMENDOINS.<\/p>\n<p>N\u00c3O CONT\u00c9M GL\u00daTEN.<\/p>\n<p>CARACTER\u00cdSTICAS<br \/>\nSem Gl\u00faten: Sim<br \/>\nVegano: Sim<br \/>\nLow Carb: Sim<br \/>\nOrg\u00e2nico: N\u00e3o<br \/>\nLivre Transg\u00eanicos: Sim<br \/>\nSem Lactose: Sim<br \/>\nOrigem: Importado<br \/>\nGranel: Sim<\/p>\n","protected":false},"excerpt":{"rendered":"<p>Am\u00eandoa Crua \u00e9 crocante e sem sal, a op\u00e7\u00e3o perfeita e saud\u00e1vel para seu snack ou para suas receitas.<\/p>\n<p>Am\u00eandoas s\u00e3o extremamente nutritivas, sendo ricas em fibras, prote\u00ednas, vitamina E, magn\u00e9sio vitamina B2, f\u00f3sforo, entre outros nutrientes importantes para a sa\u00fade.<\/p>\n<p>Muito efetivas na perda de peso, auxiliam o corpo contra doen\u00e7as e ainda \u00e9 uma fonte potente e saud\u00e1vel de energia!<\/p>\n<p>Principais benef\u00edcios da am\u00eandoa:<\/p>\n<p>1- Colesterol na medida certa: diminui o n\u00edvel de colesterol ruim (LDL) e aumenta o colesterol bom (HDL) que retira mol\u00e9culas de gordura do sangue, diminuindo assim o risco de ataques card\u00edacos.<\/p>\n<p>2- Diminui as chances de desenvolver c\u00e2ncer: grande fonte de antioxidantes que neutralizam os radicais livres e ajudam a recuperar as c\u00e9lulas danificadas.<\/p>\n<p>3- Retarda o envelhecimento da pele: os antioxidantes presentes na am\u00eandoa, especialmente em sua pele, tem propriedades que protegem a pele contra o estresse oxidativo prevenindo o envelhecimento precoce. A vitamina E presente nas am\u00eandoas tamb\u00e9m protege as prote\u00ednas de col\u00e1geno e elastina, essenciais para uma pele firme, jovial e sem rugas.<\/p>\n<p>4- Aumentam a saciedade e ajudam a emagrecer: ricas em prote\u00edna, fibras e gorduras n\u00e3o saturada, as am\u00eandoas aumentam muito a sensa\u00e7\u00e3o de saciedade. Uma boa op\u00e7\u00e3o para quem quer emagrecer \u00e9 usar am\u00eandoas como lanche.<\/p>\n<p>5- Fazem bem para o cora\u00e7\u00e3o: fonte de gorduras insaturadas, prote\u00edna, pot\u00e1ssio, antioxidantes \u00e1cido f\u00f3lico e vitamina E, diminuem o n\u00edvel de homociste\u00edna \u2013 fatores important\u00edssimos para a sa\u00fade das art\u00e9rias.<\/p>\n<p>6- Ideal para diab\u00e9ticos: apresentam magn\u00e9sio e ajudam a diminuir o n\u00edvel de glicose e insulina depois das refei\u00e7\u00f5es e \u00e9 uma boa maneira de evitar picos de a\u00e7\u00facar no sangue.<\/p>\n<p>7- Bom para quem sofre com press\u00e3o alta: fonte de magn\u00e9sio, previne ataques card\u00edacos, derrames e fal\u00eancia dos rins. J\u00e1 o pot\u00e1ssio ajuda a regular a press\u00e3o sangu\u00ednea.<\/p>\n<p>8- Ajuda a ganhar m\u00fasculos: excelente fonte de prote\u00ednas, o que \u00e9 essencial para ganhar m\u00fasculos.<\/p>\n<p>9- Elas ajudam o c\u00e9rebro a permanecer saud\u00e1vel: fonte de muitos nutrientes essenciais para a sa\u00fade cerebral, como riboflavina e L-carnitina, nutrientes que potencializam a atividade cerebral e criam novas conex\u00f5es neurais. As vitaminas B6 e E desaceleram o envelhecimento das c\u00e9lulas do c\u00e9rebro que causam problemas de mem\u00f3ria, como o Alzheimer. J\u00e1 os \u00e1cidos graxos \u00f4mega 3 e \u00f4mega 6 presentes nas am\u00eandoas contribuem com os processos intelectuais e o magn\u00e9sio fortifica os nervos presentes no c\u00e9rebro.<\/p>\n<p>10- Ajudam a fortificar ossos e dentes: o \u00f4mega 3 aumenta a absor\u00e7\u00e3o de c\u00e1lcio e deixa os ossos mais fortes ao melhorar a s\u00edntese de col\u00e1geno. Boa fonte de magn\u00e9sio e f\u00f3sforo, importantes para a sa\u00fade dos ossos e dentes e para evitar a osteoporose.<\/p>\n<p>11- Muito mais energia: grande quantidade de calorias de qualidade, com nutrientes que ajudam a converter essas calorias em energia dur\u00e1vel. A presen\u00e7a do mangan\u00eas, cobre e riboflavina aumenta a produ\u00e7\u00e3o de energia e acelera o metabolismo. Se voc\u00ea est\u00e1 precisando de energia extra e n\u00e3o quer ingerir gordura ruim e a\u00e7\u00facares, aposte nas am\u00eandoas.<\/p>\n<p>Gostou? Fa\u00e7a sua compra agora e receba com todo conforto na sua casa ou trabalho.<\/p>\n","protected":false},"featured_media":592,"comment_status":"open","ping_status":"closed","template":"","meta":[],"product_cat":[22],"product_tag":[],"class_list":{"0":"post-591","1":"product","2":"type-product","3":"status-publish","4":"has-post-thumbnail","6":"product_cat-oleaginosas","8":"first","9":"instock","10":"shipping-taxable","11":"product-type-simple"},"supplier_id":null,"supplier_sku":"","barcode":null,"atum_controlled":true,"out_stock_date":null,"out_stock_threshold":null,"inheritable":false,"inbound_stock":0,"stock_on_hold":0,"sold_today":0,"sales_last_days":0,"reserved_stock":0,"customer_returns":0,"warehouse_damage":0,"lost_in_post":0,"other_logs":0,"out_stock_days":0,"lost_sales":0,"has_location":false,"update_date":"2026-04-05T10:53:01","atum_locations":[],"atum_stock_status":"instock","restock_status":false,"low_stock_amount":"","sales_update_date":"2026-04-05T10:53:01","calc_backorders":null,"_links":{"self":[{"href":"https:\/\/emporiodoturquinho.com.br\/index.php?rest_route=\/wp\/v2\/product\/591","targetHints":{"allow":["GET"]}}],"collection":[{"href":"https:\/\/emporiodoturquinho.com.br\/index.php?rest_route=\/wp\/v2\/product"}],"about":[{"href":"https:\/\/emporiodoturquinho.com.br\/index.php?rest_route=\/wp\/v2\/types\/product"}],"replies":[{"embeddable":true,"href":"https:\/\/emporiodoturquinho.com.br\/index.php?rest_route=%2Fwp%2Fv2%2Fcomments&post=591"}],"wp:featuredmedia":[{"embeddable":true,"href":"https:\/\/emporiodoturquinho.com.br\/index.php?rest_route=\/wp\/v2\/media\/592"}],"wp:attachment":[{"href":"https:\/\/emporiodoturquinho.com.br\/index.php?rest_route=%2Fwp%2Fv2%2Fmedia&parent=591"}],"wp:term":[{"taxonomy":"product_cat","embeddable":true,"href":"https:\/\/emporiodoturquinho.com.br\/index.php?rest_route=%2Fwp%2Fv2%2Fproduct_cat&post=591"},{"taxonomy":"product_tag","embeddable":true,"href":"https:\/\/emporiodoturquinho.com.br\/index.php?rest_route=%2Fwp%2Fv2%2Fproduct_tag&post=591"}],"curies":[{"name":"wp","href":"https:\/\/api.w.org\/{rel}","templated":true}]}}