{"id":587,"date":"2024-01-25T15:36:26","date_gmt":"2024-01-25T18:36:26","guid":{"rendered":"http:\/\/emporiodoturquinho.com.br\/?post_type=product&#038;p=587"},"modified":"2024-01-25T15:36:26","modified_gmt":"2024-01-25T18:36:26","slug":"amendoa-confeitada-branca","status":"publish","type":"product","link":"https:\/\/emporiodoturquinho.com.br\/?product=amendoa-confeitada-branca","title":{"rendered":"AMENDOA CONFEITADA BRANCA"},"content":{"rendered":"<p>VALORES NUTRICIONAIS Conhe\u00e7a os valores nutricionais deste produto<br \/>\nQuantidade por por\u00e7\u00e3o de 25g (7 unidades) %VD(*)<br \/>\nValor Energ\u00e9tico 116Kcal 6<br \/>\nCarboidratos 16g 5<br \/>\nProte\u00ednas 2.2g 3<br \/>\nGorduras Totais 4.8g 9<br \/>\nGorduras Saturadas 0g 0<br \/>\nGorduras Trans 0g **<br \/>\nFibra Alimentar 1g 4<br \/>\nS\u00f3dio 0mg 0<br \/>\n(*)% Valores Di\u00e1rios de refer\u00eancia com base em uma dieta de 2.000 kcal ou 8.400 kJ. Seus valores di\u00e1rios podem ser maiores ou menores dependendo de suas necessidades energ\u00e9ticas.<\/p>\n<p>Ingredientes: Am\u00eandoa, farinha de trigo, a\u00e7\u00facar, baunilha e corante artificial.<\/p>\n<p>AL\u00c9RGICOS: PODE CONTER TRA\u00c7OS DE TRIGO, SOJA, LEITES E DERIVADOS, CASTANHAS E AMENDOINS.<\/p>\n<p>CONT\u00c9M GL\u00daTEN.<\/p>\n<p>CARACTER\u00cdSTICAS<br \/>\nSem Gl\u00faten: N\u00e3o<br \/>\nVegano: N\u00e3o<br \/>\nLow Carb: N\u00e3o<br \/>\nOrg\u00e2nico: N\u00e3o<br \/>\nLivre Transg\u00eanicos: N\u00e3o<br \/>\nSem Lactose: Sim<br \/>\nOrigem: Importado<br \/>\nGranel: Sim<\/p>\n","protected":false},"excerpt":{"rendered":"<p>Nossa am\u00eandoa confeitada branca \u00e9 confeccionada a partir de am\u00eandoas frescas e selecionadas, cobertas com um delicioso confeito branco a base de a\u00e7\u00facar. Sua textura \u00e9 lisa, polida, perolada e brilhante.<\/p>\n<p>A am\u00eandoa confeitada branca \u00e9 a mais utilizada como decora\u00e7\u00e3o e lembran\u00e7a de casamentos, noivados e bodas. Segundo a tradi\u00e7\u00e3o, as am\u00eandoas brancas simbolizam os votos que os convidados desejam aos noivos no momento do matrim\u00f4nio.<\/p>\n<p>A cor branca da am\u00eandoa simboliza a pureza da mulher e as cinco am\u00eandoas representam fertilidade, longevidade, sa\u00fade, riqueza e felicidade.<\/p>\n<p>O significado da am\u00eandoa confeitada \u00e9 um tanto curioso: a vida \u00e9 representada pela am\u00eandoa amarga que, ao ser revestida pelo doce (confeito a base de a\u00e7\u00facar, mel ou chocolate), compensa a amargura da vida com a do\u00e7ura do casamento.<\/p>\n<p>O n\u00famero de am\u00eandoas confeitadas deve ser \u00edmpar, simbolizando a vida indivis\u00edvel do novo casal. \u2665<\/p>\n<p>Gostou? Fa\u00e7a sua compra agora e receba com todo conforto na sua casa ou trabalho.<\/p>\n","protected":false},"featured_media":588,"comment_status":"open","ping_status":"closed","template":"","meta":[],"product_cat":[22],"product_tag":[],"class_list":{"0":"post-587","1":"product","2":"type-product","3":"status-publish","4":"has-post-thumbnail","6":"product_cat-oleaginosas","8":"first","9":"instock","10":"shipping-taxable","11":"product-type-simple"},"supplier_id":null,"supplier_sku":"","barcode":null,"atum_controlled":true,"out_stock_date":null,"out_stock_threshold":null,"inheritable":false,"inbound_stock":0,"stock_on_hold":0,"sold_today":0,"sales_last_days":0,"reserved_stock":0,"customer_returns":0,"warehouse_damage":0,"lost_in_post":0,"other_logs":0,"out_stock_days":0,"lost_sales":0,"has_location":false,"update_date":"2026-04-22T12:24:26","atum_locations":[],"atum_stock_status":"instock","restock_status":false,"low_stock_amount":"","sales_update_date":"2026-04-22T12:24:26","calc_backorders":null,"_links":{"self":[{"href":"https:\/\/emporiodoturquinho.com.br\/index.php?rest_route=\/wp\/v2\/product\/587","targetHints":{"allow":["GET"]}}],"collection":[{"href":"https:\/\/emporiodoturquinho.com.br\/index.php?rest_route=\/wp\/v2\/product"}],"about":[{"href":"https:\/\/emporiodoturquinho.com.br\/index.php?rest_route=\/wp\/v2\/types\/product"}],"replies":[{"embeddable":true,"href":"https:\/\/emporiodoturquinho.com.br\/index.php?rest_route=%2Fwp%2Fv2%2Fcomments&post=587"}],"wp:featuredmedia":[{"embeddable":true,"href":"https:\/\/emporiodoturquinho.com.br\/index.php?rest_route=\/wp\/v2\/media\/588"}],"wp:attachment":[{"href":"https:\/\/emporiodoturquinho.com.br\/index.php?rest_route=%2Fwp%2Fv2%2Fmedia&parent=587"}],"wp:term":[{"taxonomy":"product_cat","embeddable":true,"href":"https:\/\/emporiodoturquinho.com.br\/index.php?rest_route=%2Fwp%2Fv2%2Fproduct_cat&post=587"},{"taxonomy":"product_tag","embeddable":true,"href":"https:\/\/emporiodoturquinho.com.br\/index.php?rest_route=%2Fwp%2Fv2%2Fproduct_tag&post=587"}],"curies":[{"name":"wp","href":"https:\/\/api.w.org\/{rel}","templated":true}]}}