{"id":579,"date":"2024-01-25T15:30:29","date_gmt":"2024-01-25T18:30:29","guid":{"rendered":"http:\/\/emporiodoturquinho.com.br\/?post_type=product&#038;p=579"},"modified":"2024-01-25T15:30:29","modified_gmt":"2024-01-25T18:30:29","slug":"nozes-crua-e-sem-casa","status":"publish","type":"product","link":"https:\/\/emporiodoturquinho.com.br\/?product=nozes-crua-e-sem-casa","title":{"rendered":"NOZES CRUA E SEM CASA"},"content":{"rendered":"<p>VALORES NUTRICIONAIS Conhe\u00e7a os valores nutricionais deste produto<br \/>\nQuantidade por por\u00e7\u00e3o de 15g (1 Colher de Sopa) %VD(*)<br \/>\nValor Energ\u00e9tico 104Kcal=434KJ 5<br \/>\nCarboidratos 2.1g 1<br \/>\nProte\u00ednas 1.4g 2<br \/>\nGorduras Totais 11g 19<br \/>\nGorduras Saturadas 0.9g 4<br \/>\nGorduras Trans 0g **<br \/>\nFibra Alimentar 1.4g 6<br \/>\nS\u00f3dio 0mg 0<br \/>\n(*)% Valores Di\u00e1rios de refer\u00eancia com base em uma dieta de 2.000 kcal ou 8.400 kJ. Seus valores di\u00e1rios podem ser maiores ou menores dependendo de suas necessidades energ\u00e9ticas.<\/p>\n<p>Ingrediente(s): Noz pec\u00e3n crua e sem casca.<\/p>\n<p>Ap\u00f3s a abertura, mantenha a embalagem bem fechada. Armazene em local fresco e seco.<\/p>\n<p>AL\u00c9RGICOS: PODE CONTER TRA\u00c7OS DE SOJA, NOZES, CASTANHAS E AMENDOINS.<\/p>\n<p>N\u00c3O CONT\u00c9M GL\u00daTEN.<\/p>\n<p>CARACTER\u00cdSTICAS<br \/>\nSem Gl\u00faten: Sim<br \/>\nVegano: Sim<br \/>\nLow Carb: Sim<br \/>\nOrg\u00e2nico: N\u00e3o<br \/>\nLivre Transg\u00eanicos: Sim<br \/>\nSem Lactose: Sim<br \/>\nOrigem: Importado<br \/>\nGranel: Sim<\/p>\n","protected":false},"excerpt":{"rendered":"<p>As nozes s\u00e3o fonte de subst\u00e2ncias fitoqu\u00edmicas que podem contribuir para a atividade antioxidante global, incluindo \u00e1cido ellagico &#8211; antioxidante polifen\u00f3lico, vitamina E, beta-caroteno, lute\u00edna e zeaxantina.<\/p>\n<p>Saborosa e muito nutritiva, a noz pecan \u00e9 uma das varia\u00e7\u00f5es de nozes com mais teor nutritivo se comparada com as demais.<\/p>\n<p>A noz pecan tamb\u00e9m \u00e9 fonte de vitamina E, um poderoso antioxidante sol\u00favel em lip\u00eddios. As nozes s\u00e3o fontes muito ricas de v\u00e1rios grupos importantes de vitaminas do complexo B, tais como riboflavina, niacina, tiamina, \u00e1cido pantot\u00eanico, vitamina B-6 e folatos.<\/p>\n<p>A noz pecan \u00e9 uma rica fonte de minerais como mangan\u00eas, pot\u00e1ssio, c\u00e1lcio, ferro, magn\u00e9sio, zinco e sel\u00eanio.<\/p>\n<p>Pode ser consumida tanto no caf\u00e9 da manh\u00e3 (em cereais, por exemplo) ou no almo\u00e7o (em uma salada de leguminosas, por exemplo), ou pode ser consumida pura mesma, como um aperitivo.<\/p>\n<p>Gostou? Fa\u00e7a sua compra agora e receba com todo conforto na sua casa ou trabalho.<\/p>\n","protected":false},"featured_media":580,"comment_status":"open","ping_status":"closed","template":"","meta":[],"product_cat":[22],"product_tag":[],"class_list":{"0":"post-579","1":"product","2":"type-product","3":"status-publish","4":"has-post-thumbnail","6":"product_cat-oleaginosas","8":"first","9":"instock","10":"shipping-taxable","11":"product-type-simple"},"supplier_id":null,"supplier_sku":"","barcode":null,"atum_controlled":true,"out_stock_date":null,"out_stock_threshold":null,"inheritable":false,"inbound_stock":null,"stock_on_hold":0,"sold_today":0,"sales_last_days":0,"reserved_stock":null,"customer_returns":null,"warehouse_damage":null,"lost_in_post":null,"other_logs":null,"out_stock_days":0,"lost_sales":0,"has_location":null,"update_date":"2026-04-06T10:56:00","atum_locations":[],"atum_stock_status":"instock","restock_status":false,"low_stock_amount":"","sales_update_date":"2026-04-06T10:56:00","calc_backorders":null,"_links":{"self":[{"href":"https:\/\/emporiodoturquinho.com.br\/index.php?rest_route=\/wp\/v2\/product\/579","targetHints":{"allow":["GET"]}}],"collection":[{"href":"https:\/\/emporiodoturquinho.com.br\/index.php?rest_route=\/wp\/v2\/product"}],"about":[{"href":"https:\/\/emporiodoturquinho.com.br\/index.php?rest_route=\/wp\/v2\/types\/product"}],"replies":[{"embeddable":true,"href":"https:\/\/emporiodoturquinho.com.br\/index.php?rest_route=%2Fwp%2Fv2%2Fcomments&post=579"}],"wp:featuredmedia":[{"embeddable":true,"href":"https:\/\/emporiodoturquinho.com.br\/index.php?rest_route=\/wp\/v2\/media\/580"}],"wp:attachment":[{"href":"https:\/\/emporiodoturquinho.com.br\/index.php?rest_route=%2Fwp%2Fv2%2Fmedia&parent=579"}],"wp:term":[{"taxonomy":"product_cat","embeddable":true,"href":"https:\/\/emporiodoturquinho.com.br\/index.php?rest_route=%2Fwp%2Fv2%2Fproduct_cat&post=579"},{"taxonomy":"product_tag","embeddable":true,"href":"https:\/\/emporiodoturquinho.com.br\/index.php?rest_route=%2Fwp%2Fv2%2Fproduct_tag&post=579"}],"curies":[{"name":"wp","href":"https:\/\/api.w.org\/{rel}","templated":true}]}}