{"id":577,"date":"2024-01-25T15:29:49","date_gmt":"2024-01-25T18:29:49","guid":{"rendered":"http:\/\/emporiodoturquinho.com.br\/?post_type=product&#038;p=577"},"modified":"2024-01-25T15:29:49","modified_gmt":"2024-01-25T18:29:49","slug":"milho-torrado-com-mostarde-e-mel","status":"publish","type":"product","link":"https:\/\/emporiodoturquinho.com.br\/?product=milho-torrado-com-mostarde-e-mel","title":{"rendered":"MILHO TORRADO COM MOSTARDE E MEL"},"content":{"rendered":"<p>VALORES NUTRICIONAIS Conhe\u00e7a os valores nutricionais deste produto<br \/>\nQuantidade por por\u00e7\u00e3o de 25g (1\/4 X\u00edcara de Ch\u00e1) %VD(*)<br \/>\nValor Energ\u00e9tico 108Kcal=450KJ 5<br \/>\nCarboidratos 18g 6<br \/>\nProte\u00ednas 2.5g 3<br \/>\nGorduras Totais 2.5g 5<br \/>\nGorduras Saturadas 0g 0<br \/>\nGorduras Trans 0g **<br \/>\nFibra Alimentar 2.5g 10<br \/>\nS\u00f3dio 20mg 1<br \/>\n(*)% Valores Di\u00e1rios de refer\u00eancia com base em uma dieta de 2.000 kcal ou 8.400 kJ. Seus valores di\u00e1rios podem ser maiores ou menores dependendo de suas necessidades energ\u00e9ticas.<\/p>\n<p>Ingrediente(s): Milho, \u00f3leo de girassol alto oleico, aromatizante (sal, a\u00e7\u00facar, intensificador de sabor E-621, maltodextrina, acidulante E-330, mostarda, intensificadires de sabor E-631 e E-627, ado\u00e7ante E-951), aromatizante natural.<\/p>\n<p>Ap\u00f3s a abertura, mantenha a embalagem bem fechada. Armazene em local fresco e seco.<\/p>\n<p>AL\u00c9RGICOS: PODE CONTER TRA\u00c7OS DE SOJA, NOZES, CASTANHAS E AMENDOINS.<\/p>\n<p>N\u00c3O CONT\u00c9M GL\u00daTEN.<\/p>\n<p>CARACTER\u00cdSTICAS<br \/>\nSem Gl\u00faten: Sim<br \/>\nVegano: N\u00e3o<br \/>\nLow Carb: N\u00e3o<br \/>\nOrg\u00e2nico: N\u00e3o<br \/>\nLivre Transg\u00eanicos: Sim<br \/>\nSem Lactose: Sim<br \/>\nOrigem: Nacional<br \/>\nGranel: Sim<\/p>\n","protected":false},"excerpt":{"rendered":"<p>O Milho Tostado Sabor Mostarda e Mel \u00e9 uma receita espanhola! Trata-se de aperitivo \u00e0 base de milho, que pode ser consumido puro ou adicionado \u00e0 saladas. Diferentemente de muitos produtos preparados \u00e0 base de milho, o Milho Tostado Sabor Natural da nossa loja virtual \u00e9 100% livre de transg\u00eanicos, sendo totalmente seguro para consumo! \u00c9 torrado em \u00f3leo de Girassol.<\/p>\n<p>Quais as propriedades do Milho Tostado Sabor Mostarda e Mel?<br \/>\nO Milho Tostado Sabor Mostarda e Mel \u00e9 um alimento rico em nutrientes, sendo boa fonte de energia, al\u00e9m de contar com quantidades consider\u00e1veis de vitaminas B1, E e sais minerais. Feito com milho n\u00e3o-transg\u00eanico.<\/p>\n<p>Gostou? Fa\u00e7a sua compra agora e receba com todo conforto na sua casa ou trabalho.<\/p>\n","protected":false},"featured_media":578,"comment_status":"open","ping_status":"closed","template":"","meta":[],"product_cat":[22],"product_tag":[],"class_list":{"0":"post-577","1":"product","2":"type-product","3":"status-publish","4":"has-post-thumbnail","6":"product_cat-oleaginosas","8":"first","9":"instock","10":"shipping-taxable","11":"product-type-simple"},"supplier_id":null,"supplier_sku":"","barcode":null,"atum_controlled":true,"out_stock_date":null,"out_stock_threshold":null,"inheritable":false,"inbound_stock":null,"stock_on_hold":0,"sold_today":0,"sales_last_days":0,"reserved_stock":null,"customer_returns":null,"warehouse_damage":null,"lost_in_post":null,"other_logs":null,"out_stock_days":0,"lost_sales":0,"has_location":null,"update_date":"2026-04-22T12:24:26","atum_locations":[],"atum_stock_status":"instock","restock_status":false,"low_stock_amount":"","sales_update_date":"2026-04-22T12:24:26","calc_backorders":null,"_links":{"self":[{"href":"https:\/\/emporiodoturquinho.com.br\/index.php?rest_route=\/wp\/v2\/product\/577","targetHints":{"allow":["GET"]}}],"collection":[{"href":"https:\/\/emporiodoturquinho.com.br\/index.php?rest_route=\/wp\/v2\/product"}],"about":[{"href":"https:\/\/emporiodoturquinho.com.br\/index.php?rest_route=\/wp\/v2\/types\/product"}],"replies":[{"embeddable":true,"href":"https:\/\/emporiodoturquinho.com.br\/index.php?rest_route=%2Fwp%2Fv2%2Fcomments&post=577"}],"wp:featuredmedia":[{"embeddable":true,"href":"https:\/\/emporiodoturquinho.com.br\/index.php?rest_route=\/wp\/v2\/media\/578"}],"wp:attachment":[{"href":"https:\/\/emporiodoturquinho.com.br\/index.php?rest_route=%2Fwp%2Fv2%2Fmedia&parent=577"}],"wp:term":[{"taxonomy":"product_cat","embeddable":true,"href":"https:\/\/emporiodoturquinho.com.br\/index.php?rest_route=%2Fwp%2Fv2%2Fproduct_cat&post=577"},{"taxonomy":"product_tag","embeddable":true,"href":"https:\/\/emporiodoturquinho.com.br\/index.php?rest_route=%2Fwp%2Fv2%2Fproduct_tag&post=577"}],"curies":[{"name":"wp","href":"https:\/\/api.w.org\/{rel}","templated":true}]}}