{"id":573,"date":"2024-01-25T15:28:26","date_gmt":"2024-01-25T18:28:26","guid":{"rendered":"http:\/\/emporiodoturquinho.com.br\/?post_type=product&#038;p=573"},"modified":"2024-01-25T15:28:26","modified_gmt":"2024-01-25T18:28:26","slug":"macadamia-torrada-com-sal","status":"publish","type":"product","link":"https:\/\/emporiodoturquinho.com.br\/?product=macadamia-torrada-com-sal","title":{"rendered":"MACAD\u00c2MIA TORRADA COM SAL"},"content":{"rendered":"<p>VALORES NUTRICIONAIS Conhe\u00e7a os valores nutricionais deste produto<br \/>\nQuantidade por por\u00e7\u00e3o de 15g (1 Colheres de Sopa) %VD(*)<br \/>\nValor Energ\u00e9tico 108Kcal=451KJ 5<br \/>\nCarboidratos 2g 1<br \/>\nProte\u00ednas 1.2g 2<br \/>\nGorduras Totais 11g 21<br \/>\nGorduras Saturadas 1.8g 8<br \/>\nGorduras Trans 0g **<br \/>\nFibra Alimentar 1.2g 5<br \/>\nS\u00f3dio 40mg 2<br \/>\n(*)% Valores Di\u00e1rios de refer\u00eancia com base em uma dieta de 2.000 kcal ou 8.400 kJ. Seus valores di\u00e1rios podem ser maiores ou menores dependendo de suas necessidades energ\u00e9ticas.<\/p>\n<p>Ingrediente(s): Nozes de Macad\u00e2mia com Sal.<\/p>\n<p>Ap\u00f3s a abertura, mantenha a embalagem bem fechada. Armazene em local fresco e seco.<\/p>\n<p>AL\u00c9RGICOS: PODE CONTER TRA\u00c7OS DE SOJA, NOZES, CASTANHAS E AMENDOINS.<\/p>\n<p>N\u00c3O CONT\u00c9M GL\u00daTEN.<\/p>\n<p>CARACTER\u00cdSTICAS<br \/>\nSem Gl\u00faten: Sim<br \/>\nVegano: Sim<br \/>\nLow Carb: Sim<br \/>\nOrg\u00e2nico: N\u00e3o<br \/>\nLivre Transg\u00eanicos: Sim<br \/>\nSem Lactose: Sim<br \/>\nOrigem: Importado<br \/>\nGranel: Sim<\/p>\n","protected":false},"excerpt":{"rendered":"<p>A Noz Macad\u00e2mia \u00e9 um fruto de uma \u00e1rvore nativa da Austrailia, \u00e9 uma oleaginosa vers\u00e1til e muito saborosa com sabor marcante e muito nutritiva.<\/p>\n<p>Tanto a Macad\u00e2mia quanto as outras nozes s\u00e3o os alimentos vegetais com maior quantidade de antioxidantes.<\/p>\n<p>Benef\u00edcios da Nozes de Macadamia:<br \/>\nAs nozes possuem 20,97g unidades de antioxidantes em cada 100 g. Isso representa 20 vezes mais que as quantidades presentes nas laranjas (1,14), nos espinafres (0,98), nas cenouras (0,04) ou nos tomates (0,31).<\/p>\n<p>A macad\u00e2mia tem a vantagem de fazer bem ao cora\u00e7\u00e3o. Comer um punhado duas ou mais vezes por semana, pode reduzir os riscos de doen\u00e7as card\u00edacas fatais, e ajudar a diminuir o colesterol ruim (LDL). Al\u00e9m disso, as dietas veganas podem ser enriquecidas com macad\u00e2mias, que s\u00e3o tamb\u00e9m uma fonte saud\u00e1vel de gordura n\u00e3o saturada, c\u00e1lcio e prote\u00edna. No entanto, seu valor cal\u00f3rico \u00e9 alto. A cada 30g s\u00e3o encontradas 210 calorias.<\/p>\n<p>Como consumir as Nozes de Macadamia:<br \/>\nAs Nozes de Macadamia j\u00e1 vem pronta pra consumo, podem servir de lanche, como tamb\u00e9m podem ser utilizadas em diversas receitas e pratos.<\/p>\n<p>Gostou? Fa\u00e7a sua compra agora e receba com todo conforto na sua casa ou trabalho.<\/p>\n","protected":false},"featured_media":574,"comment_status":"open","ping_status":"closed","template":"","meta":[],"product_cat":[22],"product_tag":[],"class_list":{"0":"post-573","1":"product","2":"type-product","3":"status-publish","4":"has-post-thumbnail","6":"product_cat-oleaginosas","8":"first","9":"instock","10":"shipping-taxable","11":"product-type-simple"},"supplier_id":null,"supplier_sku":"","barcode":null,"atum_controlled":true,"out_stock_date":null,"out_stock_threshold":null,"inheritable":false,"inbound_stock":null,"stock_on_hold":0,"sold_today":0,"sales_last_days":0,"reserved_stock":null,"customer_returns":null,"warehouse_damage":null,"lost_in_post":null,"other_logs":null,"out_stock_days":0,"lost_sales":0,"has_location":null,"update_date":"2026-04-22T12:24:26","atum_locations":[],"atum_stock_status":"instock","restock_status":false,"low_stock_amount":"","sales_update_date":"2026-04-22T12:24:26","calc_backorders":null,"_links":{"self":[{"href":"https:\/\/emporiodoturquinho.com.br\/index.php?rest_route=\/wp\/v2\/product\/573","targetHints":{"allow":["GET"]}}],"collection":[{"href":"https:\/\/emporiodoturquinho.com.br\/index.php?rest_route=\/wp\/v2\/product"}],"about":[{"href":"https:\/\/emporiodoturquinho.com.br\/index.php?rest_route=\/wp\/v2\/types\/product"}],"replies":[{"embeddable":true,"href":"https:\/\/emporiodoturquinho.com.br\/index.php?rest_route=%2Fwp%2Fv2%2Fcomments&post=573"}],"wp:featuredmedia":[{"embeddable":true,"href":"https:\/\/emporiodoturquinho.com.br\/index.php?rest_route=\/wp\/v2\/media\/574"}],"wp:attachment":[{"href":"https:\/\/emporiodoturquinho.com.br\/index.php?rest_route=%2Fwp%2Fv2%2Fmedia&parent=573"}],"wp:term":[{"taxonomy":"product_cat","embeddable":true,"href":"https:\/\/emporiodoturquinho.com.br\/index.php?rest_route=%2Fwp%2Fv2%2Fproduct_cat&post=573"},{"taxonomy":"product_tag","embeddable":true,"href":"https:\/\/emporiodoturquinho.com.br\/index.php?rest_route=%2Fwp%2Fv2%2Fproduct_tag&post=573"}],"curies":[{"name":"wp","href":"https:\/\/api.w.org\/{rel}","templated":true}]}}