{"id":571,"date":"2024-01-25T15:27:21","date_gmt":"2024-01-25T18:27:21","guid":{"rendered":"http:\/\/emporiodoturquinho.com.br\/?post_type=product&#038;p=571"},"modified":"2024-01-25T15:27:21","modified_gmt":"2024-01-25T18:27:21","slug":"ervilha-torrada-com-wasabi","status":"publish","type":"product","link":"https:\/\/emporiodoturquinho.com.br\/?product=ervilha-torrada-com-wasabi","title":{"rendered":"ERVILHA TORRADA COM WASABI"},"content":{"rendered":"<p>VALORES NUTRICIONAIS Conhe\u00e7a os valores nutricionais deste produto<br \/>\nQuantidade por por\u00e7\u00e3o de 25g (1\/2 X\u00edcara de Ch\u00e1) %VD(*)<br \/>\nValor Energ\u00e9tico 89Kcal=374KJ 5<br \/>\nCarboidratos 13g 5<br \/>\nProte\u00ednas 3.6g 5<br \/>\nGorduras Totais 1.8g 3<br \/>\nGorduras Saturadas 0.9g 4<br \/>\nGorduras Trans 0g **<br \/>\nFibra Alimentar 1g 4<br \/>\nS\u00f3dio 152mg 6<br \/>\n(*)% Valores Di\u00e1rios de refer\u00eancia com base em uma dieta de 2.000 kcal ou 8.400 kJ. Seus valores di\u00e1rios podem ser maiores ou menores dependendo de suas necessidades energ\u00e9ticas.<\/p>\n<p>Ingrediente(s): Ervilha verde, amido, a\u00e7\u00facar, \u00f3leo de girassol, \u00f3leo de soja, glucose, wasabi em p\u00f3, corante azul e amarelo.<\/p>\n<p>Ap\u00f3s a abertura, mantenha a embalagem bem fechada. Armazene em local fresco e seco.<\/p>\n<p>AL\u00c9RGICOS: PODE CONTER TRA\u00c7OS DE SOJA, NOZES, CASTANHAS E AMENDOINS.<\/p>\n<p>CONT\u00c9M GL\u00daTEN.<\/p>\n<p>CARACTER\u00cdSTICAS<br \/>\nSem Gl\u00faten: Sim<br \/>\nVegano: Sim<br \/>\nLow Carb: N\u00e3o<br \/>\nOrg\u00e2nico: N\u00e3o<br \/>\nLivre Transg\u00eanicos: N\u00e3o<br \/>\nSem Lactose: Sim<br \/>\nOrigem: Importado<br \/>\nGranel: Sim<\/p>\n","protected":false},"excerpt":{"rendered":"<p>A Ervilha Torrada Sabor Wasabi \u00e9 um petisco salgado a base de Ervilha, coberta por uma fina camada de Wasabi (raiz forte). O Sabor predominante do aperitivo \u00e9 picante, t\u00edpico do wasabi. Ideal para consumo puro como petisco ou misturado \u00e0 saladas para dar um toque especial, crocante e apimentado.<\/p>\n<p>Quais as propriedades da Ervilha Torrada Sabor Wasabi?<br \/>\nAs ervilhas verdes s\u00e3o leguminosas bastante nutritivas e cont\u00eam uma boa quantidade de fibras e antioxidantes. O Wasabi por sua vez pode ter in\u00fameros benef\u00edcios promissores \u00e0 sa\u00fade relacionados \u00e0 sa\u00fade \u00f3ssea e cerebral. Ao optar por selecionar aperitivos para servir em uma reuni\u00e3o entre amigos, por exemplo, escolha petiscos que sejam a base de produtos naturais e livres de in\u00fameros aditivos que podem prejudicar a sua sa\u00fade!<\/p>\n<p>Gostou? Fa\u00e7a sua compra agora e receba com todo conforto na sua casa ou trabalho.<\/p>\n","protected":false},"featured_media":572,"comment_status":"open","ping_status":"closed","template":"","meta":[],"product_cat":[22],"product_tag":[],"class_list":{"0":"post-571","1":"product","2":"type-product","3":"status-publish","4":"has-post-thumbnail","6":"product_cat-oleaginosas","8":"first","9":"instock","10":"shipping-taxable","11":"product-type-simple"},"supplier_id":null,"supplier_sku":"","barcode":null,"atum_controlled":true,"out_stock_date":null,"out_stock_threshold":null,"inheritable":false,"inbound_stock":null,"stock_on_hold":0,"sold_today":0,"sales_last_days":0,"reserved_stock":null,"customer_returns":null,"warehouse_damage":null,"lost_in_post":null,"other_logs":null,"out_stock_days":0,"lost_sales":0,"has_location":null,"update_date":"2026-04-07T10:58:47","atum_locations":[],"atum_stock_status":"instock","restock_status":false,"low_stock_amount":"","sales_update_date":"2026-04-07T10:58:47","calc_backorders":null,"_links":{"self":[{"href":"https:\/\/emporiodoturquinho.com.br\/index.php?rest_route=\/wp\/v2\/product\/571","targetHints":{"allow":["GET"]}}],"collection":[{"href":"https:\/\/emporiodoturquinho.com.br\/index.php?rest_route=\/wp\/v2\/product"}],"about":[{"href":"https:\/\/emporiodoturquinho.com.br\/index.php?rest_route=\/wp\/v2\/types\/product"}],"replies":[{"embeddable":true,"href":"https:\/\/emporiodoturquinho.com.br\/index.php?rest_route=%2Fwp%2Fv2%2Fcomments&post=571"}],"wp:featuredmedia":[{"embeddable":true,"href":"https:\/\/emporiodoturquinho.com.br\/index.php?rest_route=\/wp\/v2\/media\/572"}],"wp:attachment":[{"href":"https:\/\/emporiodoturquinho.com.br\/index.php?rest_route=%2Fwp%2Fv2%2Fmedia&parent=571"}],"wp:term":[{"taxonomy":"product_cat","embeddable":true,"href":"https:\/\/emporiodoturquinho.com.br\/index.php?rest_route=%2Fwp%2Fv2%2Fproduct_cat&post=571"},{"taxonomy":"product_tag","embeddable":true,"href":"https:\/\/emporiodoturquinho.com.br\/index.php?rest_route=%2Fwp%2Fv2%2Fproduct_tag&post=571"}],"curies":[{"name":"wp","href":"https:\/\/api.w.org\/{rel}","templated":true}]}}