{"id":557,"date":"2024-01-25T15:17:41","date_gmt":"2024-01-25T18:17:41","guid":{"rendered":"http:\/\/emporiodoturquinho.com.br\/?post_type=product&#038;p=557"},"modified":"2024-01-25T15:17:41","modified_gmt":"2024-01-25T18:17:41","slug":"mel-silvestre","status":"publish","type":"product","link":"https:\/\/emporiodoturquinho.com.br\/?product=mel-silvestre","title":{"rendered":"MEL SILVESTRE"},"content":{"rendered":"<p>VALORES NUTRICIONAIS Conhe\u00e7a os valores nutricionais deste produto<br \/>\nQuantidade por por\u00e7\u00e3o de 20g (1 1\/2 Colheres de Sopa) %VD(*)<br \/>\nValor Energ\u00e9tico 61Kcal=255KJ 3<br \/>\nCarboidratos 16g 5<br \/>\nProte\u00ednas 0g 0<br \/>\nGorduras Totais 0g 0<br \/>\nGorduras Saturadas 0g 0<br \/>\nGorduras Trans 0g **<br \/>\nFibra Alimentar 0g 0<br \/>\nS\u00f3dio 0mg 0<br \/>\nIngredientes: Mel Org\u00e2nico.<\/p>\n<p>Ap\u00f3s abertura da embalagem, mantenha bem fechada, armazenando-a em local fresco e seco.<\/p>\n<p>N\u00c3O CONT\u00c9M GL\u00daTEN.<\/p>\n<p>CARACTER\u00cdSTICAS<br \/>\nSem Gl\u00faten: Sim<br \/>\nVegano: N\u00e3o<br \/>\nLow Carb: N\u00e3o<br \/>\nOrg\u00e2nico: Sim<br \/>\nLivre Transg\u00eanicos: Sim<br \/>\nSem Lactose: Sim<br \/>\nOrigem: Nacional<br \/>\nGranel: N\u00e3o<\/p>\n","protected":false},"excerpt":{"rendered":"<p>O Mel \u00e9 um alimento natural produzido pelas abelhas a partir do n\u00e9ctar das flores. Por conta disso, existem variados tipos de m\u00e9is de acordo com a flora\u00e7\u00e3o, variando assim sua cor, sabor e aroma.<\/p>\n<p>Ao contr\u00e1rio do que muitos acreditam, a maioria dos m\u00e9is podem vir se cristalizar (a\u00e7ucarar), principalmente com baixas temperaturas. Portanto, a cristaliza\u00e7\u00e3o \u00e9 a garantia de que o mel \u00e9 puro e natural j\u00e1 que m\u00e9is falsificados (a\u00e7\u00facar invertido) n\u00e3o cristalizam.<\/p>\n<p>O mel, tanto em estado l\u00edquido como no estado cristalizado, \u00e9 absolutamente igual em termos de propriedades energ\u00e9ticas e nutritivas.<\/p>\n<p>Mel pode ser consumido diariamente, \u00e9 um produto natural, completo e saboroso.<\/p>\n<p>Com a elevada riqueza nutritiva pelos seus elementos componentes, vitaminas, amino\u00e1cidos e sais minerais, o mel proporciona ao organismo humano fonte imediata de energia, fortifica o organismo em geral e facilita o equil\u00edbrio biol\u00f3gico do corpo humano tornando a vida mais saud\u00e1vel.<\/p>\n<p>Gostou? Fa\u00e7a sua compra agora e receba com todo conforto na sua casa ou trabalho.<\/p>\n","protected":false},"featured_media":558,"comment_status":"open","ping_status":"closed","template":"","meta":[],"product_cat":[53],"product_tag":[],"class_list":{"0":"post-557","1":"product","2":"type-product","3":"status-publish","4":"has-post-thumbnail","6":"product_cat-matinais-e-snacks","8":"first","9":"instock","10":"shipping-taxable","11":"product-type-simple"},"supplier_id":null,"supplier_sku":"","barcode":null,"atum_controlled":true,"out_stock_date":null,"out_stock_threshold":null,"inheritable":false,"inbound_stock":null,"stock_on_hold":0,"sold_today":0,"sales_last_days":0,"reserved_stock":null,"customer_returns":null,"warehouse_damage":null,"lost_in_post":null,"other_logs":null,"out_stock_days":0,"lost_sales":0,"has_location":null,"update_date":"2026-04-22T12:24:25","atum_locations":[],"atum_stock_status":"instock","restock_status":false,"low_stock_amount":"","sales_update_date":"2026-04-22T12:24:25","calc_backorders":null,"_links":{"self":[{"href":"https:\/\/emporiodoturquinho.com.br\/index.php?rest_route=\/wp\/v2\/product\/557","targetHints":{"allow":["GET"]}}],"collection":[{"href":"https:\/\/emporiodoturquinho.com.br\/index.php?rest_route=\/wp\/v2\/product"}],"about":[{"href":"https:\/\/emporiodoturquinho.com.br\/index.php?rest_route=\/wp\/v2\/types\/product"}],"replies":[{"embeddable":true,"href":"https:\/\/emporiodoturquinho.com.br\/index.php?rest_route=%2Fwp%2Fv2%2Fcomments&post=557"}],"wp:featuredmedia":[{"embeddable":true,"href":"https:\/\/emporiodoturquinho.com.br\/index.php?rest_route=\/wp\/v2\/media\/558"}],"wp:attachment":[{"href":"https:\/\/emporiodoturquinho.com.br\/index.php?rest_route=%2Fwp%2Fv2%2Fmedia&parent=557"}],"wp:term":[{"taxonomy":"product_cat","embeddable":true,"href":"https:\/\/emporiodoturquinho.com.br\/index.php?rest_route=%2Fwp%2Fv2%2Fproduct_cat&post=557"},{"taxonomy":"product_tag","embeddable":true,"href":"https:\/\/emporiodoturquinho.com.br\/index.php?rest_route=%2Fwp%2Fv2%2Fproduct_tag&post=557"}],"curies":[{"name":"wp","href":"https:\/\/api.w.org\/{rel}","templated":true}]}}