{"id":555,"date":"2024-01-25T15:16:31","date_gmt":"2024-01-25T18:16:31","guid":{"rendered":"http:\/\/emporiodoturquinho.com.br\/?post_type=product&#038;p=555"},"modified":"2024-01-25T15:16:31","modified_gmt":"2024-01-25T18:16:31","slug":"mel-de-eucalipto","status":"publish","type":"product","link":"https:\/\/emporiodoturquinho.com.br\/?product=mel-de-eucalipto","title":{"rendered":"MEL DE EUCALIPTO"},"content":{"rendered":"<p>VALORES NUTRICIONAIS Conhe\u00e7a os valores nutricionais deste produto<br \/>\nQuantidade por por\u00e7\u00e3o de 20g (1 1\/2 Colheres de Sopa) %VD(*)<br \/>\nValor Energ\u00e9tico 61Kcal=255KJ 3<br \/>\nCarboidratos 16g 5<br \/>\nProte\u00ednas 0g 0<br \/>\nGorduras Totais 0g 0<br \/>\nGorduras Saturadas 0g 0<br \/>\nGorduras Trans 0g **<br \/>\nFibra Alimentar 0g 0<br \/>\nS\u00f3dio 0mg 0<br \/>\ningredientes: mel eucalipto.<\/p>\n<p>Ap\u00f3s abertura da embalagem, mantenha bem fechada, armazenando-a em local fresco e seco.<\/p>\n<p>N\u00c3O CONT\u00c9M GL\u00daTEN.<\/p>\n<p>CARACTER\u00cdSTICAS<br \/>\nSem Gl\u00faten: Sim<br \/>\nVegano: N\u00e3o<br \/>\nLow Carb: N\u00e3o<br \/>\nOrg\u00e2nico: N\u00e3o<br \/>\nLivre Transg\u00eanicos: Sim<br \/>\nSem Lactose: Sim<br \/>\nOrigem: Nacional<br \/>\nGranel: N\u00e3o<\/p>\n","protected":false},"excerpt":{"rendered":"<p>O Mel Eucalipto agrada o paladar daqueles que preferem sabores mais acentuados. Sendo originado por somente uma flor, chamamos de mel monofloral. A sua predomin\u00e2ncia vem apenas da \u00e1rvore de eucalipto. Al\u00e9m de muito gostoso, ele possui propriedades medicinais da pr\u00f3pria planta.<\/p>\n<p>Quais as propriedades do Mel Eucalipto Minamel?<br \/>\nO Mel quando ingerido pelo organismo humano \u00e9 imediatamente assimilado, n\u00e3o necessitando de transforma\u00e7\u00f5es complicadas. A glicose e a frutose do mel passam diretamente para o sangue.<\/p>\n<p>O mel cont\u00e9m subst\u00e2ncias importantes e indispens\u00e1vel ao nosso organismo como: maltose, sacarose, a\u00e7\u00facares superiores, enzimas como amilase, invertase, catalase, peroxidase, lipase e sais como c\u00e1lcio, s\u00f3dio, pot\u00e1ssio, magn\u00e9sio, ferro, cloro, f\u00f3sforo, enxofre e iodo. O c\u00e1lcio e o f\u00f3sforo s\u00e3o necess\u00e1rios para a forma\u00e7\u00e3o dos ossos e dentes.<\/p>\n<p>O s\u00f3dio e o pot\u00e1ssio s\u00e3o \u00edons importantes para o equil\u00edbrio osm\u00f3tico e transporte atrav\u00e9s das membranas celulares. O ferro entra na composi\u00e7\u00e3o da hemoglobina do sangue, importante no transporte de oxig\u00eanio. Os sais s\u00e3o subst\u00e2ncias eletricamente ativas, propriedade essencial para o funcionamento das c\u00e9lulas. As enzimas perdem a atividade na aus\u00eancia de sais eletricamente ativos. Sem os sais o funcionamento das gl\u00e2ndulas seria seriamente afetado.<\/p>\n<p>Gostou? Fa\u00e7a sua compra agora e receba com todo conforto na sua casa ou trabalho.<\/p>\n","protected":false},"featured_media":556,"comment_status":"open","ping_status":"closed","template":"","meta":[],"product_cat":[53],"product_tag":[],"class_list":{"0":"post-555","1":"product","2":"type-product","3":"status-publish","4":"has-post-thumbnail","6":"product_cat-matinais-e-snacks","8":"first","9":"instock","10":"shipping-taxable","11":"product-type-simple"},"supplier_id":null,"supplier_sku":"","barcode":null,"atum_controlled":true,"out_stock_date":null,"out_stock_threshold":null,"inheritable":false,"inbound_stock":null,"stock_on_hold":0,"sold_today":0,"sales_last_days":0,"reserved_stock":null,"customer_returns":null,"warehouse_damage":null,"lost_in_post":null,"other_logs":null,"out_stock_days":0,"lost_sales":0,"has_location":null,"update_date":"2026-04-22T12:24:25","atum_locations":[],"atum_stock_status":"instock","restock_status":false,"low_stock_amount":"","sales_update_date":"2026-04-22T12:24:25","calc_backorders":null,"_links":{"self":[{"href":"https:\/\/emporiodoturquinho.com.br\/index.php?rest_route=\/wp\/v2\/product\/555","targetHints":{"allow":["GET"]}}],"collection":[{"href":"https:\/\/emporiodoturquinho.com.br\/index.php?rest_route=\/wp\/v2\/product"}],"about":[{"href":"https:\/\/emporiodoturquinho.com.br\/index.php?rest_route=\/wp\/v2\/types\/product"}],"replies":[{"embeddable":true,"href":"https:\/\/emporiodoturquinho.com.br\/index.php?rest_route=%2Fwp%2Fv2%2Fcomments&post=555"}],"wp:featuredmedia":[{"embeddable":true,"href":"https:\/\/emporiodoturquinho.com.br\/index.php?rest_route=\/wp\/v2\/media\/556"}],"wp:attachment":[{"href":"https:\/\/emporiodoturquinho.com.br\/index.php?rest_route=%2Fwp%2Fv2%2Fmedia&parent=555"}],"wp:term":[{"taxonomy":"product_cat","embeddable":true,"href":"https:\/\/emporiodoturquinho.com.br\/index.php?rest_route=%2Fwp%2Fv2%2Fproduct_cat&post=555"},{"taxonomy":"product_tag","embeddable":true,"href":"https:\/\/emporiodoturquinho.com.br\/index.php?rest_route=%2Fwp%2Fv2%2Fproduct_tag&post=555"}],"curies":[{"name":"wp","href":"https:\/\/api.w.org\/{rel}","templated":true}]}}