{"id":553,"date":"2024-01-25T15:13:23","date_gmt":"2024-01-25T18:13:23","guid":{"rendered":"http:\/\/emporiodoturquinho.com.br\/?post_type=product&#038;p=553"},"modified":"2024-01-25T15:13:23","modified_gmt":"2024-01-25T18:13:23","slug":"granola-com-frutas-e-castanhas","status":"publish","type":"product","link":"https:\/\/emporiodoturquinho.com.br\/?product=granola-com-frutas-e-castanhas","title":{"rendered":"GRANOLA COM FRUTAS E CASTANHAS"},"content":{"rendered":"<p>VALORES NUTRICIONAIS Conhe\u00e7a os valores nutricionais deste produto<br \/>\nQuantidade por por\u00e7\u00e3o de 40g (1\/2 X\u00edcara de Ch\u00e1) %VD(*)<br \/>\nValor Energ\u00e9tico 149Kcal=622KJ 8<br \/>\nCarboidratos 27g 9<br \/>\nProte\u00ednas 4g 5<br \/>\nGorduras Totais 3.2g 6<br \/>\nGorduras Saturadas 0.2g 1<br \/>\nGorduras Trans 0g **<br \/>\nFibra Alimentar 15g 60<br \/>\nS\u00f3dio 12mg 1<br \/>\n(*)% Valores Di\u00e1rios de refer\u00eancia com base em uma dieta de 2.000 kcal ou 8.400 kJ. Seus valores di\u00e1rios podem ser maiores ou menores dependendo de suas necessidades energ\u00e9ticas.<\/p>\n<p>Ingrediente(s): Aveia em flocos, a\u00e7\u00facar, extrato de malte, g\u00e9rmen de trigo, linha\u00e7a semente, flocos de milho, ma\u00e7\u00e3 desidratada, castanha de caju, uva passa, castanha do para e gergelim.<\/p>\n<p>Ap\u00f3s a abertura, mantenha a embalagem bem fechada. Armazene em local fresco e seco.<\/p>\n<p>AL\u00c9RGICOS: PODE CONTER TRA\u00c7OS DE CENTEIO, CEVADA, SOJA, NOZES, CASTANHAS E AMENDOINS.<\/p>\n<p>CONT\u00c9M GL\u00daTEN.<\/p>\n<p>CARACTER\u00cdSTICAS<br \/>\nSem Gl\u00faten: N\u00e3o<br \/>\nVegano: Sim<br \/>\nLow Carb: N\u00e3o<br \/>\nOrg\u00e2nico: N\u00e3o<br \/>\nLivre Transg\u00eanicos: Sim<br \/>\nSem Lactose: Sim<br \/>\nOrigem: Nacional<br \/>\nGranel: Sim<\/p>\n","protected":false},"excerpt":{"rendered":"<p>Uma combina\u00e7\u00e3o perfeita de frutas desidratadas, flocos de aveia, gergelim, tapioca, flocos de milho e castanha de caju garantem uma alimenta\u00e7\u00e3o saud\u00e1vel e deliciosa. \u00c9 um complemento alimentar enriquecido por nutrientes necess\u00e1rios para quem tem uma rotina com alto gasto cal\u00f3rico.<\/p>\n<p>Benef\u00edcios da Granola com frutas e a\u00e7\u00facar:<br \/>\nRica em nutrientes e repleta de muito sabor, a granola \u00e9 composta por uma mistura de carboidratos, vitaminas e gorduras boas que ajuda no bom funcionamento do organismo e pode ser inserida atrav\u00e9s de diversas formas na alimenta\u00e7\u00e3o.<\/p>\n<p>Contem nutrientes que fornecem mais energia para o corpo: Por ser criada a partir de alimentos naturais, a granola oferece minerais como ferro, vitaminas como B1, B2, B3, B6, B7, bem como, magn\u00e9sio, f\u00f3sforo, zinco, cobre e sel\u00eanio. Esses nutrientes s\u00e3o necess\u00e1rios para o bom funcionamento do corpo. Por isso, o consumo constante promove mais energia e disposi\u00e7\u00e3o no seu dia.<\/p>\n<p>Como consumir a Granola com frutas e a\u00e7\u00facar:<br \/>\nComo a granola fornece energia, a dica \u00e9 substituir alimentos do caf\u00e9 da manh\u00e3 ricos em carboidratos (p\u00e3es, torradas e bolachas) por granola.<\/p>\n<p>Ela pode ser consumida acompanhada de iogurte e leite, esses de prefer\u00eancia, na vers\u00e3o desnatada\/light. Ela tamb\u00e9m pode ser adicionada ap\u00f3s o treino, como forma de recuperar os estoques de energia do corpo.<\/p>\n<p>Gostou? Fa\u00e7a sua compra agora e receba com todo conforto na sua casa ou trabalho.<\/p>\n","protected":false},"featured_media":554,"comment_status":"open","ping_status":"closed","template":"","meta":[],"product_cat":[53],"product_tag":[],"class_list":{"0":"post-553","1":"product","2":"type-product","3":"status-publish","4":"has-post-thumbnail","6":"product_cat-matinais-e-snacks","8":"first","9":"instock","10":"shipping-taxable","11":"product-type-simple"},"supplier_id":null,"supplier_sku":"","barcode":null,"atum_controlled":true,"out_stock_date":null,"out_stock_threshold":null,"inheritable":false,"inbound_stock":null,"stock_on_hold":0,"sold_today":0,"sales_last_days":0,"reserved_stock":null,"customer_returns":null,"warehouse_damage":null,"lost_in_post":null,"other_logs":null,"out_stock_days":0,"lost_sales":0,"has_location":null,"update_date":"2026-04-22T12:24:26","atum_locations":[],"atum_stock_status":"instock","restock_status":false,"low_stock_amount":"","sales_update_date":"2026-04-22T12:24:25","calc_backorders":null,"_links":{"self":[{"href":"https:\/\/emporiodoturquinho.com.br\/index.php?rest_route=\/wp\/v2\/product\/553","targetHints":{"allow":["GET"]}}],"collection":[{"href":"https:\/\/emporiodoturquinho.com.br\/index.php?rest_route=\/wp\/v2\/product"}],"about":[{"href":"https:\/\/emporiodoturquinho.com.br\/index.php?rest_route=\/wp\/v2\/types\/product"}],"replies":[{"embeddable":true,"href":"https:\/\/emporiodoturquinho.com.br\/index.php?rest_route=%2Fwp%2Fv2%2Fcomments&post=553"}],"wp:featuredmedia":[{"embeddable":true,"href":"https:\/\/emporiodoturquinho.com.br\/index.php?rest_route=\/wp\/v2\/media\/554"}],"wp:attachment":[{"href":"https:\/\/emporiodoturquinho.com.br\/index.php?rest_route=%2Fwp%2Fv2%2Fmedia&parent=553"}],"wp:term":[{"taxonomy":"product_cat","embeddable":true,"href":"https:\/\/emporiodoturquinho.com.br\/index.php?rest_route=%2Fwp%2Fv2%2Fproduct_cat&post=553"},{"taxonomy":"product_tag","embeddable":true,"href":"https:\/\/emporiodoturquinho.com.br\/index.php?rest_route=%2Fwp%2Fv2%2Fproduct_tag&post=553"}],"curies":[{"name":"wp","href":"https:\/\/api.w.org\/{rel}","templated":true}]}}