{"id":549,"date":"2024-01-25T15:11:24","date_gmt":"2024-01-25T18:11:24","guid":{"rendered":"http:\/\/emporiodoturquinho.com.br\/?post_type=product&#038;p=549"},"modified":"2024-01-25T15:11:24","modified_gmt":"2024-01-25T18:11:24","slug":"cereal-corn-flakes","status":"publish","type":"product","link":"https:\/\/emporiodoturquinho.com.br\/?product=cereal-corn-flakes","title":{"rendered":"CEREAL CORN FLAKES"},"content":{"rendered":"<p>VALORES NUTRICIONAIS Conhe\u00e7a os valores nutricionais deste produto<br \/>\nQuantidade por por\u00e7\u00e3o de 30g (3\/4 X\u00edcara de Ch\u00e1) %VD(*)<br \/>\nValor Energ\u00e9tico 110Kcal=460KJ 6<br \/>\nCarboidratos 24g 8<br \/>\nProte\u00ednas 1.8g 2<br \/>\nGorduras Totais 0.6g 1<br \/>\nGorduras Saturadas 0.2g 1<br \/>\nGorduras Trans 0g **<br \/>\nFibra Alimentar 3.3g 13<br \/>\nS\u00f3dio 62mg 3<br \/>\n(*)% Valores Di\u00e1rios de refer\u00eancia com base em uma dieta de 2.000 kcal ou 8.400 kJ. Seus valores di\u00e1rios podem ser maiores ou menores dependendo de suas necessidades energ\u00e9ticas.<\/p>\n<p>Ingrediente(s): Milho, a\u00e7\u00facar, sal, complexo vitam\u00ednico \u00e1cido asc\u00f3rbico (vitamina C), niacinamida (niacina), mononitrato de tiamina (vitamina B1), riboflavina (vitamina B2), piridoxina (vitamina B6), cobalamina (vitamina B12), pantotenato de c\u00e1lcio (\u00e1cido pantot\u00eanico), \u00e1cido f\u00f3lico], completo mineral [pirofosfato f\u00e9rrico (ferro), sulfato de zinco (zinco)], antioxidante lecitina de soja, regulador de acidez bicarbonato de s\u00f3dio.<\/p>\n<p>Ap\u00f3s a abertura, mantenha a embalagem bem fechada. Armazene em local fresco e seco.<\/p>\n<p>AL\u00c9RGICOS: PODE CONTER TRA\u00c7OS DE SOJA, NOZES, CASTANHAS E AMENDOINS.<\/p>\n<p>CONT\u00c9M GL\u00daTEN.<\/p>\n<p>CARACTER\u00cdSTICAS<br \/>\nSem Gl\u00faten: N\u00e3o<br \/>\nVegano: Sim<br \/>\nLow Carb: N\u00e3o<br \/>\nOrg\u00e2nico: N\u00e3o<br \/>\nLivre Transg\u00eanicos: N\u00e3o<br \/>\nSem Lactose: N\u00e3o<br \/>\nOrigem: Nacional<br \/>\nGranel: Sim<\/p>\n","protected":false},"excerpt":{"rendered":"<p>Uma \u00f3tima op\u00e7\u00e3o para um caf\u00e9 da manh\u00e3 saud\u00e1vel \u00e9 o cereal de milho com a\u00e7\u00facar. Al\u00e9m do cereal de milho com a\u00e7\u00facar ser r\u00e1pido e f\u00e1cil de preparar tamb\u00e9m \u00e9 rico em ferro, fibras, carboidratos, c\u00e1lcio e possu\u00ed pouca gordura.<\/p>\n<p>Sugest\u00e3o de consumo do cereal de milho com a\u00e7\u00facar?<br \/>\nQualquer um pode preparar uma boa por\u00e7\u00e3o de cereal de milho com a\u00e7\u00facar no caf\u00e9 da manh\u00e3 e garantir a energia necess\u00e1ria para o dia inteiro, pois basta mistur\u00e1-los com leite.<\/p>\n<p>Utiliza\u00e7\u00e3o: muslis, iogurte, vitaminas, farofas, bolos, empanados, etc.<\/p>\n<p>Dica: triture levemente os flocos e empane as prepara\u00e7\u00f5es.<\/p>\n<p>Gostou? Fa\u00e7a sua compra agora e receba com todo conforto na sua casa ou trabalho.<\/p>\n","protected":false},"featured_media":550,"comment_status":"open","ping_status":"closed","template":"","meta":[],"product_cat":[53],"product_tag":[],"class_list":{"0":"post-549","1":"product","2":"type-product","3":"status-publish","4":"has-post-thumbnail","6":"product_cat-matinais-e-snacks","8":"first","9":"instock","10":"shipping-taxable","11":"product-type-simple"},"supplier_id":null,"supplier_sku":"","barcode":null,"atum_controlled":true,"out_stock_date":null,"out_stock_threshold":null,"inheritable":false,"inbound_stock":null,"stock_on_hold":0,"sold_today":0,"sales_last_days":0,"reserved_stock":null,"customer_returns":null,"warehouse_damage":null,"lost_in_post":null,"other_logs":null,"out_stock_days":0,"lost_sales":0,"has_location":null,"update_date":"2026-04-22T12:24:26","atum_locations":[],"atum_stock_status":"instock","restock_status":false,"low_stock_amount":"","sales_update_date":"2026-04-22T12:24:26","calc_backorders":null,"_links":{"self":[{"href":"https:\/\/emporiodoturquinho.com.br\/index.php?rest_route=\/wp\/v2\/product\/549","targetHints":{"allow":["GET"]}}],"collection":[{"href":"https:\/\/emporiodoturquinho.com.br\/index.php?rest_route=\/wp\/v2\/product"}],"about":[{"href":"https:\/\/emporiodoturquinho.com.br\/index.php?rest_route=\/wp\/v2\/types\/product"}],"replies":[{"embeddable":true,"href":"https:\/\/emporiodoturquinho.com.br\/index.php?rest_route=%2Fwp%2Fv2%2Fcomments&post=549"}],"wp:featuredmedia":[{"embeddable":true,"href":"https:\/\/emporiodoturquinho.com.br\/index.php?rest_route=\/wp\/v2\/media\/550"}],"wp:attachment":[{"href":"https:\/\/emporiodoturquinho.com.br\/index.php?rest_route=%2Fwp%2Fv2%2Fmedia&parent=549"}],"wp:term":[{"taxonomy":"product_cat","embeddable":true,"href":"https:\/\/emporiodoturquinho.com.br\/index.php?rest_route=%2Fwp%2Fv2%2Fproduct_cat&post=549"},{"taxonomy":"product_tag","embeddable":true,"href":"https:\/\/emporiodoturquinho.com.br\/index.php?rest_route=%2Fwp%2Fv2%2Fproduct_tag&post=549"}],"curies":[{"name":"wp","href":"https:\/\/api.w.org\/{rel}","templated":true}]}}