{"id":546,"date":"2024-01-25T14:59:21","date_gmt":"2024-01-25T17:59:21","guid":{"rendered":"http:\/\/emporiodoturquinho.com.br\/?post_type=product&#038;p=546"},"modified":"2024-01-25T14:59:22","modified_gmt":"2024-01-25T17:59:22","slug":"feijao-preto","status":"publish","type":"product","link":"https:\/\/emporiodoturquinho.com.br\/?product=feijao-preto","title":{"rendered":"FEIJ\u00c3O PRETO"},"content":{"rendered":"<p>VALORES NUTRICIONAIS Conhe\u00e7a os valores nutricionais deste produto<br \/>\nQuantidade por por\u00e7\u00e3o de 60g (1 e 1\/2 X\u00edcara de Ch\u00e1) %VD(*)<br \/>\nValor Energ\u00e9tico 210Kcal=837kJ 11<br \/>\nCarboidratos 39g 7<br \/>\nProte\u00ednas 9.9g 10<br \/>\nGorduras Totais 1.2g 2<br \/>\nGorduras Saturadas 0.3g 1<br \/>\nGorduras Trans 0g **<br \/>\nFibra Alimentar 10g 40<br \/>\nS\u00f3dio 0mg 0<br \/>\n(*)% Valores Di\u00e1rios de refer\u00eancia com base em uma dieta de 2.000 kcal ou 8.400 kJ. Seus valores di\u00e1rios podem ser maiores ou menores dependendo de suas necessidades energ\u00e9ticas.<\/p>\n<p>Ingrediente(s): Feij\u00e3o preto.<\/p>\n<p>Ap\u00f3s a abertura, mantenha a embalagem bem fechada. Armazene em local fresco e seco.<\/p>\n<p>AL\u00c9RGICOS: PODE CONTER TRA\u00c7OS DE SOJA, NOZES, CASTANHAS E AMENDOINS.<\/p>\n<p>N\u00c3O CONT\u00c9M GL\u00daTEN.<\/p>\n<p>CARACTER\u00cdSTICAS<br \/>\nSem Gl\u00faten: Sim<br \/>\nVegano: Sim<br \/>\nLow Carb: N\u00e3o<br \/>\nOrg\u00e2nico: N\u00e3o<br \/>\nLivre Transg\u00eanicos: Sim<br \/>\nSem Lactose: Sim<br \/>\nOrigem: Nacional<br \/>\nGranel: Sim<\/p>\n","protected":false},"excerpt":{"rendered":"<p>O Feij\u00e3o Preto se destaca pelos nutrientes que ajudam a combater a falta de ferro no organismo. Al\u00e9m de possuir zinco, mangan\u00eas e ferro.<\/p>\n<p>Uma forma do Feij\u00e3o Preto Especial ficar mais nutritivo \u00e9 preparar junto com beterraba ou folhas de espinafre para aumentar o ferro.<\/p>\n<p>Recomendamos fazer o remolho, deixando o gr\u00e3o de 8 a 12 horas na \u00e1gua antes do preparo. Para diminuir a produ\u00e7\u00e3o de gases intestinais e estomacais, prevenindo o desconforto.<\/p>\n<p>\u2022 Ajuda a combater a falta de ferro;<br \/>\n\u2022 Diminui o colesterol;<br \/>\n\u2022 Combate anemia;<br \/>\n\u2022 Prevenir c\u00e2ncer. Ajuda no emagrecimento;<br \/>\n\u2022 Possui pouco teor de gordura;<br \/>\n\u2022 Ajuda a combater problemas card\u00edacos por conta do mangan\u00eas;<br \/>\n\u2022 Aumento da massa muscular;<\/p>\n<p>Gostou? Fa\u00e7a sua compra agora e receba com todo conforto na sua casa ou trabalho.<\/p>\n","protected":false},"featured_media":547,"comment_status":"open","ping_status":"closed","template":"","meta":[],"product_cat":[31],"product_tag":[],"class_list":{"0":"post-546","1":"product","2":"type-product","3":"status-publish","4":"has-post-thumbnail","6":"product_cat-leguminosas","8":"first","9":"instock","10":"shipping-taxable","11":"product-type-simple"},"supplier_id":null,"supplier_sku":"","barcode":null,"atum_controlled":true,"out_stock_date":null,"out_stock_threshold":null,"inheritable":false,"inbound_stock":null,"stock_on_hold":0,"sold_today":0,"sales_last_days":0,"reserved_stock":null,"customer_returns":null,"warehouse_damage":null,"lost_in_post":null,"other_logs":null,"out_stock_days":0,"lost_sales":0,"has_location":null,"update_date":"2026-04-22T12:24:26","atum_locations":[],"atum_stock_status":"instock","restock_status":false,"low_stock_amount":"","sales_update_date":"2026-04-22T12:24:26","calc_backorders":null,"_links":{"self":[{"href":"https:\/\/emporiodoturquinho.com.br\/index.php?rest_route=\/wp\/v2\/product\/546","targetHints":{"allow":["GET"]}}],"collection":[{"href":"https:\/\/emporiodoturquinho.com.br\/index.php?rest_route=\/wp\/v2\/product"}],"about":[{"href":"https:\/\/emporiodoturquinho.com.br\/index.php?rest_route=\/wp\/v2\/types\/product"}],"replies":[{"embeddable":true,"href":"https:\/\/emporiodoturquinho.com.br\/index.php?rest_route=%2Fwp%2Fv2%2Fcomments&post=546"}],"wp:featuredmedia":[{"embeddable":true,"href":"https:\/\/emporiodoturquinho.com.br\/index.php?rest_route=\/wp\/v2\/media\/547"}],"wp:attachment":[{"href":"https:\/\/emporiodoturquinho.com.br\/index.php?rest_route=%2Fwp%2Fv2%2Fmedia&parent=546"}],"wp:term":[{"taxonomy":"product_cat","embeddable":true,"href":"https:\/\/emporiodoturquinho.com.br\/index.php?rest_route=%2Fwp%2Fv2%2Fproduct_cat&post=546"},{"taxonomy":"product_tag","embeddable":true,"href":"https:\/\/emporiodoturquinho.com.br\/index.php?rest_route=%2Fwp%2Fv2%2Fproduct_tag&post=546"}],"curies":[{"name":"wp","href":"https:\/\/api.w.org\/{rel}","templated":true}]}}