{"id":542,"date":"2024-01-25T14:57:27","date_gmt":"2024-01-25T17:57:27","guid":{"rendered":"http:\/\/emporiodoturquinho.com.br\/?post_type=product&#038;p=542"},"modified":"2024-01-25T14:57:27","modified_gmt":"2024-01-25T17:57:27","slug":"feijao-manteiga","status":"publish","type":"product","link":"https:\/\/emporiodoturquinho.com.br\/?product=feijao-manteiga","title":{"rendered":"FEIJ\u00c3O MANTEIGA"},"content":{"rendered":"<p>VALORES NUTRICIONAIS Conhe\u00e7a os valores nutricionais deste produto<br \/>\nQuantidade por por\u00e7\u00e3o de 60g (1\/2 X\u00edcara de Ch\u00e1) %VD(*)<br \/>\nValor Energ\u00e9tico 197Kcal=823KJ 10<br \/>\nCarboidratos 37g 12<br \/>\nProte\u00ednas 12g 16<br \/>\nGorduras Totais 0.8g 2<br \/>\nGorduras Saturadas 0g 0<br \/>\nGorduras Trans 0g **<br \/>\nFibra Alimentar 11g 44<br \/>\nS\u00f3dio 0mg 0<br \/>\n(*)% Valores Di\u00e1rios de refer\u00eancia com base em uma dieta de 2.000 kcal ou 8.400 kJ. Seus valores di\u00e1rios podem ser maiores ou menores dependendo de suas necessidades energ\u00e9ticas.<\/p>\n<p>Ingrediente(s): Feij\u00e3o Manteiga.<\/p>\n<p>Ap\u00f3s a abertura, mantenha a embalagem bem fechada. Armazene em local fresco e seco.<\/p>\n<p>AL\u00c9RGICOS: PODE CONTER TRA\u00c7OS DE SOJA, NOZES, CASTANHAS E AMENDOINS.<\/p>\n<p>N\u00c3O CONT\u00c9M GL\u00daTEN.<\/p>\n<p>CARACTER\u00cdSTICAS<br \/>\nSem Gl\u00faten: Sim<br \/>\nVegano: Sim<br \/>\nLow Carb: N\u00e3o<br \/>\nOrg\u00e2nico: N\u00e3o<br \/>\nLivre Transg\u00eanicos: Sim<br \/>\nSem Lactose: Sim<br \/>\nOrigem: Nacional<br \/>\nGranel: Sim<\/p>\n","protected":false},"excerpt":{"rendered":"<p>O Feij\u00e3o Manteiga ou feij\u00e3o canela, tem como peculiaridade os gr\u00e3os maiores, marrom claros, e seu sabor incompar\u00e1vel e muito macio, que proporciona um caldo cremoso e de alto valor nutricional.<\/p>\n<p>Propriedades do Feij\u00e3o Manteiga<br \/>\nO Feij\u00e3o Manteiga \u00e9 uma excelente fonte de fibras, ferro e minerais. Al\u00e9m disso \u00e9 uma leguminosa que cont\u00e9m antioxidantes, muito importantes para sa\u00fade do nosso corpo.<\/p>\n<p>Sugest\u00e3o de consumo do Feij\u00e3o Manteiga:<br \/>\nDeixe o Feij\u00e3o Manteiga por 12 a 24 horas em alguns litros de \u00e1gua; jogue fora a \u00e1gua, lave o Feij\u00e3o Manteiga e cozinhe em \u00e1gua limpa.<br \/>\nO Feij\u00e3o Manteiga pode ser consumido de diversas formas, como em saladas, tutus, virados, cozido com calabresa e com sopas.<\/p>\n<p>Gostou? Fa\u00e7a sua compra agora e receba com todo conforto na sua casa ou trabalho.<\/p>\n","protected":false},"featured_media":543,"comment_status":"open","ping_status":"closed","template":"","meta":[],"product_cat":[31],"product_tag":[],"class_list":{"0":"post-542","1":"product","2":"type-product","3":"status-publish","4":"has-post-thumbnail","6":"product_cat-leguminosas","8":"first","9":"instock","10":"shipping-taxable","11":"product-type-simple"},"supplier_id":null,"supplier_sku":"","barcode":null,"atum_controlled":true,"out_stock_date":null,"out_stock_threshold":null,"inheritable":false,"inbound_stock":null,"stock_on_hold":0,"sold_today":0,"sales_last_days":0,"reserved_stock":null,"customer_returns":null,"warehouse_damage":null,"lost_in_post":null,"other_logs":null,"out_stock_days":0,"lost_sales":0,"has_location":null,"update_date":"2026-04-22T12:24:26","atum_locations":[],"atum_stock_status":"instock","restock_status":false,"low_stock_amount":"","sales_update_date":"2026-04-22T12:24:26","calc_backorders":null,"_links":{"self":[{"href":"https:\/\/emporiodoturquinho.com.br\/index.php?rest_route=\/wp\/v2\/product\/542","targetHints":{"allow":["GET"]}}],"collection":[{"href":"https:\/\/emporiodoturquinho.com.br\/index.php?rest_route=\/wp\/v2\/product"}],"about":[{"href":"https:\/\/emporiodoturquinho.com.br\/index.php?rest_route=\/wp\/v2\/types\/product"}],"replies":[{"embeddable":true,"href":"https:\/\/emporiodoturquinho.com.br\/index.php?rest_route=%2Fwp%2Fv2%2Fcomments&post=542"}],"wp:featuredmedia":[{"embeddable":true,"href":"https:\/\/emporiodoturquinho.com.br\/index.php?rest_route=\/wp\/v2\/media\/543"}],"wp:attachment":[{"href":"https:\/\/emporiodoturquinho.com.br\/index.php?rest_route=%2Fwp%2Fv2%2Fmedia&parent=542"}],"wp:term":[{"taxonomy":"product_cat","embeddable":true,"href":"https:\/\/emporiodoturquinho.com.br\/index.php?rest_route=%2Fwp%2Fv2%2Fproduct_cat&post=542"},{"taxonomy":"product_tag","embeddable":true,"href":"https:\/\/emporiodoturquinho.com.br\/index.php?rest_route=%2Fwp%2Fv2%2Fproduct_tag&post=542"}],"curies":[{"name":"wp","href":"https:\/\/api.w.org\/{rel}","templated":true}]}}