{"id":540,"date":"2024-01-25T14:56:45","date_gmt":"2024-01-25T17:56:45","guid":{"rendered":"http:\/\/emporiodoturquinho.com.br\/?post_type=product&#038;p=540"},"modified":"2024-01-25T14:56:45","modified_gmt":"2024-01-25T17:56:45","slug":"feijao-falo","status":"publish","type":"product","link":"https:\/\/emporiodoturquinho.com.br\/?product=feijao-falo","title":{"rendered":"FEIJ\u00c3O FALO"},"content":{"rendered":"<p>VALORES NUTRICIONAIS Conhe\u00e7a os valores nutricionais deste produto<br \/>\nQuantidade por por\u00e7\u00e3o de 60g (1\/2 X\u00edcara de Ch\u00e1) %VD(*)<br \/>\nValor Energ\u00e9tico 197Kcal=823KJ 10<br \/>\nCarboidratos 37g 12<br \/>\nProte\u00ednas 12g 16<br \/>\nGorduras Totais 0.5g 1<br \/>\nGorduras Saturadas 0.2g 1<br \/>\nGorduras Trans 0g **<br \/>\nFibra Alimentar 18g 72<br \/>\nS\u00f3dio 15mg 1<br \/>\n(*)% Valores Di\u00e1rios de refer\u00eancia com base em uma dieta de 2.000 kcal ou 8.400 kJ. Seus valores di\u00e1rios podem ser maiores ou menores dependendo de suas necessidades energ\u00e9ticas.<\/p>\n<p>Ingrediente(s): Feij\u00e3o Jalo.<\/p>\n<p>Ap\u00f3s a abertura, mantenha a embalagem bem fechada. Armazene em local fresco e seco.<\/p>\n<p>AL\u00c9RGICOS: PODE CONTER TRA\u00c7OS DE SOJA, NOZES, CASTANHAS E AMENDOINS.<\/p>\n<p>N\u00c3O CONT\u00c9M GL\u00daTEN.<\/p>\n<p>CARACTER\u00cdSTICAS<br \/>\nSem Gl\u00faten: Sim<br \/>\nVegano: Sim<br \/>\nLow Carb: N\u00e3o<br \/>\nOrg\u00e2nico: N\u00e3o<br \/>\nLivre Transg\u00eanicos: Sim<br \/>\nSem Lactose: Sim<br \/>\nOrigem: Nacional<br \/>\nGranel: Sim<\/p>\n","protected":false},"excerpt":{"rendered":"<p>Com caracter\u00edsticas marcantes o feij\u00e3o de jalo vem se tornando cada vez mais popular no card\u00e1pio do brasileiro, com formato alongado e cor amarelada, tem consist\u00eancia macia e sabor sutil, quase adocicado. Sua coc\u00e7\u00e3o produz um caldo encorpado, levemente avermelhado e cheio de aroma e sabor.<\/p>\n<p>Propriedades do feij\u00e3o de Jalo:<br \/>\nO feij\u00e3o de jalo \u00e9 uma excelente fonte de fibras, ferro e minerais. Al\u00e9m disso \u00e9 uma leguminosa que cont\u00e9m antioxidantes, muito importantes para sa\u00fade do nosso corpo.<\/p>\n<p>Sugest\u00e3o de consumo do feij\u00e3o de Jalo:<br \/>\nMuito popular em Minas Gerais e no Centro-Oeste do Brasil o feij\u00e3o de jalo pode ser consumido de diversas formas, como em saladas, tutus, virados, cozido com calabresa e com sopas.<\/p>\n<p>Gostou? Fa\u00e7a sua compra agora e receba com todo conforto na sua casa ou trabalho.<\/p>\n","protected":false},"featured_media":541,"comment_status":"open","ping_status":"closed","template":"","meta":[],"product_cat":[31],"product_tag":[],"class_list":{"0":"post-540","1":"product","2":"type-product","3":"status-publish","4":"has-post-thumbnail","6":"product_cat-leguminosas","8":"first","9":"instock","10":"shipping-taxable","11":"product-type-simple"},"supplier_id":null,"supplier_sku":"","barcode":null,"atum_controlled":true,"out_stock_date":null,"out_stock_threshold":null,"inheritable":false,"inbound_stock":null,"stock_on_hold":0,"sold_today":0,"sales_last_days":0,"reserved_stock":null,"customer_returns":null,"warehouse_damage":null,"lost_in_post":null,"other_logs":null,"out_stock_days":0,"lost_sales":0,"has_location":null,"update_date":"2026-04-22T12:24:23","atum_locations":[],"atum_stock_status":"instock","restock_status":false,"low_stock_amount":"","sales_update_date":"2026-04-22T12:24:23","calc_backorders":null,"_links":{"self":[{"href":"https:\/\/emporiodoturquinho.com.br\/index.php?rest_route=\/wp\/v2\/product\/540","targetHints":{"allow":["GET"]}}],"collection":[{"href":"https:\/\/emporiodoturquinho.com.br\/index.php?rest_route=\/wp\/v2\/product"}],"about":[{"href":"https:\/\/emporiodoturquinho.com.br\/index.php?rest_route=\/wp\/v2\/types\/product"}],"replies":[{"embeddable":true,"href":"https:\/\/emporiodoturquinho.com.br\/index.php?rest_route=%2Fwp%2Fv2%2Fcomments&post=540"}],"wp:featuredmedia":[{"embeddable":true,"href":"https:\/\/emporiodoturquinho.com.br\/index.php?rest_route=\/wp\/v2\/media\/541"}],"wp:attachment":[{"href":"https:\/\/emporiodoturquinho.com.br\/index.php?rest_route=%2Fwp%2Fv2%2Fmedia&parent=540"}],"wp:term":[{"taxonomy":"product_cat","embeddable":true,"href":"https:\/\/emporiodoturquinho.com.br\/index.php?rest_route=%2Fwp%2Fv2%2Fproduct_cat&post=540"},{"taxonomy":"product_tag","embeddable":true,"href":"https:\/\/emporiodoturquinho.com.br\/index.php?rest_route=%2Fwp%2Fv2%2Fproduct_tag&post=540"}],"curies":[{"name":"wp","href":"https:\/\/api.w.org\/{rel}","templated":true}]}}