{"id":538,"date":"2024-01-25T14:56:01","date_gmt":"2024-01-25T17:56:01","guid":{"rendered":"http:\/\/emporiodoturquinho.com.br\/?post_type=product&#038;p=538"},"modified":"2024-01-25T14:56:01","modified_gmt":"2024-01-25T17:56:01","slug":"feijao-fradinho","status":"publish","type":"product","link":"https:\/\/emporiodoturquinho.com.br\/?product=feijao-fradinho","title":{"rendered":"FEIJAO FRADINHO"},"content":{"rendered":"<p>VALORES NUTRICIONAIS Conhe\u00e7a os valores nutricionais deste produto<br \/>\nQuantidade por por\u00e7\u00e3o de 60g (1 e 1\/2 X\u00edcara de Ch\u00e1) %VD(*)<br \/>\nValor Energ\u00e9tico 200Kcal=837kJ 10<br \/>\nCarboidratos 36g 12<br \/>\nProte\u00ednas 12g 16<br \/>\nGorduras Totais 1.4g 3<br \/>\nGorduras Saturadas 0g 0<br \/>\nGorduras Trans 0g **<br \/>\nFibra Alimentar 14g 56<br \/>\nS\u00f3dio 6mg 0<br \/>\n(*)% Valores Di\u00e1rios de refer\u00eancia com base em uma dieta de 2.000 kcal ou 8.400 kJ. Seus valores di\u00e1rios podem ser maiores ou menores dependendo de suas necessidades energ\u00e9ticas.<\/p>\n<p>Ingrediente(s): Feij\u00e3o fradinho.<\/p>\n<p>Ap\u00f3s a abertura, mantenha a embalagem bem fechada. Armazene em local fresco e seco.<\/p>\n<p>AL\u00c9RGICOS: PODE CONTER TRA\u00c7OS DE SOJA, NOZES, CASTANHAS E AMENDOINS.<\/p>\n<p>N\u00c3O CONT\u00c9M GL\u00daTEN.<\/p>\n<p>CARACTER\u00cdSTICAS<br \/>\nSem Gl\u00faten: Sim<br \/>\nVegano: Sim<br \/>\nLow Carb: N\u00e3o<br \/>\nOrg\u00e2nico: N\u00e3o<br \/>\nLivre Transg\u00eanicos: Sim<br \/>\nSem Lactose: Sim<br \/>\nOrigem: Nacional<br \/>\nGranel: Sim<\/p>\n","protected":false},"excerpt":{"rendered":"<p>O feij\u00e3o fradinho \u00e9 uma leguminosa com alto valor nutritivo, principalmente ferro. \u00c9 um alimento rico em prote\u00ednas vegetais. Possui uma boa quantidade de fibras (cada 100 gramas de feij\u00e3o apresenta, em m\u00e9dia, 23,6 gramas de fibras).<\/p>\n<p>Al\u00e9m do ferro, possui os seguintes sais minerais (pot\u00e1ssio, f\u00f3sforo e c\u00e1lcio). O Feij\u00e3o Fradinho \u00e9 pequeno, de cor clara com mancha escura na lateral do gr\u00e3o.<\/p>\n<p>Onde \u00e9 mais utilizado o Feij\u00e3o Fradinho?<br \/>\nPode ser consumido cozido na forma tradicional, e tamb\u00e9m em saladas e vinagrete, s\u00e3o \u00f3timas op\u00e7\u00f5es e muito nutritivas.<\/p>\n<p>O Feij\u00e3o Fradinho tamb\u00e9m \u00e9 bastante conhecido por ser utilizado na culin\u00e1ria nordestina, em especial no famoso prato &#8216;bai\u00e3o de dois&#8217;.<\/p>\n<p>Gostou? Fa\u00e7a sua compra agora e receba com todo conforto na sua casa ou trabalho.<\/p>\n<p>&nbsp;<\/p>\n","protected":false},"featured_media":539,"comment_status":"open","ping_status":"closed","template":"","meta":[],"product_cat":[31],"product_tag":[],"class_list":{"0":"post-538","1":"product","2":"type-product","3":"status-publish","4":"has-post-thumbnail","6":"product_cat-leguminosas","8":"first","9":"instock","10":"shipping-taxable","11":"product-type-simple"},"supplier_id":null,"supplier_sku":"","barcode":null,"atum_controlled":true,"out_stock_date":null,"out_stock_threshold":null,"inheritable":false,"inbound_stock":null,"stock_on_hold":0,"sold_today":0,"sales_last_days":0,"reserved_stock":null,"customer_returns":null,"warehouse_damage":null,"lost_in_post":null,"other_logs":null,"out_stock_days":0,"lost_sales":0,"has_location":null,"update_date":"2026-04-22T12:24:23","atum_locations":[],"atum_stock_status":"instock","restock_status":false,"low_stock_amount":"","sales_update_date":"2026-04-22T12:24:23","calc_backorders":null,"_links":{"self":[{"href":"https:\/\/emporiodoturquinho.com.br\/index.php?rest_route=\/wp\/v2\/product\/538","targetHints":{"allow":["GET"]}}],"collection":[{"href":"https:\/\/emporiodoturquinho.com.br\/index.php?rest_route=\/wp\/v2\/product"}],"about":[{"href":"https:\/\/emporiodoturquinho.com.br\/index.php?rest_route=\/wp\/v2\/types\/product"}],"replies":[{"embeddable":true,"href":"https:\/\/emporiodoturquinho.com.br\/index.php?rest_route=%2Fwp%2Fv2%2Fcomments&post=538"}],"wp:featuredmedia":[{"embeddable":true,"href":"https:\/\/emporiodoturquinho.com.br\/index.php?rest_route=\/wp\/v2\/media\/539"}],"wp:attachment":[{"href":"https:\/\/emporiodoturquinho.com.br\/index.php?rest_route=%2Fwp%2Fv2%2Fmedia&parent=538"}],"wp:term":[{"taxonomy":"product_cat","embeddable":true,"href":"https:\/\/emporiodoturquinho.com.br\/index.php?rest_route=%2Fwp%2Fv2%2Fproduct_cat&post=538"},{"taxonomy":"product_tag","embeddable":true,"href":"https:\/\/emporiodoturquinho.com.br\/index.php?rest_route=%2Fwp%2Fv2%2Fproduct_tag&post=538"}],"curies":[{"name":"wp","href":"https:\/\/api.w.org\/{rel}","templated":true}]}}