{"id":536,"date":"2024-01-25T14:54:51","date_gmt":"2024-01-25T17:54:51","guid":{"rendered":"http:\/\/emporiodoturquinho.com.br\/?post_type=product&#038;p=536"},"modified":"2024-01-25T14:54:51","modified_gmt":"2024-01-25T17:54:51","slug":"feijao-corda","status":"publish","type":"product","link":"https:\/\/emporiodoturquinho.com.br\/?product=feijao-corda","title":{"rendered":"FEIJ\u00c3O CORDA"},"content":{"rendered":"<p>VALORES NUTRICIONAIS Conhe\u00e7a os valores nutricionais deste produto<br \/>\nQuantidade por por\u00e7\u00e3o de 60g (1\/2 X\u00edcara de Ch\u00e1) %VD(*)<br \/>\nValor Energ\u00e9tico 200Kcal=820KJ 20<br \/>\nCarboidratos 32g 11<br \/>\nProte\u00ednas 14g 19<br \/>\nGorduras Totais 0g 0<br \/>\nGorduras Saturadas 0g 0<br \/>\nGorduras Trans 0g **<br \/>\nFibra Alimentar 16g 64<br \/>\nS\u00f3dio 0mg 0<br \/>\n(*)% Valores Di\u00e1rios de refer\u00eancia com base em uma dieta de 2.000 kcal ou 8.400 kJ. Seus valores di\u00e1rios podem ser maiores ou menores dependendo de suas necessidades energ\u00e9ticas.<\/p>\n<p>Ingrediente(s): Feij\u00e3o de corda.<\/p>\n<p>Ap\u00f3s a abertura, mantenha a embalagem bem fechada. Armazene em local fresco e seco.<\/p>\n<p>AL\u00c9RGICOS: PODE CONTER TRA\u00c7OS DE SOJA, NOZES, CASTANHAS E AMENDOINS.<\/p>\n<p>N\u00c3O CONT\u00c9M GL\u00daTEN.<\/p>\n<p>CARACTER\u00cdSTICAS<br \/>\nSem Gl\u00faten: Sim<br \/>\nVegano: Sim<br \/>\nLow Carb: N\u00e3o<br \/>\nOrg\u00e2nico: N\u00e3o<br \/>\nLivre Transg\u00eanicos: Sim<br \/>\nSem Lactose: Sim<br \/>\nOrigem: Nacional<br \/>\nGranel: Sim<\/p>\n","protected":false},"excerpt":{"rendered":"<p>Vigna unguiculata, popularmente conhecido como feij\u00e3o-frade, feij\u00e3o-mi\u00fado, feij\u00e3o-caupi, feij\u00e3o-de-corda, ou feij\u00e3o-mac\u00e1\u00e7ar \u00e9 uma planta da fam\u00edlia das leguminosas, subfam\u00edlia papiliono\u00eddea. O Feij\u00e3o de corda \u00e9 bastante popular principalmente na regi\u00e3o nordeste do pa\u00eds, pois comp\u00f5e diversas receitas regionais.<\/p>\n<p>Benef\u00edcios do feij\u00e3o de corda:<br \/>\nO feij\u00e3o de corda possui poucas calorias e baixo \u00edndice glic\u00eamico, pouqu\u00edssima gordura e rico em nutrientes como prote\u00ednas, minerais, vitaminas e fibras. Fonte de f\u00f3sforo, c\u00e1lcio, ferro, pot\u00e1ssio e vitaminas A, C e K, \u00e9 um aliado da sa\u00fade. As fibras presentes no feij\u00e3o de corda melhoram o tr\u00e2nsito intestinal, as prote\u00ednas s\u00e3o componentes importantes de m\u00fasculos e atuam no crescimento. O ferro previne a anemia, o zinco, mangan\u00eas e pot\u00e1ssio s\u00e3o importantes para muitas fun\u00e7\u00f5es do organismo.<\/p>\n<p>Como utilizar o feij\u00e3o de corda:<br \/>\nDeixe o feij\u00e3o de corda por 12 a 24 horas em alguns litros de \u00e1gua; jogue fora a \u00e1gua, lave o Feij\u00e3o bolinha e cozinhe em \u00e1gua limpa.<br \/>\nPode ser usado como base para saladas, farofas, caldos.<\/p>\n<p>Gostou? Fa\u00e7a sua compra agora e receba com todo conforto na sua casa ou trabalho.<\/p>\n","protected":false},"featured_media":537,"comment_status":"open","ping_status":"closed","template":"","meta":[],"product_cat":[31],"product_tag":[],"class_list":{"0":"post-536","1":"product","2":"type-product","3":"status-publish","4":"has-post-thumbnail","6":"product_cat-leguminosas","8":"first","9":"instock","10":"shipping-taxable","11":"product-type-simple"},"supplier_id":null,"supplier_sku":"","barcode":null,"atum_controlled":true,"out_stock_date":null,"out_stock_threshold":null,"inheritable":false,"inbound_stock":null,"stock_on_hold":0,"sold_today":0,"sales_last_days":0,"reserved_stock":null,"customer_returns":null,"warehouse_damage":null,"lost_in_post":null,"other_logs":null,"out_stock_days":0,"lost_sales":0,"has_location":null,"update_date":"2026-04-22T12:24:23","atum_locations":[],"atum_stock_status":"instock","restock_status":false,"low_stock_amount":"","sales_update_date":"2026-04-22T12:24:23","calc_backorders":null,"_links":{"self":[{"href":"https:\/\/emporiodoturquinho.com.br\/index.php?rest_route=\/wp\/v2\/product\/536","targetHints":{"allow":["GET"]}}],"collection":[{"href":"https:\/\/emporiodoturquinho.com.br\/index.php?rest_route=\/wp\/v2\/product"}],"about":[{"href":"https:\/\/emporiodoturquinho.com.br\/index.php?rest_route=\/wp\/v2\/types\/product"}],"replies":[{"embeddable":true,"href":"https:\/\/emporiodoturquinho.com.br\/index.php?rest_route=%2Fwp%2Fv2%2Fcomments&post=536"}],"wp:featuredmedia":[{"embeddable":true,"href":"https:\/\/emporiodoturquinho.com.br\/index.php?rest_route=\/wp\/v2\/media\/537"}],"wp:attachment":[{"href":"https:\/\/emporiodoturquinho.com.br\/index.php?rest_route=%2Fwp%2Fv2%2Fmedia&parent=536"}],"wp:term":[{"taxonomy":"product_cat","embeddable":true,"href":"https:\/\/emporiodoturquinho.com.br\/index.php?rest_route=%2Fwp%2Fv2%2Fproduct_cat&post=536"},{"taxonomy":"product_tag","embeddable":true,"href":"https:\/\/emporiodoturquinho.com.br\/index.php?rest_route=%2Fwp%2Fv2%2Fproduct_tag&post=536"}],"curies":[{"name":"wp","href":"https:\/\/api.w.org\/{rel}","templated":true}]}}