{"id":532,"date":"2024-01-25T14:53:33","date_gmt":"2024-01-25T17:53:33","guid":{"rendered":"http:\/\/emporiodoturquinho.com.br\/?post_type=product&#038;p=532"},"modified":"2024-01-25T14:53:33","modified_gmt":"2024-01-25T17:53:33","slug":"feijao-bolinha","status":"publish","type":"product","link":"https:\/\/emporiodoturquinho.com.br\/?product=feijao-bolinha","title":{"rendered":"FEIJAO BOLINHA"},"content":{"rendered":"<p>VALORES NUTRICIONAIS Conhe\u00e7a os valores nutricionais deste produto<br \/>\nQuantidade por por\u00e7\u00e3o de 60g (1\/2 X\u00edcara de Ch\u00e1) %VD(*)<br \/>\nValor Energ\u00e9tico 146Kcal=614KJ 7<br \/>\nCarboidratos 22g 7<br \/>\nProte\u00ednas 12g 16<br \/>\nGorduras Totais 0g 0<br \/>\nGorduras Saturadas 0g 0<br \/>\nGorduras Trans 0g **<br \/>\nFibra Alimentar 16g 65<br \/>\nS\u00f3dio 0mg 0<br \/>\n(*)% Valores Di\u00e1rios de refer\u00eancia com base em uma dieta de 2.000 kcal ou 8.400 kJ. Seus valores di\u00e1rios podem ser maiores ou menores dependendo de suas necessidades energ\u00e9ticas.<\/p>\n<p>Ingrediente(s): Feij\u00e3o bolinha.<\/p>\n<p>Ap\u00f3s a abertura, mantenha a embalagem bem fechada. Armazene em local fresco e seco.<\/p>\n<p>AL\u00c9RGICOS: PODE CONTER TRA\u00c7OS DE SOJA, NOZES, CASTANHAS E AMENDOINS.<\/p>\n<p>N\u00c3O CONT\u00c9M GL\u00daTEN.<\/p>\n<p>CARACTER\u00cdSTICAS<br \/>\nSem Gl\u00faten: Sim<br \/>\nVegano: Sim<br \/>\nLow Carb: N\u00e3o<br \/>\nOrg\u00e2nico: N\u00e3o<br \/>\nLivre Transg\u00eanicos: Sim<br \/>\nSem Lactose: Sim<br \/>\nOrigem: Nacional<br \/>\nGranel: Sim<\/p>\n","protected":false},"excerpt":{"rendered":"<p>O Feij\u00e3o bolinha \u00e9 um gr\u00e3o que faz parte da fam\u00edlia das leguminosas, o feij\u00e3o bolinha passa por um rigoroso controle de qualidade que inicia-se na lavoura, passando por diversas etapas de limpeza e sele\u00e7\u00e3o, garantindo um produto com cozimento uniforme e gr\u00e3os macios.<\/p>\n<p>Benef\u00edcios do Feij\u00e3o bolinha:<br \/>\nO Feij\u00e3o bolinha constitui uma excelente fonte de carboidratos, prote\u00ednas, ferro, minerais e vitaminas do complexo B al\u00e9m de possuir propriedades desintoxicantes.<br \/>\nO consumo desse Feij\u00e3o \u00e9 indicado para diab\u00e9ticos por possuir \u00edndice glic\u00eamico baixo, promove aumento na sensa\u00e7\u00e3o de saciedade al\u00e9m de auxiliar na melhora da a\u00e7\u00e3o intestinal sendo uma \u00f3tima op\u00e7\u00e3o para quem busca sabor e qualidade de vida.<\/p>\n<p>Como utilizar o Feij\u00e3o bolinha:<br \/>\nDeixe o Feij\u00e3o bolinha por 12 a 24 horas em alguns litros de \u00e1gua; jogue fora a \u00e1gua, lave o Feij\u00e3o bolinha e cozinhe em \u00e1gua limpa.<\/p>\n<p>Gostou? Fa\u00e7a sua compra agora e receba com todo conforto na sua casa ou trabalho.<\/p>\n","protected":false},"featured_media":533,"comment_status":"open","ping_status":"closed","template":"","meta":[],"product_cat":[31],"product_tag":[],"class_list":{"0":"post-532","1":"product","2":"type-product","3":"status-publish","4":"has-post-thumbnail","6":"product_cat-leguminosas","8":"first","9":"instock","10":"shipping-taxable","11":"product-type-simple"},"supplier_id":null,"supplier_sku":"","barcode":null,"atum_controlled":true,"out_stock_date":null,"out_stock_threshold":null,"inheritable":false,"inbound_stock":null,"stock_on_hold":0,"sold_today":0,"sales_last_days":0,"reserved_stock":null,"customer_returns":null,"warehouse_damage":null,"lost_in_post":null,"other_logs":null,"out_stock_days":0,"lost_sales":0,"has_location":null,"update_date":"2026-04-22T12:24:24","atum_locations":[],"atum_stock_status":"instock","restock_status":false,"low_stock_amount":"","sales_update_date":"2026-04-22T12:24:24","calc_backorders":null,"_links":{"self":[{"href":"https:\/\/emporiodoturquinho.com.br\/index.php?rest_route=\/wp\/v2\/product\/532","targetHints":{"allow":["GET"]}}],"collection":[{"href":"https:\/\/emporiodoturquinho.com.br\/index.php?rest_route=\/wp\/v2\/product"}],"about":[{"href":"https:\/\/emporiodoturquinho.com.br\/index.php?rest_route=\/wp\/v2\/types\/product"}],"replies":[{"embeddable":true,"href":"https:\/\/emporiodoturquinho.com.br\/index.php?rest_route=%2Fwp%2Fv2%2Fcomments&post=532"}],"wp:featuredmedia":[{"embeddable":true,"href":"https:\/\/emporiodoturquinho.com.br\/index.php?rest_route=\/wp\/v2\/media\/533"}],"wp:attachment":[{"href":"https:\/\/emporiodoturquinho.com.br\/index.php?rest_route=%2Fwp%2Fv2%2Fmedia&parent=532"}],"wp:term":[{"taxonomy":"product_cat","embeddable":true,"href":"https:\/\/emporiodoturquinho.com.br\/index.php?rest_route=%2Fwp%2Fv2%2Fproduct_cat&post=532"},{"taxonomy":"product_tag","embeddable":true,"href":"https:\/\/emporiodoturquinho.com.br\/index.php?rest_route=%2Fwp%2Fv2%2Fproduct_tag&post=532"}],"curies":[{"name":"wp","href":"https:\/\/api.w.org\/{rel}","templated":true}]}}