{"id":530,"date":"2024-01-25T14:52:50","date_gmt":"2024-01-25T17:52:50","guid":{"rendered":"http:\/\/emporiodoturquinho.com.br\/?post_type=product&#038;p=530"},"modified":"2024-01-25T14:52:50","modified_gmt":"2024-01-25T17:52:50","slug":"feijao-azuki","status":"publish","type":"product","link":"https:\/\/emporiodoturquinho.com.br\/?product=feijao-azuki","title":{"rendered":"FEIJ\u00c3O AZUKI"},"content":{"rendered":"<p>VALORES NUTRICIONAIS Conhe\u00e7a os valores nutricionais deste produto<br \/>\nQuantidade por por\u00e7\u00e3o de 60g (1\/2 X\u00edcara de Ch\u00e1) %VD(*)<br \/>\nValor Energ\u00e9tico 190Kcal=795KJ 10<br \/>\nCarboidratos 38g 13<br \/>\nProte\u00ednas 11g 15<br \/>\nGorduras Totais 0.3g 1<br \/>\nGorduras Saturadas 0g 0<br \/>\nGorduras Trans 0g **<br \/>\nFibra Alimentar 7.2g 29<br \/>\nS\u00f3dio 3.0mg 0<br \/>\n(*)% Valores Di\u00e1rios de refer\u00eancia com base em uma dieta de 2.000 kcal ou 8.400 kJ. Seus valores di\u00e1rios podem ser maiores ou menores dependendo de suas necessidades energ\u00e9ticas.<\/p>\n<p>Ingrediente(s): Feij\u00e3o azuki.<\/p>\n<p>Ap\u00f3s a abertura, mantenha a embalagem bem fechada. Armazene em local fresco e seco.<\/p>\n<p>AL\u00c9RGICOS: PODE CONTER TRA\u00c7OS DE SOJA, NOZES, CASTANHAS E AMENDOINS.<\/p>\n<p>N\u00c3O CONT\u00c9M GL\u00daTEN.<\/p>\n<p>CARACTER\u00cdSTICAS<br \/>\nSem Gl\u00faten: Sim<br \/>\nVegano: Sim<br \/>\nLow Carb: N\u00e3o<br \/>\nOrg\u00e2nico: N\u00e3o<br \/>\nLivre Transg\u00eanicos: Sim<br \/>\nSem Lactose: Sim<br \/>\nOrigem: Importado<br \/>\nGranel: Sim<\/p>\n","protected":false},"excerpt":{"rendered":"<p>O Feij\u00e3o azuki \u00e9 origin\u00e1rio da China sendo famoso na culin\u00e1ria asi\u00e1tica. Recentemente come\u00e7ou a ser consumido tamb\u00e9m em outros pa\u00edses. Os Feij\u00f5es Azuki t\u00eam um sabor suave demonstrando uma qualidade doce que explica por que eles se encaixam t\u00e3o bem em pratos doces. Ainda cru apresenta uma superf\u00edcie lisa, com algumas ondula\u00e7\u00f5es normais da leguminosa.<\/p>\n<p>Propriedades do Feij\u00e3o Azuki:<br \/>\nO Feij\u00e3o Azuki \u00e9 uma \u00f3tima fonte de prote\u00ednas, fibras, ferro, magn\u00e9sio e vitaminas do complexo B. Muito conhecido por ter uma digest\u00e3o melhor que os outros feij\u00f5es.<\/p>\n<p>Gostou? Fa\u00e7a sua compra agora e receba com todo conforto na sua casa ou trabalho.<\/p>\n","protected":false},"featured_media":531,"comment_status":"open","ping_status":"closed","template":"","meta":[],"product_cat":[31],"product_tag":[],"class_list":{"0":"post-530","1":"product","2":"type-product","3":"status-publish","4":"has-post-thumbnail","6":"product_cat-leguminosas","8":"first","9":"instock","10":"shipping-taxable","11":"product-type-simple"},"supplier_id":null,"supplier_sku":"","barcode":null,"atum_controlled":true,"out_stock_date":null,"out_stock_threshold":null,"inheritable":false,"inbound_stock":null,"stock_on_hold":0,"sold_today":0,"sales_last_days":0,"reserved_stock":null,"customer_returns":null,"warehouse_damage":null,"lost_in_post":null,"other_logs":null,"out_stock_days":0,"lost_sales":0,"has_location":null,"update_date":"2026-04-22T12:24:24","atum_locations":[],"atum_stock_status":"instock","restock_status":false,"low_stock_amount":"","sales_update_date":"2026-04-22T12:24:24","calc_backorders":null,"_links":{"self":[{"href":"https:\/\/emporiodoturquinho.com.br\/index.php?rest_route=\/wp\/v2\/product\/530","targetHints":{"allow":["GET"]}}],"collection":[{"href":"https:\/\/emporiodoturquinho.com.br\/index.php?rest_route=\/wp\/v2\/product"}],"about":[{"href":"https:\/\/emporiodoturquinho.com.br\/index.php?rest_route=\/wp\/v2\/types\/product"}],"replies":[{"embeddable":true,"href":"https:\/\/emporiodoturquinho.com.br\/index.php?rest_route=%2Fwp%2Fv2%2Fcomments&post=530"}],"wp:featuredmedia":[{"embeddable":true,"href":"https:\/\/emporiodoturquinho.com.br\/index.php?rest_route=\/wp\/v2\/media\/531"}],"wp:attachment":[{"href":"https:\/\/emporiodoturquinho.com.br\/index.php?rest_route=%2Fwp%2Fv2%2Fmedia&parent=530"}],"wp:term":[{"taxonomy":"product_cat","embeddable":true,"href":"https:\/\/emporiodoturquinho.com.br\/index.php?rest_route=%2Fwp%2Fv2%2Fproduct_cat&post=530"},{"taxonomy":"product_tag","embeddable":true,"href":"https:\/\/emporiodoturquinho.com.br\/index.php?rest_route=%2Fwp%2Fv2%2Fproduct_tag&post=530"}],"curies":[{"name":"wp","href":"https:\/\/api.w.org\/{rel}","templated":true}]}}