{"id":528,"date":"2024-01-25T14:52:04","date_gmt":"2024-01-25T17:52:04","guid":{"rendered":"http:\/\/emporiodoturquinho.com.br\/?post_type=product&#038;p=528"},"modified":"2024-01-25T14:52:04","modified_gmt":"2024-01-25T17:52:04","slug":"fava-branca","status":"publish","type":"product","link":"https:\/\/emporiodoturquinho.com.br\/?product=fava-branca","title":{"rendered":"FAVA BRANCA"},"content":{"rendered":"<p>VALORES NUTRICIONAIS Conhe\u00e7a os valores nutricionais deste produto<br \/>\nQuantidade por por\u00e7\u00e3o de 60g (1 X\u00edcara de Ch\u00e1) %VD(*)<br \/>\nValor Energ\u00e9tico 205Kcal=857kJ 10<br \/>\nCarboidratos 35g 12<br \/>\nProte\u00ednas 16g 21<br \/>\nGorduras Totais 0.9g 2<br \/>\nGorduras Saturadas 0.2g 1<br \/>\nGorduras Trans 0g **<br \/>\nFibra Alimentar 15g 60<br \/>\nS\u00f3dio 7.8mg 0<br \/>\n(*)% Valores Di\u00e1rios de refer\u00eancia com base em uma dieta de 2.000 kcal ou 8.400 kJ. Seus valores di\u00e1rios podem ser maiores ou menores dependendo de suas necessidades energ\u00e9ticas.<\/p>\n<p>Ingrediente(s): Fava branca.<\/p>\n<p>Ap\u00f3s a abertura, mantenha a embalagem bem fechada. Armazene em local fresco e seco.<\/p>\n<p>AL\u00c9RGICOS: PODE CONTER TRA\u00c7OS DE SOJA, NOZES, CASTANHAS E AMENDOINS.<\/p>\n<p>N\u00c3O CONT\u00c9M GL\u00daTEN.<\/p>\n<p>CARACTER\u00cdSTICAS<br \/>\nSem Gl\u00faten: Sim<br \/>\nVegano: Sim<br \/>\nLow Carb: N\u00e3o<br \/>\nOrg\u00e2nico: N\u00e3o<br \/>\nLivre Transg\u00eanicos: Sim<br \/>\nSem Lactose: Sim<br \/>\nOrigem: Importado<br \/>\nGranel: Sim<\/p>\n","protected":false},"excerpt":{"rendered":"<p>A Fava Branca \u00e9 um gr\u00e3o que faz parte da fam\u00edlia das leguminosas, possui grande quantidade de prote\u00ednas e fibras, possuindo baixo teor de gordura. A Fava Branca \u00e9 uma op\u00e7\u00e3o saud\u00e1vel para o seu dia a dia.<\/p>\n<p>Benef\u00edcios da Fava branca:<br \/>\nEntre os seus nutrientes n\u00f3s podemos destacar as vitaminas do complexo B, vitamina C, carboidratos, amido, magn\u00e9sio, pot\u00e1ssio, ferro, \u00e1cidos f\u00f3lico, fibras, antioxidantes, prote\u00ednas, cobre, f\u00f3sforo, que s\u00e3o importantes para manter o bom funcionamento do corpo, al\u00e9m de conter um baixo teor de gordura e ser livre de gordura saturada, o que significa que consumir a fava tamb\u00e9m pode ajudar a emagrecer.<\/p>\n<p>Como utilizar a Fava branca:<br \/>\nA Fava \u00e9 utilizada para preparar diversos pratos saborosos, desde saladas, sopas e paella.<br \/>\nDeixe a Fava Branca por 12 a 24 horas em alguns litros de \u00e1gua; jogue fora a \u00e1gua, lave a Fava Branca e cozinhe em \u00e1gua limpa.<\/p>\n<p>Gostou? Fa\u00e7a sua compra agora e receba com todo conforto na sua casa ou trabalho.<\/p>\n","protected":false},"featured_media":529,"comment_status":"open","ping_status":"closed","template":"","meta":[],"product_cat":[31],"product_tag":[],"class_list":{"0":"post-528","1":"product","2":"type-product","3":"status-publish","4":"has-post-thumbnail","6":"product_cat-leguminosas","8":"first","9":"instock","10":"shipping-taxable","11":"product-type-simple"},"supplier_id":null,"supplier_sku":"","barcode":null,"atum_controlled":true,"out_stock_date":null,"out_stock_threshold":null,"inheritable":false,"inbound_stock":null,"stock_on_hold":0,"sold_today":0,"sales_last_days":0,"reserved_stock":null,"customer_returns":null,"warehouse_damage":null,"lost_in_post":null,"other_logs":null,"out_stock_days":0,"lost_sales":0,"has_location":null,"update_date":"2026-04-22T12:24:24","atum_locations":[],"atum_stock_status":"instock","restock_status":false,"low_stock_amount":"","sales_update_date":"2026-04-22T12:24:24","calc_backorders":null,"_links":{"self":[{"href":"https:\/\/emporiodoturquinho.com.br\/index.php?rest_route=\/wp\/v2\/product\/528","targetHints":{"allow":["GET"]}}],"collection":[{"href":"https:\/\/emporiodoturquinho.com.br\/index.php?rest_route=\/wp\/v2\/product"}],"about":[{"href":"https:\/\/emporiodoturquinho.com.br\/index.php?rest_route=\/wp\/v2\/types\/product"}],"replies":[{"embeddable":true,"href":"https:\/\/emporiodoturquinho.com.br\/index.php?rest_route=%2Fwp%2Fv2%2Fcomments&post=528"}],"wp:featuredmedia":[{"embeddable":true,"href":"https:\/\/emporiodoturquinho.com.br\/index.php?rest_route=\/wp\/v2\/media\/529"}],"wp:attachment":[{"href":"https:\/\/emporiodoturquinho.com.br\/index.php?rest_route=%2Fwp%2Fv2%2Fmedia&parent=528"}],"wp:term":[{"taxonomy":"product_cat","embeddable":true,"href":"https:\/\/emporiodoturquinho.com.br\/index.php?rest_route=%2Fwp%2Fv2%2Fproduct_cat&post=528"},{"taxonomy":"product_tag","embeddable":true,"href":"https:\/\/emporiodoturquinho.com.br\/index.php?rest_route=%2Fwp%2Fv2%2Fproduct_tag&post=528"}],"curies":[{"name":"wp","href":"https:\/\/api.w.org\/{rel}","templated":true}]}}