{"id":526,"date":"2024-01-25T14:49:58","date_gmt":"2024-01-25T17:49:58","guid":{"rendered":"http:\/\/emporiodoturquinho.com.br\/?post_type=product&#038;p=526"},"modified":"2024-01-25T14:49:58","modified_gmt":"2024-01-25T17:49:58","slug":"ervilha","status":"publish","type":"product","link":"https:\/\/emporiodoturquinho.com.br\/?product=ervilha","title":{"rendered":"ERVILHA"},"content":{"rendered":"<p>VALORES NUTRICIONAIS Conhe\u00e7a os valores nutricionais deste produto<br \/>\nQuantidade por por\u00e7\u00e3o de 60g (1 e 1\/2 X\u00edcara de Ch\u00e1) %VD(*)<br \/>\nValor Energ\u00e9tico 80Kcal=335KJ 4<br \/>\nCarboidratos 11g 4<br \/>\nProte\u00ednas 4g 5<br \/>\nGorduras Totais 0.8g 1<br \/>\nGorduras Saturadas 0g 0<br \/>\nGorduras Trans 0g **<br \/>\nFibra Alimentar 5g 20<br \/>\nS\u00f3dio 6mg 0<br \/>\n(*)% Valores Di\u00e1rios de refer\u00eancia com base em uma dieta de 2.000 kcal ou 8.400 kJ. Seus valores di\u00e1rios podem ser maiores ou menores dependendo de suas necessidades energ\u00e9ticas.<\/p>\n<p>Ingrediente(s): Ervilhas verdes secas.<\/p>\n<p>Ap\u00f3s a abertura, mantenha a embalagem bem fechada. Armazene em local fresco e seco.<\/p>\n<p>AL\u00c9RGICOS: PODE CONTER TRA\u00c7OS DE SOJA, NOZES, CASTANHAS E AMENDOINS.<\/p>\n<p>N\u00c3O CONT\u00c9M GL\u00daTEN.<\/p>\n<p>CARACTER\u00cdSTICAS<br \/>\nSem Gl\u00faten: Sim<br \/>\nVegano: Sim<br \/>\nLow Carb: Sim<br \/>\nOrg\u00e2nico: N\u00e3o<br \/>\nLivre Transg\u00eanicos: Sim<br \/>\nSem Lactose: Sim<br \/>\nOrigem: Importado<br \/>\nGranel: Sim<\/p>\n","protected":false},"excerpt":{"rendered":"<p>A Ervilha Partida \u00e9 um alimento de f\u00e1cil digest\u00e3o e possui sais minerais como c\u00e1lcio, ferro, pot\u00e1ssio, enxofre. Al\u00e9m disso, esta leguminosa \u00e9 fonte de vitaminas A, C e do complexo B.<\/p>\n<p>A ervilha possui sabor e textura agrad\u00e1vel, por isso sua aplica\u00e7\u00e3o na culin\u00e1ria \u00e9 ampla, podendo ser utilizada na prepara\u00e7\u00e3o de sopas e saladas al\u00e9m de servir de recheio para panquecas e omeletes.<\/p>\n<p>Dica: evite o consumo de ervilhas enlatadas devido ao alto teor de s\u00f3dio.<\/p>\n<p>As ervilhas partidas encontram-se em estado natural e podem ser cozidas como outros gr\u00e3os como feij\u00e3o, lentilha, etc.<\/p>\n<p>Gostou? Fa\u00e7a sua compra agora e receba com todo conforto na sua casa ou trabalho.<\/p>\n","protected":false},"featured_media":527,"comment_status":"open","ping_status":"closed","template":"","meta":[],"product_cat":[31],"product_tag":[],"class_list":{"0":"post-526","1":"product","2":"type-product","3":"status-publish","4":"has-post-thumbnail","6":"product_cat-leguminosas","8":"first","9":"instock","10":"shipping-taxable","11":"product-type-simple"},"supplier_id":null,"supplier_sku":"","barcode":null,"atum_controlled":true,"out_stock_date":null,"out_stock_threshold":null,"inheritable":false,"inbound_stock":null,"stock_on_hold":0,"sold_today":0,"sales_last_days":0,"reserved_stock":null,"customer_returns":null,"warehouse_damage":null,"lost_in_post":null,"other_logs":null,"out_stock_days":0,"lost_sales":0,"has_location":null,"update_date":"2026-04-22T12:24:24","atum_locations":[],"atum_stock_status":"instock","restock_status":false,"low_stock_amount":"","sales_update_date":"2026-04-22T12:24:24","calc_backorders":null,"_links":{"self":[{"href":"https:\/\/emporiodoturquinho.com.br\/index.php?rest_route=\/wp\/v2\/product\/526","targetHints":{"allow":["GET"]}}],"collection":[{"href":"https:\/\/emporiodoturquinho.com.br\/index.php?rest_route=\/wp\/v2\/product"}],"about":[{"href":"https:\/\/emporiodoturquinho.com.br\/index.php?rest_route=\/wp\/v2\/types\/product"}],"replies":[{"embeddable":true,"href":"https:\/\/emporiodoturquinho.com.br\/index.php?rest_route=%2Fwp%2Fv2%2Fcomments&post=526"}],"wp:featuredmedia":[{"embeddable":true,"href":"https:\/\/emporiodoturquinho.com.br\/index.php?rest_route=\/wp\/v2\/media\/527"}],"wp:attachment":[{"href":"https:\/\/emporiodoturquinho.com.br\/index.php?rest_route=%2Fwp%2Fv2%2Fmedia&parent=526"}],"wp:term":[{"taxonomy":"product_cat","embeddable":true,"href":"https:\/\/emporiodoturquinho.com.br\/index.php?rest_route=%2Fwp%2Fv2%2Fproduct_cat&post=526"},{"taxonomy":"product_tag","embeddable":true,"href":"https:\/\/emporiodoturquinho.com.br\/index.php?rest_route=%2Fwp%2Fv2%2Fproduct_tag&post=526"}],"curies":[{"name":"wp","href":"https:\/\/api.w.org\/{rel}","templated":true}]}}