{"id":522,"date":"2024-01-25T14:40:05","date_gmt":"2024-01-25T17:40:05","guid":{"rendered":"http:\/\/emporiodoturquinho.com.br\/?post_type=product&#038;p=522"},"modified":"2024-01-25T14:40:05","modified_gmt":"2024-01-25T17:40:05","slug":"uva-passa-branca","status":"publish","type":"product","link":"https:\/\/emporiodoturquinho.com.br\/?product=uva-passa-branca","title":{"rendered":"UVA PASSA BRANCA"},"content":{"rendered":"<p>VALORES NUTRICIONAIS Conhe\u00e7a os valores nutricionais deste produto<br \/>\nQuantidade por por\u00e7\u00e3o de 30g (3 Colher de Sopa) %VD(*)<br \/>\nValor Energ\u00e9tico 60Kcal=251KJ 3<br \/>\nCarboidratos 16g 5<br \/>\nProte\u00ednas 0g 0<br \/>\nGorduras Totais 0g 0<br \/>\nGorduras Saturadas 0g 0<br \/>\nGorduras Trans 0g **<br \/>\nFibra Alimentar 1g 4<br \/>\nS\u00f3dio 0mg 0<br \/>\n(*)% Valores Di\u00e1rios de refer\u00eancia com base em uma dieta de 2.000 kcal ou 8.400 kJ. Seus valores di\u00e1rios podem ser maiores ou menores dependendo de suas necessidades energ\u00e9ticas.<\/p>\n<p>Ingrediente(s): Uva Passa Branca.<\/p>\n<p>Ap\u00f3s a abertura, mantenha a embalagem bem fechada. Armazene em local fresco e seco.<\/p>\n<p>AL\u00c9RGICOS: PODE CONTER TRA\u00c7OS DE SOJA, NOZES, CASTANHAS E AMENDOINS.<\/p>\n<p>N\u00c3O CONT\u00c9M GL\u00daTEN.<\/p>\n<p>CARACTER\u00cdSTICAS<br \/>\nSem Gl\u00faten: Sim<br \/>\nVegano: Sim<br \/>\nLow Carb: N\u00e3o<br \/>\nOrg\u00e2nico: N\u00e3o<br \/>\nLivre Transg\u00eanicos: Sim<br \/>\nSem Lactose: Sim<br \/>\nOrigem: Importado<br \/>\nGranel: Sim<\/p>\n","protected":false},"excerpt":{"rendered":"<p>As uvas s\u00e3o um tipo de fruta que cresce em cachos de 15 a 300 e pode ser carmesim, preto, azul escuro, amarelo, verde, laranja e rosa. As uvas &#8221;brancas&#8221; s\u00e3o na verdade verdes na cor e derivam evolutivamente da uva roxa.<\/p>\n<p>Quais as propriedades da Uva Passa Branca?<br \/>\nO consumo da uva passa pode ter v\u00e1rios benef\u00edcios para a sa\u00fade, desde que consumidas com modera\u00e7\u00e3o, j\u00e1 que possuem bastante fibra e \u00e1cido tart\u00e1rico. Al\u00e9m disso, este tipo de uva proporciona energia, \u00e9 antioxidantes e tem alto teor de vitaminas e minerais.<\/p>\n<p>Como consumir a Uva Passa Branca?<br \/>\nPara consumir a uva passa de forma saud\u00e1vel \u00e9 importante que seja ingerida em pouca quantidade, j\u00e1 que s\u00e3o bastante cal\u00f3ricas e possuem uma boa quantidade de a\u00e7\u00facares. No entanto, consumidas com modera\u00e7\u00e3o, as uvas passas podem ter v\u00e1rios benef\u00edcios para a sa\u00fade. A por\u00e7\u00e3o recomendada \u00e9 de 2 colheres de sopa, adicionadas em iogurtes, saladas, cereais, bolos ou granola, por exemplo.<\/p>\n<p>Gostou? Fa\u00e7a sua compra agora e receba com todo conforto na sua casa ou trabalho.<\/p>\n","protected":false},"featured_media":523,"comment_status":"open","ping_status":"closed","template":"","meta":[],"product_cat":[77],"product_tag":[],"class_list":{"0":"post-522","1":"product","2":"type-product","3":"status-publish","4":"has-post-thumbnail","6":"product_cat-frutas-desidratadas","8":"first","9":"instock","10":"shipping-taxable","11":"product-type-simple"},"supplier_id":null,"supplier_sku":"","barcode":null,"atum_controlled":true,"out_stock_date":null,"out_stock_threshold":null,"inheritable":false,"inbound_stock":null,"stock_on_hold":0,"sold_today":0,"sales_last_days":0,"reserved_stock":null,"customer_returns":null,"warehouse_damage":null,"lost_in_post":null,"other_logs":null,"out_stock_days":0,"lost_sales":0,"has_location":null,"update_date":"2026-04-22T12:24:23","atum_locations":[],"atum_stock_status":"instock","restock_status":false,"low_stock_amount":"","sales_update_date":"2026-04-22T12:24:23","calc_backorders":null,"_links":{"self":[{"href":"https:\/\/emporiodoturquinho.com.br\/index.php?rest_route=\/wp\/v2\/product\/522","targetHints":{"allow":["GET"]}}],"collection":[{"href":"https:\/\/emporiodoturquinho.com.br\/index.php?rest_route=\/wp\/v2\/product"}],"about":[{"href":"https:\/\/emporiodoturquinho.com.br\/index.php?rest_route=\/wp\/v2\/types\/product"}],"replies":[{"embeddable":true,"href":"https:\/\/emporiodoturquinho.com.br\/index.php?rest_route=%2Fwp%2Fv2%2Fcomments&post=522"}],"wp:featuredmedia":[{"embeddable":true,"href":"https:\/\/emporiodoturquinho.com.br\/index.php?rest_route=\/wp\/v2\/media\/523"}],"wp:attachment":[{"href":"https:\/\/emporiodoturquinho.com.br\/index.php?rest_route=%2Fwp%2Fv2%2Fmedia&parent=522"}],"wp:term":[{"taxonomy":"product_cat","embeddable":true,"href":"https:\/\/emporiodoturquinho.com.br\/index.php?rest_route=%2Fwp%2Fv2%2Fproduct_cat&post=522"},{"taxonomy":"product_tag","embeddable":true,"href":"https:\/\/emporiodoturquinho.com.br\/index.php?rest_route=%2Fwp%2Fv2%2Fproduct_tag&post=522"}],"curies":[{"name":"wp","href":"https:\/\/api.w.org\/{rel}","templated":true}]}}