{"id":507,"date":"2024-01-25T14:34:59","date_gmt":"2024-01-25T17:34:59","guid":{"rendered":"http:\/\/emporiodoturquinho.com.br\/?post_type=product&#038;p=507"},"modified":"2024-01-25T14:34:59","modified_gmt":"2024-01-25T17:34:59","slug":"goji-berrey-desidratada","status":"publish","type":"product","link":"https:\/\/emporiodoturquinho.com.br\/?product=goji-berrey-desidratada","title":{"rendered":"GOJI BERREY DESIDRATADA"},"content":{"rendered":"<p>VALORES NUTRICIONAIS Conhe\u00e7a os valores nutricionais deste produto<br \/>\nQuantidade por por\u00e7\u00e3o de 30g (2 Colheres de Sopa) %VD(*)<br \/>\nValor Energ\u00e9tico 110Kcal=459KJ 6<br \/>\nCarboidratos 20g 7<br \/>\nProte\u00ednas 3.6g 5<br \/>\nGorduras Totais 1.5g 3<br \/>\nGorduras Saturadas 0.4g 2<br \/>\nGorduras Trans 0g **<br \/>\nFibra Alimentar 3g 12<br \/>\nS\u00f3dio 0mg 0<br \/>\n(*)% Valores Di\u00e1rios de refer\u00eancia com base em uma dieta de 2.000 kcal ou 8.400 kJ. Seus valores di\u00e1rios podem ser maiores ou menores dependendo de suas necessidades energ\u00e9ticas.<\/p>\n<p>Ingrediente(s): Goji berry desidratada.<\/p>\n<p>Ap\u00f3s a abertura, mantenha a embalagem bem fechada. Armazene em local fresco e seco.<\/p>\n<p>AL\u00c9RGICOS: PODE CONTER TRA\u00c7OS DE CENTEIO, CEVADA, SOJA, NOZES, CASTANHAS E AMENDOINS.<\/p>\n<p>N\u00c3O CONT\u00c9M GL\u00daTEN.<\/p>\n<p>CARACTER\u00cdSTICAS<br \/>\nSem Gl\u00faten: Sim<br \/>\nVegano: Sim<br \/>\nLow Carb: Sim<br \/>\nOrg\u00e2nico: N\u00e3o<br \/>\nLivre Transg\u00eanicos: Sim<br \/>\nSem Lactose: Sim<br \/>\nOrigem: Importado<br \/>\nGranel: Sim<\/p>\n","protected":false},"excerpt":{"rendered":"<p>A goji berry \u00e9 uma fruta de uma planta chamada Lycium barbarum, origin\u00e1ria das montanhas do Tibet, pertencente \u00e0 fam\u00edlia Solanaceae, a mesma da berinjela e do piment\u00e3o.<\/p>\n<p>Atualmente \u00e9 considerada um superalimento e a queridinha de quem investe em alimenta\u00e7\u00e3o saud\u00e1vel.<\/p>\n<p>GOJI BERRY DESIDRATADA<br \/>\n\u00c9 totalmente vermelha, mas parece uma uva passa um pouco mais compridinha. Apesar de pequena, \u00e9 poderosa aliada da sa\u00fade com alta concentra\u00e7\u00e3o de vitaminas.<\/p>\n<p>PROPRIEDADES DO GOJI BERRY<br \/>\nEst\u00e3o presentes na composi\u00e7\u00e3o da goji berry diversos minerais como zinco, ferro, cobre, c\u00e1lcio, sel\u00eanio, f\u00f3sforo e carotenoides.<\/p>\n<p>\u00c9 uma excelente fonte de fibras, gorduras monoinsaturadas, vitaminas B1, B2 e B3, al\u00e9m de apresentar 15% de prote\u00ednas, que s\u00e3o formadas por 19 amino\u00e1cidos, sendo que desses 8 s\u00e3o essenciais e aqueles que o corpo humano n\u00e3o consegue produzir, mas precisa obter por meio de dieta.<\/p>\n<p>Uma outra riqueza da goji berry: h\u00e1 2.500 mg de vitamina C a cada 100 gramas da fruta, tornando-a 50 vezes mais poderosa que a laranja!<\/p>\n<p>BENEF\u00cdCIOS<br \/>\nDevido a alta quantidade de vitamina C, esse nutriente ajuda a melhorar o sistema imunol\u00f3gico, possuindo forte a\u00e7\u00e3o antioxidante e imunoestimulante, como tamb\u00e9m ajuda a prevenir o envelhecimento prematuro da pele.<\/p>\n<p>Como a goji berry \u00e9 rica em carotenoides, principalmente a zeaxantina e betacarotenos, ajudam a manter a sa\u00fade ocular, e por causa de amino\u00e1cidos essenciais presentes proporcionam sensa\u00e7\u00f5es de bem-estar, alegria e satisfa\u00e7\u00e3o.<\/p>\n<p>COMO CONSUMIR A GOJI BERRY<br \/>\nA dosagem di\u00e1ria recomendada de goji berry \u00e9 entre 15 e 45 gramas (2 colheres de sopa) e uma boa dica \u00e9 consumir a fruta pela manh\u00e3 e beber bastante l\u00edquido para hidratar as fibras e potencializar os efeitos ben\u00e9ficos.<\/p>\n<p>MAIS SABORES COM A GOJI BERRY<br \/>\nS\u00e3o diversas possibilidades de consumir goji berry. Uma bastante utilizada \u00e9 fazer um suco de goji berry. A mistura pode ser simples ou, com criatividade, ser incrementada com uma s\u00e9rie de produtos como mel e gengibre. Dica: bata uma colher (sopa) da fruta no liquidificador com 200 ml de suco de frutas e para quem n\u00e3o se importar com o sabor azedinho, vale consumi-la pura tamb\u00e9m.<\/p>\n<p>Para saborear a fruta em seu formato mais s\u00f3lido, pode inserir no preparo de geleias, mousses, risotos, saladas, lanches, sopas, sorvetes e iogurtes, conquistando cor, sabor e nutrientes aos seus alimentos.<\/p>\n<p>Gostou? Fa\u00e7a sua compra agora e receba com todo conforto na sua casa ou trabalho.<\/p>\n","protected":false},"featured_media":508,"comment_status":"open","ping_status":"closed","template":"","meta":[],"product_cat":[77],"product_tag":[],"class_list":{"0":"post-507","1":"product","2":"type-product","3":"status-publish","4":"has-post-thumbnail","6":"product_cat-frutas-desidratadas","8":"first","9":"instock","10":"shipping-taxable","11":"product-type-simple"},"supplier_id":null,"supplier_sku":"","barcode":null,"atum_controlled":true,"out_stock_date":null,"out_stock_threshold":null,"inheritable":false,"inbound_stock":null,"stock_on_hold":0,"sold_today":0,"sales_last_days":0,"reserved_stock":null,"customer_returns":null,"warehouse_damage":null,"lost_in_post":null,"other_logs":null,"out_stock_days":0,"lost_sales":0,"has_location":null,"update_date":"2026-04-22T12:24:23","atum_locations":[],"atum_stock_status":"instock","restock_status":false,"low_stock_amount":"","sales_update_date":"2026-04-22T12:24:23","calc_backorders":null,"_links":{"self":[{"href":"https:\/\/emporiodoturquinho.com.br\/index.php?rest_route=\/wp\/v2\/product\/507","targetHints":{"allow":["GET"]}}],"collection":[{"href":"https:\/\/emporiodoturquinho.com.br\/index.php?rest_route=\/wp\/v2\/product"}],"about":[{"href":"https:\/\/emporiodoturquinho.com.br\/index.php?rest_route=\/wp\/v2\/types\/product"}],"replies":[{"embeddable":true,"href":"https:\/\/emporiodoturquinho.com.br\/index.php?rest_route=%2Fwp%2Fv2%2Fcomments&post=507"}],"wp:featuredmedia":[{"embeddable":true,"href":"https:\/\/emporiodoturquinho.com.br\/index.php?rest_route=\/wp\/v2\/media\/508"}],"wp:attachment":[{"href":"https:\/\/emporiodoturquinho.com.br\/index.php?rest_route=%2Fwp%2Fv2%2Fmedia&parent=507"}],"wp:term":[{"taxonomy":"product_cat","embeddable":true,"href":"https:\/\/emporiodoturquinho.com.br\/index.php?rest_route=%2Fwp%2Fv2%2Fproduct_cat&post=507"},{"taxonomy":"product_tag","embeddable":true,"href":"https:\/\/emporiodoturquinho.com.br\/index.php?rest_route=%2Fwp%2Fv2%2Fproduct_tag&post=507"}],"curies":[{"name":"wp","href":"https:\/\/api.w.org\/{rel}","templated":true}]}}