{"id":503,"date":"2024-01-25T14:33:29","date_gmt":"2024-01-25T17:33:29","guid":{"rendered":"http:\/\/emporiodoturquinho.com.br\/?post_type=product&#038;p=503"},"modified":"2024-01-25T14:33:29","modified_gmt":"2024-01-25T17:33:29","slug":"gengibre-cristalizado","status":"publish","type":"product","link":"https:\/\/emporiodoturquinho.com.br\/?product=gengibre-cristalizado","title":{"rendered":"GENGIBRE CRISTALIZADO"},"content":{"rendered":"<p>VALORES NUTRICIONAIS Conhe\u00e7a os valores nutricionais deste produto<br \/>\nQuantidade por por\u00e7\u00e3o de 30g (1\/3 X\u00edcara de Ch\u00e1) %VD(*)<br \/>\nValor Energ\u00e9tico 71Kcal=294KJ 3<br \/>\nCarboidratos 17.1g 7<br \/>\nProte\u00ednas 0.7g 1<br \/>\nGorduras Totais 0g 0<br \/>\nGorduras Saturadas 0g 0<br \/>\nGorduras Trans 0g **<br \/>\nFibra Alimentar 1g 4<br \/>\nS\u00f3dio 0mg 0<br \/>\n(*)% Valores Di\u00e1rios de refer\u00eancia com base em uma dieta de 2.000 kcal ou 8.400 kJ. Seus valores di\u00e1rios podem ser maiores ou menores dependendo de suas necessidades energ\u00e9ticas.<\/p>\n<p>Ingrediente(s): Gengibre, \u00e1gua e a\u00e7\u00facar.<\/p>\n<p>Ap\u00f3s a abertura, mantenha a embalagem bem fechada. Armazene em local fresco e seco.<\/p>\n<p>AL\u00c9RGICOS: PODE CONTER TRA\u00c7OS DE SOJA, NOZES, CASTANHAS E AMENDOINS.<\/p>\n<p>N\u00c3O CONT\u00c9M GL\u00daTEN.<\/p>\n<p>CARACTER\u00cdSTICAS<br \/>\nSem Gl\u00faten: Sim<br \/>\nVegano: Sim<br \/>\nLow Carb: N\u00e3o<br \/>\nOrg\u00e2nico: N\u00e3o<br \/>\nLivre Transg\u00eanicos: Sim<br \/>\nSem Lactose: Sim<br \/>\nOrigem: Nacional<br \/>\nGranel: Sim<\/p>\n","protected":false},"excerpt":{"rendered":"<p>O gengibre \u00e9 uma raiz que possui um sabor diferente, picante. Pode ser utilizado em ch\u00e1s, como tempero e at\u00e9 mesmo puro, para mascar.<\/p>\n<p>A cristaliza\u00e7\u00e3o de frutas \u00e9 uma t\u00e9cnica de conserva\u00e7\u00e3o muito antiga e ancestral. A cristaliza\u00e7\u00e3o consiste basicamente na substitui\u00e7\u00e3o de grande parte da \u00e1gua do fruto por calda de a\u00e7\u00facar, que lhe oferece uma apar\u00eancia cristalina. Essa t\u00e9cnica impede a deteriora\u00e7\u00e3o da fruta, preservando algumas de suas principais propriedades.<\/p>\n<p>Quais os benef\u00edcios do Gengibre?<br \/>\nA composi\u00e7\u00e3o qu\u00edmica do gengibre tem como principais componentes carboidratos e lip\u00eddeos, dentre eles \u00e1cidos graxos livres (\u00e1cido palm\u00edtico, \u00e1cido ol\u00e9ico, \u00e1cido linoleico), \u00f3leo-resina (hom\u00f3logos de gingerol e zingerona), \u00f3leos vol\u00e1teis (zingibereno, felandreno, canfeno), dentre outros. As propriedades terap\u00eauticas naturais relatadas s\u00e3o: trazer benef\u00edcios para a sa\u00fade sangu\u00ednea, contribui para o controle de gases (flatul\u00eancia) evita n\u00e1useas e enjoos.<\/p>\n<p>Como consumir Gengibre cristalizado?<br \/>\nO Gengibre cristalizado \u00e9 uma \u00f3tima op\u00e7\u00e3o para incrementar preparos de bolos e sobremesas, al\u00e9m disso, pode ser uma op\u00e7\u00e3o de doce para ser consumida em pequenas quantidade e matar a vontade de comer doces durante a sua dieta.<\/p>\n<p>Gostou? Fa\u00e7a sua compra agora e receba com todo conforto na sua casa ou trabalho.<\/p>\n","protected":false},"featured_media":504,"comment_status":"open","ping_status":"closed","template":"","meta":[],"product_cat":[77],"product_tag":[],"class_list":{"0":"post-503","1":"product","2":"type-product","3":"status-publish","4":"has-post-thumbnail","6":"product_cat-frutas-desidratadas","8":"first","9":"instock","10":"shipping-taxable","11":"product-type-simple"},"supplier_id":null,"supplier_sku":"","barcode":null,"atum_controlled":true,"out_stock_date":null,"out_stock_threshold":null,"inheritable":false,"inbound_stock":null,"stock_on_hold":0,"sold_today":0,"sales_last_days":0,"reserved_stock":null,"customer_returns":null,"warehouse_damage":null,"lost_in_post":null,"other_logs":null,"out_stock_days":0,"lost_sales":0,"has_location":null,"update_date":"2026-04-22T12:24:23","atum_locations":[],"atum_stock_status":"instock","restock_status":false,"low_stock_amount":"","sales_update_date":"2026-04-22T12:24:23","calc_backorders":null,"_links":{"self":[{"href":"https:\/\/emporiodoturquinho.com.br\/index.php?rest_route=\/wp\/v2\/product\/503","targetHints":{"allow":["GET"]}}],"collection":[{"href":"https:\/\/emporiodoturquinho.com.br\/index.php?rest_route=\/wp\/v2\/product"}],"about":[{"href":"https:\/\/emporiodoturquinho.com.br\/index.php?rest_route=\/wp\/v2\/types\/product"}],"replies":[{"embeddable":true,"href":"https:\/\/emporiodoturquinho.com.br\/index.php?rest_route=%2Fwp%2Fv2%2Fcomments&post=503"}],"wp:featuredmedia":[{"embeddable":true,"href":"https:\/\/emporiodoturquinho.com.br\/index.php?rest_route=\/wp\/v2\/media\/504"}],"wp:attachment":[{"href":"https:\/\/emporiodoturquinho.com.br\/index.php?rest_route=%2Fwp%2Fv2%2Fmedia&parent=503"}],"wp:term":[{"taxonomy":"product_cat","embeddable":true,"href":"https:\/\/emporiodoturquinho.com.br\/index.php?rest_route=%2Fwp%2Fv2%2Fproduct_cat&post=503"},{"taxonomy":"product_tag","embeddable":true,"href":"https:\/\/emporiodoturquinho.com.br\/index.php?rest_route=%2Fwp%2Fv2%2Fproduct_tag&post=503"}],"curies":[{"name":"wp","href":"https:\/\/api.w.org\/{rel}","templated":true}]}}