{"id":501,"date":"2024-01-25T14:32:46","date_gmt":"2024-01-25T17:32:46","guid":{"rendered":"http:\/\/emporiodoturquinho.com.br\/?post_type=product&#038;p=501"},"modified":"2024-01-25T14:32:47","modified_gmt":"2024-01-25T17:32:47","slug":"frutas-cristalizadas","status":"publish","type":"product","link":"https:\/\/emporiodoturquinho.com.br\/?product=frutas-cristalizadas","title":{"rendered":"FRUTAS CRISTALIZADAS"},"content":{"rendered":"<p>VALORES NUTRICIONAIS Conhe\u00e7a os valores nutricionais deste produto<br \/>\nQuantidade por por\u00e7\u00e3o de 30g (1 Colher de Sopa) %VD(*)<br \/>\nValor Energ\u00e9tico 90Kcal=377kJ 5<br \/>\nCarboidratos 23g 6<br \/>\nProte\u00ednas 0g 1<br \/>\nGorduras Totais 0g 3<br \/>\nGorduras Saturadas 0g 0<br \/>\nGorduras Trans 0g &#8211;<br \/>\nFibra Alimentar 1g 10<br \/>\nS\u00f3dio 0mg 0<br \/>\n(*)% Valores Di\u00e1rios de refer\u00eancia com base em uma dieta de 2.000 kcal ou 8.400 kJ. Seus valores di\u00e1rios podem ser maiores ou menores dependendo de suas necessidades energ\u00e9ticas.<\/p>\n<p>Ingrediente(s): mam\u00e3o, a\u00e7\u00facar e laranja. Conservantes (\u00e1cido c\u00edtrico e benzoato de s\u00f3dio).<\/p>\n<p>Ap\u00f3s a abertura, mantenha a embalagem bem fechada. Armazene em local fresco e seco.<\/p>\n<p>AL\u00c9RGICOS: PODE CONTER TRA\u00c7OS DE SOJA, NOZES, CASTANHAS E AMENDOINS.<\/p>\n<p>N\u00c3O CONT\u00c9M GL\u00daTEN.<\/p>\n<p>CARACTER\u00cdSTICAS<br \/>\nSem Gl\u00faten: Sim<br \/>\nVegano: Sim<br \/>\nLow Carb: N\u00e3o<br \/>\nOrg\u00e2nico: N\u00e3o<br \/>\nLivre Transg\u00eanicos: Sim<br \/>\nSem Lactose: Sim<br \/>\nOrigem: Nacional<br \/>\nGranel: Sim<\/p>\n","protected":false},"excerpt":{"rendered":"<p>Produzida a partir de diferentes frutas cortadas em pequenos cubinhos, as Frutas Cristalizadas s\u00e3o presen\u00e7a ass\u00eddua principalmente nas ferstividades do final do ano.<\/p>\n<p>Explicando de forma simples, a cristaliza\u00e7\u00e3o \u00e9 um processo de conserva\u00e7\u00e3o da fruta, tornando-as mais duradouras e levemente adocicadas.<\/p>\n<p>Este processo de cristaliza\u00e7\u00e3o da fruta consiste em substituir quase toda a \u00e1gua da fruta por uma calda de a\u00e7\u00facar, que impede que a fruta se deteriore, mantendo-a pr\u00f3pria para consumo durante muito mais tempo.<\/p>\n<p>Gostou? Fa\u00e7a sua compra agora e receba com todo conforto na sua casa ou trabalho.<\/p>\n","protected":false},"featured_media":502,"comment_status":"open","ping_status":"closed","template":"","meta":[],"product_cat":[77],"product_tag":[],"class_list":{"0":"post-501","1":"product","2":"type-product","3":"status-publish","4":"has-post-thumbnail","6":"product_cat-frutas-desidratadas","8":"first","9":"instock","10":"shipping-taxable","11":"product-type-simple"},"supplier_id":null,"supplier_sku":"","barcode":null,"atum_controlled":true,"out_stock_date":null,"out_stock_threshold":null,"inheritable":false,"inbound_stock":null,"stock_on_hold":0,"sold_today":0,"sales_last_days":0,"reserved_stock":null,"customer_returns":null,"warehouse_damage":null,"lost_in_post":null,"other_logs":null,"out_stock_days":0,"lost_sales":0,"has_location":null,"update_date":"2026-04-22T12:24:24","atum_locations":[],"atum_stock_status":"instock","restock_status":false,"low_stock_amount":"","sales_update_date":"2026-04-22T12:24:24","calc_backorders":null,"_links":{"self":[{"href":"https:\/\/emporiodoturquinho.com.br\/index.php?rest_route=\/wp\/v2\/product\/501","targetHints":{"allow":["GET"]}}],"collection":[{"href":"https:\/\/emporiodoturquinho.com.br\/index.php?rest_route=\/wp\/v2\/product"}],"about":[{"href":"https:\/\/emporiodoturquinho.com.br\/index.php?rest_route=\/wp\/v2\/types\/product"}],"replies":[{"embeddable":true,"href":"https:\/\/emporiodoturquinho.com.br\/index.php?rest_route=%2Fwp%2Fv2%2Fcomments&post=501"}],"wp:featuredmedia":[{"embeddable":true,"href":"https:\/\/emporiodoturquinho.com.br\/index.php?rest_route=\/wp\/v2\/media\/502"}],"wp:attachment":[{"href":"https:\/\/emporiodoturquinho.com.br\/index.php?rest_route=%2Fwp%2Fv2%2Fmedia&parent=501"}],"wp:term":[{"taxonomy":"product_cat","embeddable":true,"href":"https:\/\/emporiodoturquinho.com.br\/index.php?rest_route=%2Fwp%2Fv2%2Fproduct_cat&post=501"},{"taxonomy":"product_tag","embeddable":true,"href":"https:\/\/emporiodoturquinho.com.br\/index.php?rest_route=%2Fwp%2Fv2%2Fproduct_tag&post=501"}],"curies":[{"name":"wp","href":"https:\/\/api.w.org\/{rel}","templated":true}]}}