{"id":499,"date":"2024-01-25T14:22:02","date_gmt":"2024-01-25T17:22:02","guid":{"rendered":"http:\/\/emporiodoturquinho.com.br\/?post_type=product&#038;p=499"},"modified":"2024-01-25T14:22:02","modified_gmt":"2024-01-25T17:22:02","slug":"figo-desidratado","status":"publish","type":"product","link":"https:\/\/emporiodoturquinho.com.br\/?product=figo-desidratado","title":{"rendered":"FIGO DESIDRATADO"},"content":{"rendered":"<p>VALORES NUTRICIONAIS Conhe\u00e7a os valores nutricionais deste produto<br \/>\nQuantidade por por\u00e7\u00e3o de 30g (2 Unidades) %VD(*)<br \/>\nValor Energ\u00e9tico 82Kcal=343KJ 5<br \/>\nCarboidratos 19g 6<br \/>\nProte\u00ednas 1g 1<br \/>\nGorduras Totais 0g 0<br \/>\nGorduras Saturadas 0g 0<br \/>\nGorduras Trans 0g **<br \/>\nFibra Alimentar 4g 16<br \/>\nS\u00f3dio 0mg 0<br \/>\n(*)% Valores Di\u00e1rios de refer\u00eancia com base em uma dieta de 2.000 kcal ou 8.400 kJ. Seus valores di\u00e1rios podem ser maiores ou menores dependendo de suas necessidades energ\u00e9ticas.<\/p>\n<p>Ingrediente(s): Figo e a\u00e7\u00facar.<\/p>\n<p>Ap\u00f3s a abertura, mantenha a embalagem bem fechada. Armazene em local fresco e seco.<\/p>\n<p>AL\u00c9RGICOS: PODE CONTER TRA\u00c7OS DE SOJA, NOZES, CASTANHAS E AMENDOINS.<\/p>\n<p>N\u00c3O CONT\u00c9M GL\u00daTEN.<\/p>\n<p>CARACTER\u00cdSTICAS<br \/>\nSem Gl\u00faten: Sim<br \/>\nVegano: Sim<br \/>\nLow Carb: N\u00e3o<br \/>\nOrg\u00e2nico: N\u00e3o<br \/>\nLivre Transg\u00eanicos: Sim<br \/>\nSem Lactose: Sim<br \/>\nOrigem: Importado<br \/>\nGranel: Sim<\/p>\n","protected":false},"excerpt":{"rendered":"<p>O figo \u00e9 uma fruta que dentre suas caracter\u00edsticas nutricionais, destaca-se os minerais \u2013 ferro, f\u00f3sforo, magn\u00e9sio, cobre, sel\u00eanio e zinco, os antioxidantes e as vitaminas do complexo B, C, e E. Desta forma, o figo turco, quando seco, \u00e9 uma fonte concentrada de energia. Tamb\u00e9m \u00e9 rico em fibra diet\u00e9tica, pot\u00e1ssio e prote\u00ednas. O figo turco ainda \u00e9 energ\u00e9tico, t\u00f4nico e laxante.<\/p>\n<p>O Figo cristalizado \u00e9 coberto com xarope de a\u00e7\u00facar que promove uma apar\u00eancia cristalina, \u00e9 um doce com diversos benef\u00edcios para o nosso organismo. No geral, as frutas cristalizadas cont\u00e9m vitaminas de A a Z, s\u00e3o ricas em minerais e ajudam a regular o funcionamento intestinal.<\/p>\n<p>Quais os benef\u00edcios da Figo cristalizado?<br \/>\nO Figo cristalizado possui diversos nutrientes, dentre eles, vitaminas A, complexo B e C, minerais como ferro, f\u00f3sforo, pot\u00e1ssio, al\u00e9m de amino\u00e1cidos e fibras.<\/p>\n<p>Como consumir Figo cristalizado?<br \/>\nO Figo cristalizado \u00e9 uma \u00f3tima op\u00e7\u00e3o para incrementar preparos de bolos e sobremesas, al\u00e9m disso, pode ser uma op\u00e7\u00e3o de doce para ser consumida em pequenas quantidade e matar a vontade de comer doces durante a sua dieta.<\/p>\n<p>Gostou? Fa\u00e7a sua compra agora e receba com todo conforto na sua casa ou trabalho.<\/p>\n","protected":false},"featured_media":500,"comment_status":"open","ping_status":"closed","template":"","meta":[],"product_cat":[77],"product_tag":[],"class_list":{"0":"post-499","1":"product","2":"type-product","3":"status-publish","4":"has-post-thumbnail","6":"product_cat-frutas-desidratadas","8":"first","9":"instock","10":"shipping-taxable","11":"product-type-simple"},"supplier_id":null,"supplier_sku":"","barcode":null,"atum_controlled":true,"out_stock_date":null,"out_stock_threshold":null,"inheritable":false,"inbound_stock":null,"stock_on_hold":0,"sold_today":0,"sales_last_days":0,"reserved_stock":null,"customer_returns":null,"warehouse_damage":null,"lost_in_post":null,"other_logs":null,"out_stock_days":0,"lost_sales":0,"has_location":null,"update_date":"2026-04-22T12:24:24","atum_locations":[],"atum_stock_status":"instock","restock_status":false,"low_stock_amount":"","sales_update_date":"2026-04-22T12:24:24","calc_backorders":null,"_links":{"self":[{"href":"https:\/\/emporiodoturquinho.com.br\/index.php?rest_route=\/wp\/v2\/product\/499","targetHints":{"allow":["GET"]}}],"collection":[{"href":"https:\/\/emporiodoturquinho.com.br\/index.php?rest_route=\/wp\/v2\/product"}],"about":[{"href":"https:\/\/emporiodoturquinho.com.br\/index.php?rest_route=\/wp\/v2\/types\/product"}],"replies":[{"embeddable":true,"href":"https:\/\/emporiodoturquinho.com.br\/index.php?rest_route=%2Fwp%2Fv2%2Fcomments&post=499"}],"wp:featuredmedia":[{"embeddable":true,"href":"https:\/\/emporiodoturquinho.com.br\/index.php?rest_route=\/wp\/v2\/media\/500"}],"wp:attachment":[{"href":"https:\/\/emporiodoturquinho.com.br\/index.php?rest_route=%2Fwp%2Fv2%2Fmedia&parent=499"}],"wp:term":[{"taxonomy":"product_cat","embeddable":true,"href":"https:\/\/emporiodoturquinho.com.br\/index.php?rest_route=%2Fwp%2Fv2%2Fproduct_cat&post=499"},{"taxonomy":"product_tag","embeddable":true,"href":"https:\/\/emporiodoturquinho.com.br\/index.php?rest_route=%2Fwp%2Fv2%2Fproduct_tag&post=499"}],"curies":[{"name":"wp","href":"https:\/\/api.w.org\/{rel}","templated":true}]}}