{"id":495,"date":"2024-01-25T14:20:31","date_gmt":"2024-01-25T17:20:31","guid":{"rendered":"http:\/\/emporiodoturquinho.com.br\/?post_type=product&#038;p=495"},"modified":"2024-01-25T14:20:31","modified_gmt":"2024-01-25T17:20:31","slug":"cranberry-desidratado","status":"publish","type":"product","link":"https:\/\/emporiodoturquinho.com.br\/?product=cranberry-desidratado","title":{"rendered":"CRANBERRY DESIDRATADO"},"content":{"rendered":"<p>VALORES NUTRICIONAIS Conhe\u00e7a os valores nutricionais deste produto<br \/>\nQuantidade por por\u00e7\u00e3o de 40g (2 Colheres de Sopa) %VD(*)<br \/>\nValor Energ\u00e9tico 135Kcal=567KJ 7<br \/>\nCarboidratos 33g 11<br \/>\nProte\u00ednas 0g 0<br \/>\nGorduras Totais 0.2g 0<br \/>\nGorduras Saturadas 0g 0<br \/>\nGorduras Trans 0g **<br \/>\nFibra Alimentar 3g 12<br \/>\nS\u00f3dio 1.9mg 0<br \/>\n(*)% Valores Di\u00e1rios de refer\u00eancia com base em uma dieta de 2.000 kcal ou 8.400 kJ. Seus valores di\u00e1rios podem ser maiores ou menores dependendo de suas necessidades energ\u00e9ticas.<\/p>\n<p>Ingredientes: Cranberry, sacarose e \u00f3leo de girassol.<\/p>\n<p>Ap\u00f3s a abertura, mantenha a embalagem bem fechada. Armazene em local fresco e seco.<\/p>\n<p>AL\u00c9RGICOS: PODE CONTER TRA\u00c7OS DE SOJA, NOZES, CASTANHAS E AMENDOINS.<\/p>\n<p>N\u00c3O CONT\u00c9M GL\u00daTEN.<\/p>\n<p>CARACTER\u00cdSTICAS<br \/>\nSem Gl\u00faten: Sim<br \/>\nVegano: Sim<br \/>\nLow Carb: N\u00e3o<br \/>\nOrg\u00e2nico: N\u00e3o<br \/>\nLivre Transg\u00eanicos: Sim<br \/>\nSem Lactose: Sim<br \/>\nOrigem: Importado<br \/>\nGranel: Sim<\/p>\n","protected":false},"excerpt":{"rendered":"<p>A Cranberry Desidratada (ou Oxicoco como \u00e9 denominada no Brasil) faz parte da fam\u00edlia das frutas vermelhas, muito comuns nas zonas temperadas do globo. A fruta \u00e9 rica em flavonoides, uma subst\u00e2ncia antioxidante. Fruto bastante \u00e1cido e adocicado, muito utilizado para consumo direto ou em receitas culin\u00e1rias.<\/p>\n<p>Quais as propriedades da Cranberry?<br \/>\nA Cranberry \u00e9 riqu\u00edssima em proantocianidina, subst\u00e2ncia 15 a 25 vezes mais potente que a vitamina E. \u00c9 fonte de vitamina C, fibras e subst\u00e2ncias altamente antioxidantes como flavon\u00f3ides e \u00e1cidos fen\u00f3licos.<\/p>\n<p>Cranberry: para que serve?<br \/>\nA Cranberry possui um composto bioativo chamado proantocianidina, um potente antioxidante respons\u00e1vel por combater os chamados radicais livres, ou seja, auxilia a prevenir o envelhecimento.<\/p>\n<p>Gostou? Fa\u00e7a sua compra agora e receba com todo conforto na sua casa ou trabalho.<\/p>\n","protected":false},"featured_media":496,"comment_status":"open","ping_status":"closed","template":"","meta":[],"product_cat":[77],"product_tag":[],"class_list":{"0":"post-495","1":"product","2":"type-product","3":"status-publish","4":"has-post-thumbnail","6":"product_cat-frutas-desidratadas","8":"first","9":"instock","10":"shipping-taxable","11":"product-type-simple"},"supplier_id":null,"supplier_sku":"","barcode":null,"atum_controlled":true,"out_stock_date":null,"out_stock_threshold":null,"inheritable":false,"inbound_stock":null,"stock_on_hold":0,"sold_today":0,"sales_last_days":0,"reserved_stock":null,"customer_returns":null,"warehouse_damage":null,"lost_in_post":null,"other_logs":null,"out_stock_days":0,"lost_sales":0,"has_location":null,"update_date":"2026-04-22T12:24:24","atum_locations":[],"atum_stock_status":"instock","restock_status":false,"low_stock_amount":"","sales_update_date":"2026-04-22T12:24:24","calc_backorders":null,"_links":{"self":[{"href":"https:\/\/emporiodoturquinho.com.br\/index.php?rest_route=\/wp\/v2\/product\/495","targetHints":{"allow":["GET"]}}],"collection":[{"href":"https:\/\/emporiodoturquinho.com.br\/index.php?rest_route=\/wp\/v2\/product"}],"about":[{"href":"https:\/\/emporiodoturquinho.com.br\/index.php?rest_route=\/wp\/v2\/types\/product"}],"replies":[{"embeddable":true,"href":"https:\/\/emporiodoturquinho.com.br\/index.php?rest_route=%2Fwp%2Fv2%2Fcomments&post=495"}],"wp:featuredmedia":[{"embeddable":true,"href":"https:\/\/emporiodoturquinho.com.br\/index.php?rest_route=\/wp\/v2\/media\/496"}],"wp:attachment":[{"href":"https:\/\/emporiodoturquinho.com.br\/index.php?rest_route=%2Fwp%2Fv2%2Fmedia&parent=495"}],"wp:term":[{"taxonomy":"product_cat","embeddable":true,"href":"https:\/\/emporiodoturquinho.com.br\/index.php?rest_route=%2Fwp%2Fv2%2Fproduct_cat&post=495"},{"taxonomy":"product_tag","embeddable":true,"href":"https:\/\/emporiodoturquinho.com.br\/index.php?rest_route=%2Fwp%2Fv2%2Fproduct_tag&post=495"}],"curies":[{"name":"wp","href":"https:\/\/api.w.org\/{rel}","templated":true}]}}