{"id":491,"date":"2024-01-25T14:19:06","date_gmt":"2024-01-25T17:19:06","guid":{"rendered":"http:\/\/emporiodoturquinho.com.br\/?post_type=product&#038;p=491"},"modified":"2024-01-25T14:19:06","modified_gmt":"2024-01-25T17:19:06","slug":"cidra-desidratada","status":"publish","type":"product","link":"https:\/\/emporiodoturquinho.com.br\/?product=cidra-desidratada","title":{"rendered":"CIDRA DESIDRATADA"},"content":{"rendered":"<p>VALORES NUTRICIONAIS Conhe\u00e7a os valores nutricionais deste produto<br \/>\nQuantidade por por\u00e7\u00e3o de 25g (1\/4 X\u00edcara de Ch\u00e1) %VD(*)<br \/>\nValor Energ\u00e9tico 70Kcal=293KJ 4<br \/>\nCarboidratos 18.2g 6<br \/>\nProte\u00ednas 0g 0<br \/>\nGorduras Totais 0g 0<br \/>\nGorduras Saturadas 0g 0<br \/>\nGorduras Trans 0g **<br \/>\nFibra Alimentar 18.2g 73<br \/>\nS\u00f3dio 2.5mg 0<br \/>\n(*)% Valores Di\u00e1rios de refer\u00eancia com base em uma dieta de 2.000 kcal ou 8.400 kJ. Seus valores di\u00e1rios podem ser maiores ou menores dependendo de suas necessidades energ\u00e9ticas.<\/p>\n<p>Ingrediente(s): Cidra e a\u00e7\u00facar.<\/p>\n<p>Ap\u00f3s a abertura, mantenha a embalagem bem fechada. Armazene em local fresco e seco.<\/p>\n<p>AL\u00c9RGICOS: PODE CONTER TRA\u00c7OS DE SOJA, NOZES, CASTANHAS E AMENDOINS.<\/p>\n<p>N\u00c3O CONT\u00c9M GL\u00daTEN.<\/p>\n<p>CARACTER\u00cdSTICAS<br \/>\nSem Gl\u00faten: Sim<br \/>\nVegano: Sim<br \/>\nLow Carb: N\u00e3o<br \/>\nOrg\u00e2nico: N\u00e3o<br \/>\nLivre Transg\u00eanicos: Sim<br \/>\nSem Lactose: Sim<br \/>\nOrigem: Importado<br \/>\nGranel: Sim<\/p>\n","protected":false},"excerpt":{"rendered":"<p>Citrus medica \u00e9 uma esp\u00e9cie de citrino cujas variedades cultivadas, designadas por cidreira, produzem a fruta globosa, fortemente arom\u00e1tica e com casca espessa.<\/p>\n<p>A cidra cristalizada \u00e9 coberta com xarope de a\u00e7\u00facar que promove uma apar\u00eancia cristalina, \u00e9 um doce com diversos benef\u00edcios para o nosso organismo. No geral, as frutas cristalizadas cont\u00e9m vitaminas de A a Z, s\u00e3o ricas em minerais e ajudam a regular o funcionamento intestinal.<\/p>\n<p>Quais os benef\u00edcios da Cidra cristalizada?<br \/>\nA cidra possui diversos nutrientes, dentre eles, vitaminas A, complexo B e C, minerais como ferro, f\u00f3sforo, pot\u00e1ssio, al\u00e9m de amino\u00e1cidos e fibras.<\/p>\n<p>Como consumir Cidra cristalizada?<br \/>\nA cidra cristalizada \u00e9 uma \u00f3tima op\u00e7\u00e3o para incrementar preparos de bolos e sobremesas, al\u00e9m disso, pode ser uma op\u00e7\u00e3o de doce para ser consumida em pequenas quantidade e matar a vontade de comer doces durante a sua dieta.<\/p>\n<p>Gostou? Fa\u00e7a sua compra agora e receba com todo conforto na sua casa ou trabalho.<\/p>\n","protected":false},"featured_media":492,"comment_status":"open","ping_status":"closed","template":"","meta":[],"product_cat":[77],"product_tag":[],"class_list":{"0":"post-491","1":"product","2":"type-product","3":"status-publish","4":"has-post-thumbnail","6":"product_cat-frutas-desidratadas","8":"first","9":"instock","10":"shipping-taxable","11":"product-type-simple"},"supplier_id":null,"supplier_sku":"","barcode":null,"atum_controlled":true,"out_stock_date":null,"out_stock_threshold":null,"inheritable":false,"inbound_stock":null,"stock_on_hold":0,"sold_today":0,"sales_last_days":0,"reserved_stock":null,"customer_returns":null,"warehouse_damage":null,"lost_in_post":null,"other_logs":null,"out_stock_days":0,"lost_sales":0,"has_location":null,"update_date":"2026-04-22T12:24:24","atum_locations":[],"atum_stock_status":"instock","restock_status":false,"low_stock_amount":"","sales_update_date":"2026-04-22T12:24:24","calc_backorders":null,"_links":{"self":[{"href":"https:\/\/emporiodoturquinho.com.br\/index.php?rest_route=\/wp\/v2\/product\/491","targetHints":{"allow":["GET"]}}],"collection":[{"href":"https:\/\/emporiodoturquinho.com.br\/index.php?rest_route=\/wp\/v2\/product"}],"about":[{"href":"https:\/\/emporiodoturquinho.com.br\/index.php?rest_route=\/wp\/v2\/types\/product"}],"replies":[{"embeddable":true,"href":"https:\/\/emporiodoturquinho.com.br\/index.php?rest_route=%2Fwp%2Fv2%2Fcomments&post=491"}],"wp:featuredmedia":[{"embeddable":true,"href":"https:\/\/emporiodoturquinho.com.br\/index.php?rest_route=\/wp\/v2\/media\/492"}],"wp:attachment":[{"href":"https:\/\/emporiodoturquinho.com.br\/index.php?rest_route=%2Fwp%2Fv2%2Fmedia&parent=491"}],"wp:term":[{"taxonomy":"product_cat","embeddable":true,"href":"https:\/\/emporiodoturquinho.com.br\/index.php?rest_route=%2Fwp%2Fv2%2Fproduct_cat&post=491"},{"taxonomy":"product_tag","embeddable":true,"href":"https:\/\/emporiodoturquinho.com.br\/index.php?rest_route=%2Fwp%2Fv2%2Fproduct_tag&post=491"}],"curies":[{"name":"wp","href":"https:\/\/api.w.org\/{rel}","templated":true}]}}