{"id":489,"date":"2024-01-25T14:18:06","date_gmt":"2024-01-25T17:18:06","guid":{"rendered":"http:\/\/emporiodoturquinho.com.br\/?post_type=product&#038;p=489"},"modified":"2024-01-25T14:18:06","modified_gmt":"2024-01-25T17:18:06","slug":"cereja-desidratada","status":"publish","type":"product","link":"https:\/\/emporiodoturquinho.com.br\/?product=cereja-desidratada","title":{"rendered":"CEREJA DESIDRATADA"},"content":{"rendered":"<p>VALORES NUTRICIONAIS Conhe\u00e7a os valores nutricionais deste produto<br \/>\nQuantidade por por\u00e7\u00e3o de 20g (1 Colher de Sopa) %VD(*)<br \/>\nValor Energ\u00e9tico 36Kcal=138KJ 2<br \/>\nCarboidratos 8g 3<br \/>\nProte\u00ednas 0.6g 1<br \/>\nGorduras Totais 1g 2<br \/>\nGorduras Saturadas 0g 0<br \/>\nGorduras Trans 0g **<br \/>\nFibra Alimentar 0.6g 2<br \/>\nS\u00f3dio 0mg 0<\/p>\n<p>(*)% Valores Di\u00e1rios de refer\u00eancia com base em uma dieta de 2.000 kcal ou 8.400 kJ. Seus valores di\u00e1rios podem ser maiores ou menores dependendo de suas necessidades energ\u00e9ticas.<\/p>\n<p>Ingrediente(s): Cereja, \u00f3leo de Girassol, sacarose, xarope de glucose, antioxidante INS 330 e conservantes INS 211, INS 223 e INS 420.<\/p>\n<p>Ap\u00f3s a abertura, mantenha a embalagem bem fechada. Armazene em local fresco e seco.<\/p>\n<p>AL\u00c9RGICOS: PODE CONTER TRA\u00c7OS DE SOJA, NOZES, CASTANHAS E AMENDOINS.<\/p>\n<p>N\u00c3O CONT\u00c9M GL\u00daTEN.<\/p>\n<p>CARACTER\u00cdSTICAS<br \/>\nSem Gl\u00faten: Sim<br \/>\nVegano: Sim<br \/>\nLow Carb: Sim<br \/>\nOrg\u00e2nico: N\u00e3o<br \/>\nLivre Transg\u00eanicos: Sim<br \/>\nSem Lactose: Sim<br \/>\nOrigem: Importado<br \/>\nGranel: Sim<\/p>\n","protected":false},"excerpt":{"rendered":"<p>A Cereja desidratada \u00e9 muito usada nas festas de final de ano e ajuda a suprir a vontade de comer doces. Rica em antioxidantes que previne doen\u00e7as cardiovasculares, Alzheimer e o envelhecimento precoce. O seu consumo estimula o aumento da melatonina (horm\u00f4nio do sono), melhorando a qualidade do sono, ins\u00f4nia, dor de cabe\u00e7a e possui efeito calmante.<\/p>\n<p>Apresenta tamb\u00e9m a\u00e7\u00e3o anti-inflamat\u00f3ria auxiliando no tratamento de artrite, fibromialgia e dores musculares. Rica em polifen\u00f3is, fibras, vitamina A e C e betacaroteno, com propriedades antioxidantes e anti-inflamat\u00f3rias.<\/p>\n<p>Como utilizar a Cereja desidratada?<br \/>\nPode ser utilizada na forma natural como petisco ou no mix de frutas seca ou no preparo de geleias, molhos, tortas, bolos, pat\u00eas e farofas. E pode ser acrescentada em iogurtes e saladas de frutas.<\/p>\n<p>Gostou? Fa\u00e7a sua compra agora e receba com todo conforto na sua casa ou trabalho.<\/p>\n","protected":false},"featured_media":490,"comment_status":"open","ping_status":"closed","template":"","meta":[],"product_cat":[77],"product_tag":[],"class_list":{"0":"post-489","1":"product","2":"type-product","3":"status-publish","4":"has-post-thumbnail","6":"product_cat-frutas-desidratadas","8":"first","9":"instock","10":"shipping-taxable","11":"product-type-simple"},"supplier_id":null,"supplier_sku":"","barcode":null,"atum_controlled":true,"out_stock_date":null,"out_stock_threshold":null,"inheritable":false,"inbound_stock":null,"stock_on_hold":0,"sold_today":0,"sales_last_days":0,"reserved_stock":null,"customer_returns":null,"warehouse_damage":null,"lost_in_post":null,"other_logs":null,"out_stock_days":0,"lost_sales":0,"has_location":null,"update_date":"2026-04-22T12:24:24","atum_locations":[],"atum_stock_status":"instock","restock_status":false,"low_stock_amount":"","sales_update_date":"2026-04-22T12:24:24","calc_backorders":null,"_links":{"self":[{"href":"https:\/\/emporiodoturquinho.com.br\/index.php?rest_route=\/wp\/v2\/product\/489","targetHints":{"allow":["GET"]}}],"collection":[{"href":"https:\/\/emporiodoturquinho.com.br\/index.php?rest_route=\/wp\/v2\/product"}],"about":[{"href":"https:\/\/emporiodoturquinho.com.br\/index.php?rest_route=\/wp\/v2\/types\/product"}],"replies":[{"embeddable":true,"href":"https:\/\/emporiodoturquinho.com.br\/index.php?rest_route=%2Fwp%2Fv2%2Fcomments&post=489"}],"wp:featuredmedia":[{"embeddable":true,"href":"https:\/\/emporiodoturquinho.com.br\/index.php?rest_route=\/wp\/v2\/media\/490"}],"wp:attachment":[{"href":"https:\/\/emporiodoturquinho.com.br\/index.php?rest_route=%2Fwp%2Fv2%2Fmedia&parent=489"}],"wp:term":[{"taxonomy":"product_cat","embeddable":true,"href":"https:\/\/emporiodoturquinho.com.br\/index.php?rest_route=%2Fwp%2Fv2%2Fproduct_cat&post=489"},{"taxonomy":"product_tag","embeddable":true,"href":"https:\/\/emporiodoturquinho.com.br\/index.php?rest_route=%2Fwp%2Fv2%2Fproduct_tag&post=489"}],"curies":[{"name":"wp","href":"https:\/\/api.w.org\/{rel}","templated":true}]}}