{"id":487,"date":"2024-01-25T14:17:25","date_gmt":"2024-01-25T17:17:25","guid":{"rendered":"http:\/\/emporiodoturquinho.com.br\/?post_type=product&#038;p=487"},"modified":"2024-01-25T14:17:25","modified_gmt":"2024-01-25T17:17:25","slug":"blueberry-desidratado","status":"publish","type":"product","link":"https:\/\/emporiodoturquinho.com.br\/?product=blueberry-desidratado","title":{"rendered":"BLUEBERRY DESIDRATADO"},"content":{"rendered":"<p>VALORES NUTRICIONAIS Conhe\u00e7a os valores nutricionais deste produto<br \/>\nQuantidade por por\u00e7\u00e3o de 50g (5 Colheres de Sopa) %VD(*)<br \/>\nValor Energ\u00e9tico 175Kcal=732KJ 9<br \/>\nCarboidratos 42g 14<br \/>\nProte\u00ednas 0.9g 1<br \/>\nGorduras Totais 0.1g 0<br \/>\nGorduras Saturadas 0g 0<br \/>\nGorduras Trans 0g **<br \/>\nFibra Alimentar 4g 16<br \/>\nS\u00f3dio 4mg 0<br \/>\n(*)% Valores Di\u00e1rios de refer\u00eancia com base em uma dieta de 2.000 kcal ou 8.400 kJ. Seus valores di\u00e1rios podem ser maiores ou menores dependendo de suas necessidades energ\u00e9ticas.<\/p>\n<p>Ingrediente(s): Blueberry, a\u00e7\u00facar e \u00f3leo de girassol.<\/p>\n<p>AL\u00c9RGICOS: PODE CONTER TRA\u00c7OS DE SOJA, NOZES, CASTANHAS E AMENDOINS.<\/p>\n<p>N\u00c3O CONT\u00c9M GL\u00daTEN.<\/p>\n<p>CARACTER\u00cdSTICAS<br \/>\nSem Gl\u00faten: Sim<br \/>\nVegano: Sim<br \/>\nLow Carb: N\u00e3o<br \/>\nOrg\u00e2nico: N\u00e3o<br \/>\nLivre Transg\u00eanicos: Sim<br \/>\nSem Lactose: Sim<br \/>\nOrigem: Importado<br \/>\nGranel: Sim<\/p>\n","protected":false},"excerpt":{"rendered":"<p>Blueberry Desidratado (ou mirtilo desidratado) \u00e9 uma fruta da fam\u00edlia das &#8216;berries&#8217;, nativa de regi\u00f5es da Europa e dos Estados Unidos.<\/p>\n<p>Benef\u00edcios do Blueberry Desidratado<br \/>\nO Blueberry Desidratado \u00e9 rico em fibras (pectina), antioxidantes (bio-flavonoides), sais minerais (zinco, ferro, pot\u00e1ssio e magn\u00e9sio) e vitamina C. \u00c9 uma das frutas que mais cont\u00eam mais antioxidantes!<\/p>\n<p>Possui concentra\u00e7\u00f5es elevadas de antocianina que confere a colora\u00e7\u00e3o azulada \u00e0 fruta al\u00e9m de muitos dos seus benef\u00edcios.<\/p>\n<p>BlueBerry Desidratado Engorda?<br \/>\nComo toda fruta, o Blueberry \u00e9 rico em carboidratos e, portanto, fonte de energia. Desta maneira, \u00e9 importante que o consumo seja feito moderadamente, dentro de um plano alimentar.<\/p>\n<p>Como usar o BlueBerry Desidratado?<br \/>\nColoque sobre o cereal matinal, waffles, panquecas e fa\u00e7a iogurtes, smoothies, etc.<\/p>\n<p>Gostou? Fa\u00e7a sua compra agora e receba com todo conforto na sua casa ou trabalho.<\/p>\n","protected":false},"featured_media":488,"comment_status":"open","ping_status":"closed","template":"","meta":[],"product_cat":[77],"product_tag":[],"class_list":{"0":"post-487","1":"product","2":"type-product","3":"status-publish","4":"has-post-thumbnail","6":"product_cat-frutas-desidratadas","8":"first","9":"instock","10":"shipping-taxable","11":"product-type-simple"},"supplier_id":null,"supplier_sku":"","barcode":null,"atum_controlled":true,"out_stock_date":null,"out_stock_threshold":null,"inheritable":false,"inbound_stock":null,"stock_on_hold":0,"sold_today":0,"sales_last_days":0,"reserved_stock":null,"customer_returns":null,"warehouse_damage":null,"lost_in_post":null,"other_logs":null,"out_stock_days":0,"lost_sales":0,"has_location":null,"update_date":"2026-04-22T12:24:24","atum_locations":[],"atum_stock_status":"instock","restock_status":false,"low_stock_amount":"","sales_update_date":"2026-04-22T12:24:24","calc_backorders":null,"_links":{"self":[{"href":"https:\/\/emporiodoturquinho.com.br\/index.php?rest_route=\/wp\/v2\/product\/487","targetHints":{"allow":["GET"]}}],"collection":[{"href":"https:\/\/emporiodoturquinho.com.br\/index.php?rest_route=\/wp\/v2\/product"}],"about":[{"href":"https:\/\/emporiodoturquinho.com.br\/index.php?rest_route=\/wp\/v2\/types\/product"}],"replies":[{"embeddable":true,"href":"https:\/\/emporiodoturquinho.com.br\/index.php?rest_route=%2Fwp%2Fv2%2Fcomments&post=487"}],"wp:featuredmedia":[{"embeddable":true,"href":"https:\/\/emporiodoturquinho.com.br\/index.php?rest_route=\/wp\/v2\/media\/488"}],"wp:attachment":[{"href":"https:\/\/emporiodoturquinho.com.br\/index.php?rest_route=%2Fwp%2Fv2%2Fmedia&parent=487"}],"wp:term":[{"taxonomy":"product_cat","embeddable":true,"href":"https:\/\/emporiodoturquinho.com.br\/index.php?rest_route=%2Fwp%2Fv2%2Fproduct_cat&post=487"},{"taxonomy":"product_tag","embeddable":true,"href":"https:\/\/emporiodoturquinho.com.br\/index.php?rest_route=%2Fwp%2Fv2%2Fproduct_tag&post=487"}],"curies":[{"name":"wp","href":"https:\/\/api.w.org\/{rel}","templated":true}]}}