{"id":483,"date":"2024-01-25T14:16:05","date_gmt":"2024-01-25T17:16:05","guid":{"rendered":"http:\/\/emporiodoturquinho.com.br\/?post_type=product&#038;p=483"},"modified":"2024-01-25T14:16:05","modified_gmt":"2024-01-25T17:16:05","slug":"ameixa-com-caroco","status":"publish","type":"product","link":"https:\/\/emporiodoturquinho.com.br\/?product=ameixa-com-caroco","title":{"rendered":"AMEIXA COM CARO\u00c7O"},"content":{"rendered":"<p>VALORES NUTRICIONAIS Conhe\u00e7a os valores nutricionais deste produto<br \/>\nQuantidade por por\u00e7\u00e3o de 50g (6 Unidades) %VD(*)<br \/>\nValor Energ\u00e9tico 80Kcal=335KJ 4<br \/>\nCarboidratos 20g 7<br \/>\nProte\u00ednas 1g 1<br \/>\nGorduras Totais 0g 0<br \/>\nGorduras Saturadas 0g 0<br \/>\nGorduras Trans 0g **<br \/>\nFibra Alimentar 2g 8<br \/>\nS\u00f3dio 0mg 0<br \/>\n(*)% Valores Di\u00e1rios de refer\u00eancia com base em uma dieta de 2.000 kcal ou 8.400 kJ. Seus valores di\u00e1rios podem ser maiores ou menores dependendo de suas necessidades energ\u00e9ticas.<\/p>\n<p>Ingrediente(s): Ameixa com caro\u00e7o e sorbato de pot\u00e1ssio.<\/p>\n<p>Ap\u00f3s abertura da embalagem, mantenha bem fechada, armazenando-a em local fresco e seco.<\/p>\n<p>AL\u00c9RGICOS: PODE CONTER TRA\u00c7OS DE SOJA, NOZES, CASTANHAS E AMENDOINS.<\/p>\n<p>N\u00c3O CONT\u00c9M GL\u00daTEN.<\/p>\n<p>CARACTER\u00cdSTICAS<br \/>\nSem Gl\u00faten: Sim<br \/>\nVegano: Sim<br \/>\nLow Carb: Sim<br \/>\nOrg\u00e2nico: N\u00e3o<br \/>\nLivre Transg\u00eanicos: Sim<br \/>\nSem Lactose: Sim<br \/>\nOrigem: Importado<br \/>\nGranel: Sim<\/p>\n","protected":false},"excerpt":{"rendered":"<p>A Ameixa tem alto valor nutritivo, \u00e9 rica em sais minerais e fonte de vitaminas A, B e C. Al\u00e9m de satisfazer o paladar com sua textura agrad\u00e1vel, macia e sabor adocicado, evitam problemas de pele e reumatismo. A ameixa \u00e9 tamb\u00e9m reconhecida como um laxante natural, atuando na preven\u00e7\u00e3o e tratamento de pris\u00e3o de ventre. Apresenta sorbato de pot\u00e1ssio em sua composi\u00e7\u00e3o, ajudando na n\u00e3o oxida\u00e7\u00e3o das ameixas, e tamb\u00e9m na conserva\u00e7\u00e3o dela.<\/p>\n<p>Sugest\u00e3o de consumo da Ameixa:<br \/>\nPara se obter os benef\u00edcios da ameixa, o ideal \u00e9 que seja consumida frequentemente. 3 ou 4 ameixas por dia \u00e9 o suficiente. Mais cuidado com o excesso: a fruta cont\u00e9m grande quantidade de oxalato, subst\u00e2ncia que, se for consumida em excesso, pode gerar algumas complica\u00e7\u00f5es.<\/p>\n<p>Gostou? Fa\u00e7a sua compra agora e receba com todo conforto na sua casa ou trabalho.<\/p>\n","protected":false},"featured_media":484,"comment_status":"open","ping_status":"closed","template":"","meta":[],"product_cat":[77],"product_tag":[],"class_list":{"0":"post-483","1":"product","2":"type-product","3":"status-publish","4":"has-post-thumbnail","6":"product_cat-frutas-desidratadas","8":"first","9":"instock","10":"shipping-taxable","11":"product-type-simple"},"supplier_id":null,"supplier_sku":"","barcode":null,"atum_controlled":true,"out_stock_date":null,"out_stock_threshold":null,"inheritable":false,"inbound_stock":0,"stock_on_hold":0,"sold_today":0,"sales_last_days":0,"reserved_stock":0,"customer_returns":0,"warehouse_damage":0,"lost_in_post":0,"other_logs":0,"out_stock_days":0,"lost_sales":0,"has_location":false,"update_date":"2026-04-22T12:24:24","atum_locations":[],"atum_stock_status":"instock","restock_status":false,"low_stock_amount":"","sales_update_date":"2026-04-22T12:24:24","calc_backorders":null,"_links":{"self":[{"href":"https:\/\/emporiodoturquinho.com.br\/index.php?rest_route=\/wp\/v2\/product\/483","targetHints":{"allow":["GET"]}}],"collection":[{"href":"https:\/\/emporiodoturquinho.com.br\/index.php?rest_route=\/wp\/v2\/product"}],"about":[{"href":"https:\/\/emporiodoturquinho.com.br\/index.php?rest_route=\/wp\/v2\/types\/product"}],"replies":[{"embeddable":true,"href":"https:\/\/emporiodoturquinho.com.br\/index.php?rest_route=%2Fwp%2Fv2%2Fcomments&post=483"}],"wp:featuredmedia":[{"embeddable":true,"href":"https:\/\/emporiodoturquinho.com.br\/index.php?rest_route=\/wp\/v2\/media\/484"}],"wp:attachment":[{"href":"https:\/\/emporiodoturquinho.com.br\/index.php?rest_route=%2Fwp%2Fv2%2Fmedia&parent=483"}],"wp:term":[{"taxonomy":"product_cat","embeddable":true,"href":"https:\/\/emporiodoturquinho.com.br\/index.php?rest_route=%2Fwp%2Fv2%2Fproduct_cat&post=483"},{"taxonomy":"product_tag","embeddable":true,"href":"https:\/\/emporiodoturquinho.com.br\/index.php?rest_route=%2Fwp%2Fv2%2Fproduct_tag&post=483"}],"curies":[{"name":"wp","href":"https:\/\/api.w.org\/{rel}","templated":true}]}}