{"id":481,"date":"2024-01-25T14:15:25","date_gmt":"2024-01-25T17:15:25","guid":{"rendered":"http:\/\/emporiodoturquinho.com.br\/?post_type=product&#038;p=481"},"modified":"2024-01-25T14:15:25","modified_gmt":"2024-01-25T17:15:25","slug":"abacaxi-cristalizado","status":"publish","type":"product","link":"https:\/\/emporiodoturquinho.com.br\/?product=abacaxi-cristalizado","title":{"rendered":"ABACAXI CRISTALIZADO"},"content":{"rendered":"<p>VALORES NUTRICIONAIS Conhe\u00e7a os valores nutricionais deste produto<br \/>\nQuantidade por por\u00e7\u00e3o de 40g (2 Fatias) %VD(*)<br \/>\nValor Energ\u00e9tico 94Kcal=393kj 5<br \/>\nCarboidratos 19g 6<br \/>\nProte\u00ednas 1.4g 1<br \/>\nGorduras Totais 1.4g 3<br \/>\nGorduras Saturadas 0g 0<br \/>\nGorduras Trans 0g &#8211;<br \/>\nFibra Alimentar 2.5g 10<br \/>\nS\u00f3dio 0mg 0<br \/>\n(*)% Valores Di\u00e1rios de refer\u00eancia com base em uma dieta de 2.000 kcal ou 8.400 kJ. Seus valores di\u00e1rios podem ser maiores ou menores dependendo de suas necessidades energ\u00e9ticas.<\/p>\n<p>Ingrediente(s): Abacaxi, \u00e1gua e a\u00e7\u00facar.<\/p>\n<p>Ap\u00f3s abertura da embalagem, mantenha bem fechada, armazenando-a em local fresco e seco.<\/p>\n<p>AL\u00c9RGICOS: PODE CONTER TRA\u00c7OS DE SOJA, NOZES, CASTANHAS E AMENDOINS.<\/p>\n<p>N\u00c3O CONT\u00c9M GL\u00daTEN.<\/p>\n<p>CARACTER\u00cdSTICAS<br \/>\nSem Gl\u00faten: Sim<br \/>\nVegano: Sim<br \/>\nLow Carb: N\u00e3o<br \/>\nOrg\u00e2nico: N\u00e3o<br \/>\nLivre Transg\u00eanicos: Sim<br \/>\nSem Lactose: Sim<br \/>\nOrigem: Nacional<br \/>\nGranel: Sim<\/p>\n","protected":false},"excerpt":{"rendered":"<p>O Abacaxi cristalizado \u00e9 obtido pela substitui\u00e7\u00e3o de parte da sua \u00e1gua por a\u00e7\u00facares. Esse processo garante maior durabilidade devido a\u00e7\u00e3o do a\u00e7\u00facar na conserva\u00e7\u00e3o do produto, dando origem a uma sobremesa naturalmente docinha e deliciosa! \u00c9 uma excelente op\u00e7\u00e3o para um lanche r\u00e1pido e pode ser acrescentado \u00e0 salada de frutas.<\/p>\n<p>Quais as propriedades do Abacaxi?<br \/>\nRico em fibras, o Abacaxi Desidratado (seco) possui baixas calorias, \u00e9 rica fonte de vitamina C, com quantidades \u00fateis de Vitamina B6, folato, tiamina, ferro e magn\u00e9sio.<\/p>\n<p>Sugest\u00e3o de Uso:<br \/>\nPode ser utilizado nas prepara\u00e7\u00f5es de bolos, tortas e p\u00e3es; serve como petisco para lanches intermedi\u00e1rios acompanhando castanhas; ideal para prepara\u00e7\u00f5es de sobremesas; \u00f3timo para decorar pratos natalinos; excelente acompanhamento decorativo para pratos salgados como carne assada.<\/p>\n<p>Gostou? Fa\u00e7a sua compra agora e receba com todo conforto na sua casa ou trabalho.<\/p>\n","protected":false},"featured_media":482,"comment_status":"open","ping_status":"closed","template":"","meta":[],"product_cat":[77],"product_tag":[],"class_list":{"0":"post-481","1":"product","2":"type-product","3":"status-publish","4":"has-post-thumbnail","6":"product_cat-frutas-desidratadas","8":"first","9":"instock","10":"shipping-taxable","11":"product-type-simple"},"supplier_id":null,"supplier_sku":"","barcode":null,"atum_controlled":true,"out_stock_date":null,"out_stock_threshold":null,"inheritable":false,"inbound_stock":0,"stock_on_hold":0,"sold_today":0,"sales_last_days":0,"reserved_stock":0,"customer_returns":0,"warehouse_damage":0,"lost_in_post":0,"other_logs":0,"out_stock_days":0,"lost_sales":0,"has_location":false,"update_date":"2026-04-22T12:24:24","atum_locations":[],"atum_stock_status":"instock","restock_status":false,"low_stock_amount":"","sales_update_date":"2026-04-22T12:24:24","calc_backorders":null,"_links":{"self":[{"href":"https:\/\/emporiodoturquinho.com.br\/index.php?rest_route=\/wp\/v2\/product\/481","targetHints":{"allow":["GET"]}}],"collection":[{"href":"https:\/\/emporiodoturquinho.com.br\/index.php?rest_route=\/wp\/v2\/product"}],"about":[{"href":"https:\/\/emporiodoturquinho.com.br\/index.php?rest_route=\/wp\/v2\/types\/product"}],"replies":[{"embeddable":true,"href":"https:\/\/emporiodoturquinho.com.br\/index.php?rest_route=%2Fwp%2Fv2%2Fcomments&post=481"}],"wp:featuredmedia":[{"embeddable":true,"href":"https:\/\/emporiodoturquinho.com.br\/index.php?rest_route=\/wp\/v2\/media\/482"}],"wp:attachment":[{"href":"https:\/\/emporiodoturquinho.com.br\/index.php?rest_route=%2Fwp%2Fv2%2Fmedia&parent=481"}],"wp:term":[{"taxonomy":"product_cat","embeddable":true,"href":"https:\/\/emporiodoturquinho.com.br\/index.php?rest_route=%2Fwp%2Fv2%2Fproduct_cat&post=481"},{"taxonomy":"product_tag","embeddable":true,"href":"https:\/\/emporiodoturquinho.com.br\/index.php?rest_route=%2Fwp%2Fv2%2Fproduct_tag&post=481"}],"curies":[{"name":"wp","href":"https:\/\/api.w.org\/{rel}","templated":true}]}}