{"id":472,"date":"2024-01-25T14:03:10","date_gmt":"2024-01-25T17:03:10","guid":{"rendered":"http:\/\/emporiodoturquinho.com.br\/?post_type=product&#038;p=472"},"modified":"2024-01-25T14:03:10","modified_gmt":"2024-01-25T17:03:10","slug":"tempero-sirio-ba-har","status":"publish","type":"product","link":"https:\/\/emporiodoturquinho.com.br\/?product=tempero-sirio-ba-har","title":{"rendered":"TEMPERO S\u00cdRIO BA-HAR"},"content":{"rendered":"<p>VALORES NUTRICIONAIS Conhe\u00e7a os valores nutricionais deste produto<br \/>\nQuantidade por por\u00e7\u00e3o de 0g (0 Colher de Sopa) %VD(*)<br \/>\nValor Energ\u00e9tico 0Kcal 0<br \/>\nCarboidratos 0g 0<br \/>\nProte\u00ednas 0g 0<br \/>\nGorduras Totais 0g 0<br \/>\nGorduras Saturadas 0g 0<br \/>\nGorduras Trans 0g **<br \/>\nFibra Alimentar 0g 0<br \/>\nS\u00f3dio 0mg 0<br \/>\n(*)% Valores Di\u00e1rios de refer\u00eancia com base em uma dieta de 2.000 kcal ou 8.400 kJ. Seus valores di\u00e1rios podem ser maiores ou menores dependendo de suas necessidades energ\u00e9ticas.<\/p>\n<p>Ingrediente(s): Pimenta do reino, canela, noz moscada e cravo.<\/p>\n<p>Ap\u00f3s a abertura, mantenha a embalagem bem fechada. Armazene em local fresco e seco.<\/p>\n<p>AL\u00c9RGICOS: PODE CONTER TRA\u00c7OS DE SOJA, NOZES, CASTANHAS E AMENDOINS.<\/p>\n<p>N\u00c3O CONT\u00c9M GL\u00daTEN.<\/p>\n<p>CARACTER\u00cdSTICAS<br \/>\nSem Gl\u00faten: Sim<br \/>\nVegano: Sim<br \/>\nLow Carb: Sim<br \/>\nOrg\u00e2nico: N\u00e3o<br \/>\nLivre Transg\u00eanicos: Sim<br \/>\nSem Lactose: Sim<br \/>\nOrigem: Importado<br \/>\nGranel: Sim<\/p>\n","protected":false},"excerpt":{"rendered":"<p>O tempero s\u00edrio, tamb\u00e9m conhecida como Bahar, n\u00e3o \u00e9 uma pimenta em si, \u00e9 na verdade uma mistura de temperos e especiarias de cor escura como pimenta-do-reino, canela, noz moscada e cravo da \u00edndia.<br \/>\nMuito usado na culin\u00e1ria s\u00edrio-libanesa, \u00e9 um tempero moderadamente picante com um leve toque adocicado, por causa da canela e do cravo.<\/p>\n<p>Como consumir o Ba-Har?<br \/>\nD\u00e1 um gosto especial no tempero de alimentos de origem \u00e1rabe, como esfirra, kafta, quibe e tabule, ou at\u00e9 como condimento de cordeiro, frango e p\u00e3es, mas deve ser usado com cuidado para que seu sabor n\u00e3o encubra o dos outros ingredientes das receitas.<\/p>\n<p>Quais as propriedades do Ba-Har?<br \/>\nComo o Bahar \u00e9 a mistura de diversos temperos, pode-se aproveitar os benef\u00edcios de cada um deles. A pimenta-do-reino, por exemplo, al\u00e9m de seu sabor picante delicioso, \u00e9 rica em ferro, c\u00e1lcio, zinco, pot\u00e1ssio, magn\u00e9sio e \u00e9 termog\u00eanica, ou seja, acelera o metabolismo e aumenta o gasto cal\u00f3rico, contribuindo para o emagrecimento.<\/p>\n<p>Gostou? Fa\u00e7a sua compra agora e receba com todo conforto na sua casa ou trabalho.<\/p>\n<p>&nbsp;<\/p>\n","protected":false},"featured_media":473,"comment_status":"open","ping_status":"closed","template":"","meta":[],"product_cat":[63,71],"product_tag":[],"class_list":{"0":"post-472","1":"product","2":"type-product","3":"status-publish","4":"has-post-thumbnail","6":"product_cat-cozinhar-e-temperar","7":"product_cat-temperos-e-especiarias","9":"first","10":"instock","11":"shipping-taxable","12":"product-type-simple"},"supplier_id":null,"supplier_sku":"","barcode":null,"atum_controlled":true,"out_stock_date":null,"out_stock_threshold":null,"inheritable":false,"inbound_stock":null,"stock_on_hold":0,"sold_today":0,"sales_last_days":0,"reserved_stock":null,"customer_returns":null,"warehouse_damage":null,"lost_in_post":null,"other_logs":null,"out_stock_days":0,"lost_sales":0,"has_location":null,"update_date":"2026-04-22T12:24:24","atum_locations":[],"atum_stock_status":"instock","restock_status":false,"low_stock_amount":"","sales_update_date":"2026-04-22T12:24:24","calc_backorders":null,"_links":{"self":[{"href":"https:\/\/emporiodoturquinho.com.br\/index.php?rest_route=\/wp\/v2\/product\/472","targetHints":{"allow":["GET"]}}],"collection":[{"href":"https:\/\/emporiodoturquinho.com.br\/index.php?rest_route=\/wp\/v2\/product"}],"about":[{"href":"https:\/\/emporiodoturquinho.com.br\/index.php?rest_route=\/wp\/v2\/types\/product"}],"replies":[{"embeddable":true,"href":"https:\/\/emporiodoturquinho.com.br\/index.php?rest_route=%2Fwp%2Fv2%2Fcomments&post=472"}],"wp:featuredmedia":[{"embeddable":true,"href":"https:\/\/emporiodoturquinho.com.br\/index.php?rest_route=\/wp\/v2\/media\/473"}],"wp:attachment":[{"href":"https:\/\/emporiodoturquinho.com.br\/index.php?rest_route=%2Fwp%2Fv2%2Fmedia&parent=472"}],"wp:term":[{"taxonomy":"product_cat","embeddable":true,"href":"https:\/\/emporiodoturquinho.com.br\/index.php?rest_route=%2Fwp%2Fv2%2Fproduct_cat&post=472"},{"taxonomy":"product_tag","embeddable":true,"href":"https:\/\/emporiodoturquinho.com.br\/index.php?rest_route=%2Fwp%2Fv2%2Fproduct_tag&post=472"}],"curies":[{"name":"wp","href":"https:\/\/api.w.org\/{rel}","templated":true}]}}