{"id":464,"date":"2024-01-25T13:55:50","date_gmt":"2024-01-25T16:55:50","guid":{"rendered":"http:\/\/emporiodoturquinho.com.br\/?post_type=product&#038;p=464"},"modified":"2024-01-25T13:55:50","modified_gmt":"2024-01-25T16:55:50","slug":"sal-do-himalaia","status":"publish","type":"product","link":"https:\/\/emporiodoturquinho.com.br\/?product=sal-do-himalaia","title":{"rendered":"SAL DO HIMALAIA"},"content":{"rendered":"<p>VALORES NUTRICIONAIS Conhe\u00e7a os valores nutricionais deste produto<br \/>\nQuantidade por por\u00e7\u00e3o de 1g (1 Colher de Caf\u00e9) %VD(*)<br \/>\nValor Energ\u00e9tico 0Kcal=0KJ 0<br \/>\nCarboidratos 0g 0<br \/>\nProte\u00ednas 0g 0<br \/>\nGorduras Totais 0g 0<br \/>\nGorduras Saturadas 0g 0<br \/>\nGorduras Trans 0g **<br \/>\nFibra Alimentar 0g 0<br \/>\nS\u00f3dio 380mg 16<br \/>\n(*)% Valores Di\u00e1rios de refer\u00eancia com base em uma dieta de 2.000 kcal ou 8.400 kJ. Seus valores di\u00e1rios podem ser maiores ou menores dependendo de suas necessidades energ\u00e9ticas.<\/p>\n<p>Ingrediente(s): Sal do Himalaia Fino.<\/p>\n<p>Ap\u00f3s a abertura, mantenha a embalagem bem fechada. Armazene em local fresco e seco.<\/p>\n<p>AL\u00c9RGICOS: PODE CONTER TRA\u00c7OS DE SOJA, NOZES, CASTANHAS E AMENDOINS.<\/p>\n<p>N\u00c3O CONT\u00c9M GL\u00daTEN.<\/p>\n<p>CARACTER\u00cdSTICAS<br \/>\nSem Gl\u00faten: Sim<br \/>\nVegano: Sim<br \/>\nLow Carb: Sim<br \/>\nOrg\u00e2nico: N\u00e3o<br \/>\nLivre Transg\u00eanicos: Sim<br \/>\nSem Lactose: Sim<br \/>\nOrigem: Importado<br \/>\nGranel: Sim<\/p>\n","protected":false},"excerpt":{"rendered":"<p>O famoso sal do Himalaia, conhecido como sal rosa, \u00e9 extra\u00eddo de camas cristalizadas de sal cobertas com lava vulc\u00e2nica h\u00e1 200 milh\u00f5es de anos. Mantido em ambiente isolado, \u00e9 isento de agentes poluentes e por n\u00e3o passar por processos qu\u00edmicos, mant\u00e9m suas caracter\u00edsticas originais como colora\u00e7\u00e3o e nutrientes essenciais. Apesar do nome \u201cHimalaia\u201d, o sal rosa \u00e9 encontrado principalmente no Paquist\u00e3o, extra\u00eddo da Mina de Sal Khewra, uma das maiores e mais antigas minas de sal do mundo.<\/p>\n<p>Como consumir o Sal Do Himalaia?<br \/>\nPode ser utilizado em qualquer prato culin\u00e1rio.<\/p>\n<p>Quais as propriedades do Sal Do Himalaia?<br \/>\nQuanta riqueza! O sal do Himalaia cont\u00e9m os mesmos 84 minerais que s\u00e3o encontrados no corpo humano, como cloreto de s\u00f3dio, sulfato de c\u00e1lcio, pot\u00e1ssio, magn\u00e9sio, f\u00f3sforo, bromo, zinco, sulfato de c\u00e1lcio, entre outros.<br \/>\nPor ser menos refinado e manter seus cristais e flocos maiores, o sal do Himalaia apresenta uma quantidade menor de s\u00f3dio, por por\u00e7\u00e3o, se comparado ao sal branco de mesa.<br \/>\nTamb\u00e9m encontrados no sal rosa do Himalaia, o \u00f3xido de ferro e o mangan\u00eas s\u00e3o as subst\u00e2ncias respons\u00e1veis pela colora\u00e7\u00e3o rosa do sal.<\/p>\n<p>Gostou? Fa\u00e7a sua compra agora e receba com todo conforto na sua casa ou trabalho.<\/p>\n","protected":false},"featured_media":465,"comment_status":"open","ping_status":"closed","template":"","meta":[],"product_cat":[63,71],"product_tag":[],"class_list":{"0":"post-464","1":"product","2":"type-product","3":"status-publish","4":"has-post-thumbnail","6":"product_cat-cozinhar-e-temperar","7":"product_cat-temperos-e-especiarias","9":"first","10":"instock","11":"shipping-taxable","12":"product-type-simple"},"supplier_id":null,"supplier_sku":"","barcode":null,"atum_controlled":true,"out_stock_date":null,"out_stock_threshold":null,"inheritable":false,"inbound_stock":null,"stock_on_hold":0,"sold_today":0,"sales_last_days":0,"reserved_stock":null,"customer_returns":null,"warehouse_damage":null,"lost_in_post":null,"other_logs":null,"out_stock_days":0,"lost_sales":0,"has_location":null,"update_date":"2026-04-22T12:24:23","atum_locations":[],"atum_stock_status":"instock","restock_status":false,"low_stock_amount":"","sales_update_date":"2026-04-22T12:24:23","calc_backorders":null,"_links":{"self":[{"href":"https:\/\/emporiodoturquinho.com.br\/index.php?rest_route=\/wp\/v2\/product\/464","targetHints":{"allow":["GET"]}}],"collection":[{"href":"https:\/\/emporiodoturquinho.com.br\/index.php?rest_route=\/wp\/v2\/product"}],"about":[{"href":"https:\/\/emporiodoturquinho.com.br\/index.php?rest_route=\/wp\/v2\/types\/product"}],"replies":[{"embeddable":true,"href":"https:\/\/emporiodoturquinho.com.br\/index.php?rest_route=%2Fwp%2Fv2%2Fcomments&post=464"}],"wp:featuredmedia":[{"embeddable":true,"href":"https:\/\/emporiodoturquinho.com.br\/index.php?rest_route=\/wp\/v2\/media\/465"}],"wp:attachment":[{"href":"https:\/\/emporiodoturquinho.com.br\/index.php?rest_route=%2Fwp%2Fv2%2Fmedia&parent=464"}],"wp:term":[{"taxonomy":"product_cat","embeddable":true,"href":"https:\/\/emporiodoturquinho.com.br\/index.php?rest_route=%2Fwp%2Fv2%2Fproduct_cat&post=464"},{"taxonomy":"product_tag","embeddable":true,"href":"https:\/\/emporiodoturquinho.com.br\/index.php?rest_route=%2Fwp%2Fv2%2Fproduct_tag&post=464"}],"curies":[{"name":"wp","href":"https:\/\/api.w.org\/{rel}","templated":true}]}}