{"id":456,"date":"2024-01-25T13:52:46","date_gmt":"2024-01-25T16:52:46","guid":{"rendered":"http:\/\/emporiodoturquinho.com.br\/?post_type=product&#038;p=456"},"modified":"2024-01-25T13:52:46","modified_gmt":"2024-01-25T16:52:46","slug":"pimenta-caiena","status":"publish","type":"product","link":"https:\/\/emporiodoturquinho.com.br\/?product=pimenta-caiena","title":{"rendered":"PIMENTA CAIENA"},"content":{"rendered":"<p>VALORES NUTRICIONAIS Conhe\u00e7a os valores nutricionais deste produto<br \/>\nQuantidade por por\u00e7\u00e3o de 0g (0 Colher de Sopa) %VD(*)<br \/>\nValor Energ\u00e9tico 0Kcal=0KJ 0<br \/>\nCarboidratos 0g 0<br \/>\nProte\u00ednas 0g 0<br \/>\nGorduras Totais 0g 0<br \/>\nGorduras Saturadas 0g 0<br \/>\nGorduras Trans 0g **<br \/>\nFibra Alimentar 0g 0<br \/>\nS\u00f3dio 0mg 0<br \/>\n(*)% Valores Di\u00e1rios de refer\u00eancia com base em uma dieta de 2.000 kcal ou 8.400 kJ. Seus valores di\u00e1rios podem ser maiores ou menores dependendo de suas necessidades energ\u00e9ticas.<\/p>\n<p>Ingrediente(s): Pimenta caiena em p\u00f3.<\/p>\n<p>Ap\u00f3s a abertura, mantenha a embalagem bem fechada. Armazene em local fresco e seco.<\/p>\n<p>AL\u00c9RGICOS: PODE CONTER TRA\u00c7OS DE CENTEIO, CEVADA, SOJA, NOZES, CASTANHAS E AMENDOINS.<\/p>\n<p>N\u00c3O CONT\u00c9M GL\u00daTEN.<\/p>\n<p>CARACTER\u00cdSTICAS<br \/>\nSem Gl\u00faten: Sim<br \/>\nVegano: Sim<br \/>\nLow Carb: Sim<br \/>\nOrg\u00e2nico: N\u00e3o<br \/>\nLivre Transg\u00eanicos: Sim<br \/>\nSem Lactose: Sim<br \/>\nOrigem: Importado<br \/>\nGranel: Sim<\/p>\n","protected":false},"excerpt":{"rendered":"<p>A pimenta caiena ou pimenta cayena \u00e9 uma variedade de capsicum annum, uma esp\u00e9cie de planta nativa da Am\u00e9rica. O nome \u201ccaiena\u201d deriva da cidade de origem, Cayenne, capital da Guiana Francesa, da\u00ed a vers\u00e3o do nome pimenta cayena.<\/p>\n<p>\u00c9 um condimento de cor alaranjada ou avermelhada e bem saboroso. Quando comparado a outros tipos de pimenta, a caiena apresenta um ardor mais intenso. A ard\u00eancia e a sensa\u00e7\u00e3o de calor da pimenta s\u00e3o atribu\u00eddas ao alto teor de capsaicina, um composto que levou a pimenta a ser usada na medicina tradicional e que atualmente \u00e9 apontado como aliado da boa forma e sa\u00fade pelos famosos.<\/p>\n<p>PROPRIEDADES DA PIMENTA CAIENA<br \/>\nA pimenta caiena cont\u00e9m vitaminas A\/B1\/B2\/B6\/C\/E\/K, betacaroteno, criptoxantina, colina, lute\u00edna, zeaxantina, folato, mangan\u00eas, pot\u00e1ssio, cobre, ferro, magn\u00e9sio, sel\u00eanio, f\u00f3sforo e zinco.<\/p>\n<p>Uma colher de sopa de pimenta caiena apresenta:<\/p>\n<p>. Calorias: 17<\/p>\n<p>. Prote\u00edna: 0,6 gramas<\/p>\n<p>. Gordura: 0,9 gramas<\/p>\n<p>. Carboidratos: 3 gramas<\/p>\n<p>. Fibras: 1,4 gramas<\/p>\n<p>BENEF\u00cdCIOS<br \/>\nMuitos estudos mostram que a capsaicina ajuda na redu\u00e7\u00e3o do apetite e a manter a sensa\u00e7\u00e3o de saciedade por mais tempo. De acordo com pesquisas, isso ocorre porque ela diminui a produ\u00e7\u00e3o do horm\u00f4nio da fome, a grelina.<\/p>\n<p>A pimenta caiena ajuda na imunidade devido ao alto teor de betacaroteno e provitamina A, al\u00e9m da vitamina C. A combina\u00e7\u00e3o dessas subst\u00e2ncias mant\u00e9m os tecidos epiteliais saud\u00e1veis.<\/p>\n<p>Ainda, ela tem propriedade antioxidante, combatendo os radicais livres e o retardamento do envelhecimento cut\u00e2neo.<\/p>\n<p>COMO CONSUMIR A PIMENTA CAIENA<br \/>\nPode ser misturada aos alimentos de diversas maneiras para dar aquele toque especial nas receitas em geral.<\/p>\n<p>Gostou? Fa\u00e7a sua compra agora e receba com todo conforto na sua casa ou trabalho.<\/p>\n","protected":false},"featured_media":457,"comment_status":"open","ping_status":"closed","template":"","meta":[],"product_cat":[63,71],"product_tag":[],"class_list":{"0":"post-456","1":"product","2":"type-product","3":"status-publish","4":"has-post-thumbnail","6":"product_cat-cozinhar-e-temperar","7":"product_cat-temperos-e-especiarias","9":"first","10":"instock","11":"shipping-taxable","12":"product-type-simple"},"supplier_id":null,"supplier_sku":"","barcode":null,"atum_controlled":true,"out_stock_date":null,"out_stock_threshold":null,"inheritable":false,"inbound_stock":null,"stock_on_hold":0,"sold_today":0,"sales_last_days":0,"reserved_stock":null,"customer_returns":null,"warehouse_damage":null,"lost_in_post":null,"other_logs":null,"out_stock_days":0,"lost_sales":0,"has_location":null,"update_date":"2026-04-22T12:24:23","atum_locations":[],"atum_stock_status":"instock","restock_status":false,"low_stock_amount":"","sales_update_date":"2026-04-22T12:24:23","calc_backorders":null,"_links":{"self":[{"href":"https:\/\/emporiodoturquinho.com.br\/index.php?rest_route=\/wp\/v2\/product\/456","targetHints":{"allow":["GET"]}}],"collection":[{"href":"https:\/\/emporiodoturquinho.com.br\/index.php?rest_route=\/wp\/v2\/product"}],"about":[{"href":"https:\/\/emporiodoturquinho.com.br\/index.php?rest_route=\/wp\/v2\/types\/product"}],"replies":[{"embeddable":true,"href":"https:\/\/emporiodoturquinho.com.br\/index.php?rest_route=%2Fwp%2Fv2%2Fcomments&post=456"}],"wp:featuredmedia":[{"embeddable":true,"href":"https:\/\/emporiodoturquinho.com.br\/index.php?rest_route=\/wp\/v2\/media\/457"}],"wp:attachment":[{"href":"https:\/\/emporiodoturquinho.com.br\/index.php?rest_route=%2Fwp%2Fv2%2Fmedia&parent=456"}],"wp:term":[{"taxonomy":"product_cat","embeddable":true,"href":"https:\/\/emporiodoturquinho.com.br\/index.php?rest_route=%2Fwp%2Fv2%2Fproduct_cat&post=456"},{"taxonomy":"product_tag","embeddable":true,"href":"https:\/\/emporiodoturquinho.com.br\/index.php?rest_route=%2Fwp%2Fv2%2Fproduct_tag&post=456"}],"curies":[{"name":"wp","href":"https:\/\/api.w.org\/{rel}","templated":true}]}}