{"id":450,"date":"2024-01-25T13:45:48","date_gmt":"2024-01-25T16:45:48","guid":{"rendered":"http:\/\/emporiodoturquinho.com.br\/?post_type=product&#038;p=450"},"modified":"2024-01-25T13:45:49","modified_gmt":"2024-01-25T16:45:49","slug":"paprica-doce","status":"publish","type":"product","link":"https:\/\/emporiodoturquinho.com.br\/?product=paprica-doce","title":{"rendered":"PAPRICA DOCE"},"content":{"rendered":"<p>VALORES NUTRICIONAIS Conhe\u00e7a os valores nutricionais deste produto<br \/>\nQuantidade por por\u00e7\u00e3o de 6g (1 Colher de Sopa) %VD(*)<br \/>\nValor Energ\u00e9tico 11Kcal=46KJ 1<br \/>\nCarboidratos 1.3g 1<br \/>\nProte\u00ednas 0g 0<br \/>\nGorduras Totais 0.8g 2<br \/>\nGorduras Saturadas 0g 0<br \/>\nGorduras Trans 0g **<br \/>\nFibra Alimentar 0.6g 2<br \/>\nS\u00f3dio 0mg 0<br \/>\n(*)% Valores Di\u00e1rios de refer\u00eancia com base em uma dieta de 2.000 kcal ou 8.400 kJ. Seus valores di\u00e1rios podem ser maiores ou menores dependendo de suas necessidades energ\u00e9ticas.<\/p>\n<p>Ingrediente(s): P\u00e1prica, farinha de milho enriquecida com ferro e \u00e1cido f\u00f3lico e \u00f3leo.<\/p>\n<p>Ap\u00f3s a abertura, mantenha a embalagem bem fechada. Armazene em local fresco e seco.<\/p>\n<p>AL\u00c9RGICOS: PODE CONTER TRA\u00c7OS DE SOJA, NOZES, CASTANHAS E AMENDOINS.<\/p>\n<p>N\u00c3O CONT\u00c9M GL\u00daTEN.<\/p>\n<p>CARACTER\u00cdSTICAS<br \/>\nSem Gl\u00faten: Sim<br \/>\nVegano: Sim<br \/>\nLow Carb: Sim<br \/>\nOrg\u00e2nico: N\u00e3o<br \/>\nLivre Transg\u00eanicos: Sim<br \/>\nSem Lactose: Sim<br \/>\nOrigem: Importado<br \/>\nGranel: Sim<\/p>\n","protected":false},"excerpt":{"rendered":"<p>A p\u00e1prica doce tem sua forte cor vermelho-alaranjada por conta dos pigmentos caroten\u00f3ides, que protegem o organismo contra os danos dos radicais livres.<\/p>\n<p>Por ser da mesma fam\u00edlia da pimenta, a p\u00e1prica tem alta concentra\u00e7\u00e3o de capsaicina.<\/p>\n<p>A p\u00e1prica doce tamb\u00e9m apresenta grande quantidade de vitamina C, essencial para a pele e o sistema imunol\u00f3gico.<\/p>\n<p>Para que serve a P\u00e1prica Doce?<br \/>\nA p\u00e1prica doce combina bem com ovos e tempera deliciosamente o arroz, massa e quase todas as verduras.<\/p>\n<p>\u00c9 muito utilizada em misturas de temperos porque ajuda a unir os outros ingredientes.<\/p>\n<p>Qual sabor da P\u00e1prica Doce?<br \/>\nA P\u00e1prica Doce possui sabor bastante suave, podendo ser utilizada tamb\u00e9m para colorir alguns pratos<\/p>\n<p>Como usar a p\u00e1prica doce<br \/>\nSe voc\u00ea n\u00e3o gosta do ardido da pimenta vermelha pode substitu\u00ed-la em receitas pela p\u00e1prica doce.<\/p>\n<p>Ela n\u00e3o deve ser aquecida em excesso porque se torna amarga.<\/p>\n<p>Gostou? Fa\u00e7a sua compra agora e receba com todo conforto na sua casa ou trabalho.<\/p>\n<p>&nbsp;<\/p>\n","protected":false},"featured_media":451,"comment_status":"open","ping_status":"closed","template":"","meta":[],"product_cat":[63,71],"product_tag":[],"class_list":{"0":"post-450","1":"product","2":"type-product","3":"status-publish","4":"has-post-thumbnail","6":"product_cat-cozinhar-e-temperar","7":"product_cat-temperos-e-especiarias","9":"first","10":"instock","11":"shipping-taxable","12":"product-type-simple"},"supplier_id":null,"supplier_sku":"","barcode":null,"atum_controlled":true,"out_stock_date":null,"out_stock_threshold":null,"inheritable":false,"inbound_stock":null,"stock_on_hold":0,"sold_today":0,"sales_last_days":0,"reserved_stock":null,"customer_returns":null,"warehouse_damage":null,"lost_in_post":null,"other_logs":null,"out_stock_days":0,"lost_sales":0,"has_location":null,"update_date":"2026-04-22T12:24:23","atum_locations":[],"atum_stock_status":"instock","restock_status":false,"low_stock_amount":"","sales_update_date":"2026-04-22T12:24:23","calc_backorders":null,"_links":{"self":[{"href":"https:\/\/emporiodoturquinho.com.br\/index.php?rest_route=\/wp\/v2\/product\/450","targetHints":{"allow":["GET"]}}],"collection":[{"href":"https:\/\/emporiodoturquinho.com.br\/index.php?rest_route=\/wp\/v2\/product"}],"about":[{"href":"https:\/\/emporiodoturquinho.com.br\/index.php?rest_route=\/wp\/v2\/types\/product"}],"replies":[{"embeddable":true,"href":"https:\/\/emporiodoturquinho.com.br\/index.php?rest_route=%2Fwp%2Fv2%2Fcomments&post=450"}],"wp:featuredmedia":[{"embeddable":true,"href":"https:\/\/emporiodoturquinho.com.br\/index.php?rest_route=\/wp\/v2\/media\/451"}],"wp:attachment":[{"href":"https:\/\/emporiodoturquinho.com.br\/index.php?rest_route=%2Fwp%2Fv2%2Fmedia&parent=450"}],"wp:term":[{"taxonomy":"product_cat","embeddable":true,"href":"https:\/\/emporiodoturquinho.com.br\/index.php?rest_route=%2Fwp%2Fv2%2Fproduct_cat&post=450"},{"taxonomy":"product_tag","embeddable":true,"href":"https:\/\/emporiodoturquinho.com.br\/index.php?rest_route=%2Fwp%2Fv2%2Fproduct_tag&post=450"}],"curies":[{"name":"wp","href":"https:\/\/api.w.org\/{rel}","templated":true}]}}