{"id":442,"date":"2024-01-25T13:42:16","date_gmt":"2024-01-25T16:42:16","guid":{"rendered":"http:\/\/emporiodoturquinho.com.br\/?post_type=product&#038;p=442"},"modified":"2024-01-25T13:42:16","modified_gmt":"2024-01-25T16:42:16","slug":"mostarda-amarela-em-po","status":"publish","type":"product","link":"https:\/\/emporiodoturquinho.com.br\/?product=mostarda-amarela-em-po","title":{"rendered":"MOSTARDA AMARELA EM P\u00d3"},"content":{"rendered":"<p>VALORES NUTRICIONAIS Conhe\u00e7a os valores nutricionais deste produto<br \/>\nQuantidade por por\u00e7\u00e3o de 5g (1 Colher de Ch\u00e1) %VD(*)<br \/>\nValor Energ\u00e9tico 25Kcal=105KJ 1<br \/>\nCarboidratos 1.5g 1<br \/>\nProte\u00ednas 1.3g 2<br \/>\nGorduras Totais 1.7g 3<br \/>\nGorduras Saturadas 0.1g 0<br \/>\nGorduras Trans 0g **<br \/>\nFibra Alimentar 0.6g 2<br \/>\nS\u00f3dio 0.7mg 0<br \/>\n(*)% Valores Di\u00e1rios de refer\u00eancia com base em uma dieta de 2.000 kcal ou 8.400 kJ. Seus valores di\u00e1rios podem ser maiores ou menores dependendo de suas necessidades energ\u00e9ticas.<\/p>\n<p>Ingrediente(s): Mostarda em p\u00f3.<\/p>\n<p>Ap\u00f3s a abertura, mantenha a embalagem bem fechada. Armazene em local fresco e seco.<\/p>\n<p>AL\u00c9RGICOS: PODE CONTER TRA\u00c7OS DE SOJA, NOZES, CASTANHAS E AMENDOINS.<\/p>\n<p>N\u00c3O CONT\u00c9M GL\u00daTEN.<\/p>\n<p>CARACTER\u00cdSTICAS<br \/>\nSem Gl\u00faten: Sim<br \/>\nVegano: Sim<br \/>\nLow Carb: Sim<br \/>\nOrg\u00e2nico: N\u00e3o<br \/>\nLivre Transg\u00eanicos: Sim<br \/>\nSem Lactose: Sim<br \/>\nOrigem: Importado<br \/>\nGranel: Sim<\/p>\n","protected":false},"excerpt":{"rendered":"<p>A Mostarda em p\u00f3 \u00e9 feita a partir da semente de mostarda que, ap\u00f3s o processo de moagem, se transforma em um p\u00f3 fino amarelo. Ingrediente muito popular no mundo por seu sabor caracter\u00edstico e cor chamativa ganhou fama com os amantes de sandu\u00edches e pelo fato de que, quando misturado com \u00e1gua, torna-se uma pasta, criando uma harmonia de sabor em sandu\u00edches, hamb\u00farguers e no famoso cachorro quente.<\/p>\n<p>Utiliza\u00e7\u00e3o da Mostarda em p\u00f3<br \/>\nA Mostarda em p\u00f3 \u00e9 amplamente utilizada como condimento em v\u00e1rios pratos, principalmente molhos para saladas. Tamb\u00e9m pode ser utilizada em maionese, molhos e com picles.<\/p>\n<p>Propriedades da Mostarda em p\u00f3<br \/>\nA Mostarda em p\u00f3 \u00e9 conhecidas por ter in\u00fameros benef\u00edcios: possui reduzidas calorias e alto valor nutricional. A mostarda \u00e9 rica em sel\u00eanio, tamb\u00e9m sendo uma boa fonte de magn\u00e9sio, c\u00e1lcio, mangan\u00eas, ac\u00eddos graxos, ferro, zinco e fibras alimentares.<\/p>\n<p>Gostou? Fa\u00e7a sua compra agora e receba com todo conforto na sua casa ou trabalho.<\/p>\n","protected":false},"featured_media":443,"comment_status":"open","ping_status":"closed","template":"","meta":[],"product_cat":[63,71],"product_tag":[],"class_list":{"0":"post-442","1":"product","2":"type-product","3":"status-publish","4":"has-post-thumbnail","6":"product_cat-cozinhar-e-temperar","7":"product_cat-temperos-e-especiarias","9":"first","10":"instock","11":"shipping-taxable","12":"product-type-simple"},"supplier_id":null,"supplier_sku":"","barcode":null,"atum_controlled":true,"out_stock_date":null,"out_stock_threshold":null,"inheritable":false,"inbound_stock":null,"stock_on_hold":0,"sold_today":0,"sales_last_days":0,"reserved_stock":null,"customer_returns":null,"warehouse_damage":null,"lost_in_post":null,"other_logs":null,"out_stock_days":0,"lost_sales":0,"has_location":null,"update_date":"2026-04-22T12:24:23","atum_locations":[],"atum_stock_status":"instock","restock_status":false,"low_stock_amount":"","sales_update_date":"2026-04-22T12:24:23","calc_backorders":null,"_links":{"self":[{"href":"https:\/\/emporiodoturquinho.com.br\/index.php?rest_route=\/wp\/v2\/product\/442","targetHints":{"allow":["GET"]}}],"collection":[{"href":"https:\/\/emporiodoturquinho.com.br\/index.php?rest_route=\/wp\/v2\/product"}],"about":[{"href":"https:\/\/emporiodoturquinho.com.br\/index.php?rest_route=\/wp\/v2\/types\/product"}],"replies":[{"embeddable":true,"href":"https:\/\/emporiodoturquinho.com.br\/index.php?rest_route=%2Fwp%2Fv2%2Fcomments&post=442"}],"wp:featuredmedia":[{"embeddable":true,"href":"https:\/\/emporiodoturquinho.com.br\/index.php?rest_route=\/wp\/v2\/media\/443"}],"wp:attachment":[{"href":"https:\/\/emporiodoturquinho.com.br\/index.php?rest_route=%2Fwp%2Fv2%2Fmedia&parent=442"}],"wp:term":[{"taxonomy":"product_cat","embeddable":true,"href":"https:\/\/emporiodoturquinho.com.br\/index.php?rest_route=%2Fwp%2Fv2%2Fproduct_cat&post=442"},{"taxonomy":"product_tag","embeddable":true,"href":"https:\/\/emporiodoturquinho.com.br\/index.php?rest_route=%2Fwp%2Fv2%2Fproduct_tag&post=442"}],"curies":[{"name":"wp","href":"https:\/\/api.w.org\/{rel}","templated":true}]}}