{"id":440,"date":"2024-01-25T13:41:33","date_gmt":"2024-01-25T16:41:33","guid":{"rendered":"http:\/\/emporiodoturquinho.com.br\/?post_type=product&#038;p=440"},"modified":"2024-01-25T13:41:33","modified_gmt":"2024-01-25T16:41:33","slug":"manjerona-desidratada","status":"publish","type":"product","link":"https:\/\/emporiodoturquinho.com.br\/?product=manjerona-desidratada","title":{"rendered":"MANJERONA DESIDRATADA"},"content":{"rendered":"<p>VALORES NUTRICIONAIS Conhe\u00e7a os valores nutricionais deste produto<br \/>\nQuantidade por por\u00e7\u00e3o de 0g (0 Colher de Sopa) %VD(*)<br \/>\nValor Energ\u00e9tico 0Kcal=0KJ 0<br \/>\nCarboidratos 0g 0<br \/>\nProte\u00ednas 0g 0<br \/>\nGorduras Totais 0g 0<br \/>\nGorduras Saturadas 0g 0<br \/>\nGorduras Trans 0g **<br \/>\nFibra Alimentar 0g 0<br \/>\nS\u00f3dio 0mg 0<br \/>\n(*)% Valores Di\u00e1rios de refer\u00eancia com base em uma dieta de 2.000 kcal ou 8.400 kJ. Seus valores di\u00e1rios podem ser maiores ou menores dependendo de suas necessidades energ\u00e9ticas.<\/p>\n<p>Ingrediente(s): Manjerona desidratado.<\/p>\n<p>Ap\u00f3s a abertura, mantenha a embalagem bem fechada. Armazene em local fresco e seco.<\/p>\n<p>AL\u00c9RGICOS: PODE CONTER TRA\u00c7OS DE SOJA, NOZES, CASTANHAS E AMENDOINS.<\/p>\n<p>N\u00c3O CONT\u00c9M GL\u00daTEN.<\/p>\n<p>CARACTER\u00cdSTICAS<br \/>\nSem Gl\u00faten: Sim<br \/>\nVegano: Sim<br \/>\nLow Carb: Sim<br \/>\nOrg\u00e2nico: N\u00e3o<br \/>\nLivre Transg\u00eanicos: Sim<br \/>\nSem Lactose: Sim<br \/>\nOrigem: Nacional<br \/>\nGranel: Sim<\/p>\n","protected":false},"excerpt":{"rendered":"<p>Origin\u00e1ria do sul da Europa, a Manjerona, Origanum majorana L. (LABIATAE) \u00e9 uma planta arom\u00e1tica semelhante ao or\u00e9gano, sendo bastante utilizada como tempero para alimentos. Trata-se tamb\u00e9m de uma erva que possui propriedades medicinais que trazem uma s\u00e9rie de benef\u00edcios \u00e0 nossa sa\u00fade.<\/p>\n<p>Benef\u00edcios da Manjerona:<br \/>\nDentre as propriedades medicinais da Manjerona, est\u00e3o a sua a\u00e7\u00e3o antiespasm\u00f3dica, expectorante, mucol\u00edtica, cicatrizante, antiviral, analg\u00e9sica, antiss\u00e9ptica, bactericida, diur\u00e9tica, digestiva e outras.<\/p>\n<p>Esta planta \u00e9 indicada como uma poderosa aliada contra a diarreia, m\u00e1 digest\u00e3o, asma, flatul\u00eancia, gripe, resfriados, falta de apetite, tosses, bronquite, herpes genital, c\u00f3lica menstrual ou intestinal, reumatismo, cansa\u00e7o, libido baixa, apatia e contus\u00e3o.<\/p>\n<p>Como utilizar a Manjerona desidratada:<br \/>\nA Manjerona em Flocos pode ser utilizada como tempero para alimentos ou como aliada de tratamentos medicinais. Colocar 1 colher (de sopa) em 1 litro de \u00e1gua fervente e deixar repousar por 15 minutos. Coar e beber.<\/p>\n<p>Gostou? Fa\u00e7a sua compra agora e receba com todo conforto na sua casa ou trabalho.<\/p>\n","protected":false},"featured_media":441,"comment_status":"open","ping_status":"closed","template":"","meta":[],"product_cat":[63,71],"product_tag":[],"class_list":{"0":"post-440","1":"product","2":"type-product","3":"status-publish","4":"has-post-thumbnail","6":"product_cat-cozinhar-e-temperar","7":"product_cat-temperos-e-especiarias","9":"first","10":"instock","11":"shipping-taxable","12":"product-type-simple"},"supplier_id":null,"supplier_sku":"","barcode":null,"atum_controlled":true,"out_stock_date":null,"out_stock_threshold":null,"inheritable":false,"inbound_stock":null,"stock_on_hold":0,"sold_today":0,"sales_last_days":0,"reserved_stock":null,"customer_returns":null,"warehouse_damage":null,"lost_in_post":null,"other_logs":null,"out_stock_days":0,"lost_sales":0,"has_location":null,"update_date":"2026-04-22T12:24:23","atum_locations":[],"atum_stock_status":"instock","restock_status":false,"low_stock_amount":"","sales_update_date":"2026-04-22T12:24:23","calc_backorders":null,"_links":{"self":[{"href":"https:\/\/emporiodoturquinho.com.br\/index.php?rest_route=\/wp\/v2\/product\/440","targetHints":{"allow":["GET"]}}],"collection":[{"href":"https:\/\/emporiodoturquinho.com.br\/index.php?rest_route=\/wp\/v2\/product"}],"about":[{"href":"https:\/\/emporiodoturquinho.com.br\/index.php?rest_route=\/wp\/v2\/types\/product"}],"replies":[{"embeddable":true,"href":"https:\/\/emporiodoturquinho.com.br\/index.php?rest_route=%2Fwp%2Fv2%2Fcomments&post=440"}],"wp:featuredmedia":[{"embeddable":true,"href":"https:\/\/emporiodoturquinho.com.br\/index.php?rest_route=\/wp\/v2\/media\/441"}],"wp:attachment":[{"href":"https:\/\/emporiodoturquinho.com.br\/index.php?rest_route=%2Fwp%2Fv2%2Fmedia&parent=440"}],"wp:term":[{"taxonomy":"product_cat","embeddable":true,"href":"https:\/\/emporiodoturquinho.com.br\/index.php?rest_route=%2Fwp%2Fv2%2Fproduct_cat&post=440"},{"taxonomy":"product_tag","embeddable":true,"href":"https:\/\/emporiodoturquinho.com.br\/index.php?rest_route=%2Fwp%2Fv2%2Fproduct_tag&post=440"}],"curies":[{"name":"wp","href":"https:\/\/api.w.org\/{rel}","templated":true}]}}