{"id":430,"date":"2024-01-25T13:34:38","date_gmt":"2024-01-25T16:34:38","guid":{"rendered":"http:\/\/emporiodoturquinho.com.br\/?post_type=product&#038;p=430"},"modified":"2024-01-25T13:34:38","modified_gmt":"2024-01-25T16:34:38","slug":"gluten-de-trigo","status":"publish","type":"product","link":"https:\/\/emporiodoturquinho.com.br\/?product=gluten-de-trigo","title":{"rendered":"GL\u00daTEN DE TRIGO"},"content":{"rendered":"<p>VALORES NUTRICIONAIS Conhe\u00e7a os valores nutricionais deste produto<br \/>\nQuantidade por por\u00e7\u00e3o de 50g (1\/2 X\u00edcara) %VD(*)<br \/>\nValor Energ\u00e9tico 194Kcal 9.7<br \/>\nCarboidratos 7g 2.3<br \/>\nProte\u00ednas 45g 60<br \/>\nGorduras Totais 2g 3.6<br \/>\nGorduras Saturadas 0g 0<br \/>\nGorduras Trans 0g **<br \/>\nFibra Alimentar 0.1g 0.4<br \/>\nS\u00f3dio 0mg 0<br \/>\n(*)% Valores Di\u00e1rios de refer\u00eancia com base em uma dieta de 2.000 kcal ou 8.400 kJ. Seus valores di\u00e1rios podem ser maiores ou menores dependendo de suas necessidades energ\u00e9ticas.<\/p>\n<p>Ingredientes: Gl\u00faten de Trigo.<\/p>\n<p>Ap\u00f3s abertura da embalagem, mantenha bem fechada, armazenando-a em local fresco e seco.<\/p>\n<p>AL\u00c9RGICOS: PODE CONTER TRA\u00c7OS DE SOJA, NOZES, CASTANHAS E AMENDOINS.<\/p>\n<p>CONT\u00c9M GL\u00daTEN.<\/p>\n<p>CARACTER\u00cdSTICAS<br \/>\nSem Gl\u00faten: N\u00e3o<br \/>\nVegano: N\u00e3o<br \/>\nLow Carb: N\u00e3o<br \/>\nOrg\u00e2nico: N\u00e3o<br \/>\nLivre Transg\u00eanicos: Sim<br \/>\nSem Lactose: Sim<br \/>\nOrigem: Nacional<br \/>\nGranel: Sim<\/p>\n","protected":false},"excerpt":{"rendered":"<p>O gl\u00faten de trigo \u00e9 a prote\u00edna insol\u00favel da farinha de trigo.<\/p>\n<p>No processo de extra\u00e7\u00e3o, o gl\u00faten \u00e9 isolado como uma massa \u00famida, el\u00e1stica e coerente, possuindo uma consider\u00e1vel extensibilidade.<\/p>\n<p>O gl\u00faten de trigo seco, em baixa temperatura, permite obter um produto que conserva suas propriedades originais: elasticidade, alto grau de vitalidade que ao colocar \u00e1gua na propor\u00e7\u00e3o adequada recupera as propriedades da massa \u00famida.<\/p>\n<p>Na panifica\u00e7\u00e3o, o gl\u00faten forma o suporte estrutural da massa do p\u00e3o, que mant\u00e9m retidos os gases produzidos durante a fermenta\u00e7\u00e3o. Durante o cozimento do p\u00e3o, o gl\u00faten coagula por consequ\u00eancia do calor e, juntamente com o gel produzido pelo amido, contribui na estrutura do p\u00e3o.<\/p>\n<p>O gl\u00faten \u00e9 um melhorador natural da farinha, empregado como aditivo para incrementar a for\u00e7a de uma farinha standard de padaria.<\/p>\n<p>Os produtos panificados com gl\u00faten vital tem maior volume e melhor textura, s\u00e3o uniformes e de melhor qualidade de conserva\u00e7\u00e3o. Aumenta a toler\u00e2ncia ao sovar, incrementando consideravelmente o rendimento devido a eleva\u00e7\u00e3o de absor\u00e7\u00e3o de \u00e1gua na massa.<\/p>\n<p>Dosagem: deve estar entre 2% a 4% sobre o peso da farinha; Estocagem: Manter em local limpo, seco e fresco, na temperatura ambiente.<\/p>\n<p>Gostou? Fa\u00e7a sua compra agora e receba com todo conforto na sua casa ou trabalho.<\/p>\n","protected":false},"featured_media":431,"comment_status":"open","ping_status":"closed","template":"","meta":[],"product_cat":[63,71],"product_tag":[],"class_list":{"0":"post-430","1":"product","2":"type-product","3":"status-publish","4":"has-post-thumbnail","6":"product_cat-cozinhar-e-temperar","7":"product_cat-temperos-e-especiarias","9":"first","10":"instock","11":"shipping-taxable","12":"product-type-simple"},"supplier_id":null,"supplier_sku":"","barcode":null,"atum_controlled":true,"out_stock_date":null,"out_stock_threshold":null,"inheritable":false,"inbound_stock":null,"stock_on_hold":0,"sold_today":0,"sales_last_days":0,"reserved_stock":null,"customer_returns":null,"warehouse_damage":null,"lost_in_post":null,"other_logs":null,"out_stock_days":0,"lost_sales":0,"has_location":null,"update_date":"2026-04-22T12:24:23","atum_locations":[],"atum_stock_status":"instock","restock_status":false,"low_stock_amount":"","sales_update_date":"2026-04-22T12:24:23","calc_backorders":null,"_links":{"self":[{"href":"https:\/\/emporiodoturquinho.com.br\/index.php?rest_route=\/wp\/v2\/product\/430","targetHints":{"allow":["GET"]}}],"collection":[{"href":"https:\/\/emporiodoturquinho.com.br\/index.php?rest_route=\/wp\/v2\/product"}],"about":[{"href":"https:\/\/emporiodoturquinho.com.br\/index.php?rest_route=\/wp\/v2\/types\/product"}],"replies":[{"embeddable":true,"href":"https:\/\/emporiodoturquinho.com.br\/index.php?rest_route=%2Fwp%2Fv2%2Fcomments&post=430"}],"wp:featuredmedia":[{"embeddable":true,"href":"https:\/\/emporiodoturquinho.com.br\/index.php?rest_route=\/wp\/v2\/media\/431"}],"wp:attachment":[{"href":"https:\/\/emporiodoturquinho.com.br\/index.php?rest_route=%2Fwp%2Fv2%2Fmedia&parent=430"}],"wp:term":[{"taxonomy":"product_cat","embeddable":true,"href":"https:\/\/emporiodoturquinho.com.br\/index.php?rest_route=%2Fwp%2Fv2%2Fproduct_cat&post=430"},{"taxonomy":"product_tag","embeddable":true,"href":"https:\/\/emporiodoturquinho.com.br\/index.php?rest_route=%2Fwp%2Fv2%2Fproduct_tag&post=430"}],"curies":[{"name":"wp","href":"https:\/\/api.w.org\/{rel}","templated":true}]}}