{"id":426,"date":"2024-01-25T13:32:38","date_gmt":"2024-01-25T16:32:38","guid":{"rendered":"http:\/\/emporiodoturquinho.com.br\/?post_type=product&#038;p=426"},"modified":"2024-01-25T13:32:38","modified_gmt":"2024-01-25T16:32:38","slug":"gergelim-preto","status":"publish","type":"product","link":"https:\/\/emporiodoturquinho.com.br\/?product=gergelim-preto","title":{"rendered":"GERGELIM PRETO"},"content":{"rendered":"<p>VALORES NUTRICIONAIS Conhe\u00e7a os valores nutricionais deste produto<br \/>\nQuantidade por por\u00e7\u00e3o de 15g (1 Colher de Sopa) %VD(*)<br \/>\nValor Energ\u00e9tico 76Kcal=318KJ 4<br \/>\nCarboidratos 1.2g 0<br \/>\nProte\u00ednas 2.7g 4<br \/>\nGorduras Totais 6.5g 12<br \/>\nGorduras Saturadas 0g 0<br \/>\nGorduras Trans 0g **<br \/>\nFibra Alimentar 1.2g 5<br \/>\nS\u00f3dio 9mg 0<br \/>\n(*)% Valores Di\u00e1rios de refer\u00eancia com base em uma dieta de 2.000 kcal ou 8.400 kJ. Seus valores di\u00e1rios podem ser maiores ou menores dependendo de suas necessidades energ\u00e9ticas.<\/p>\n<p>Ingrediente(s): Gergelim preto.<\/p>\n<p>Ap\u00f3s a abertura, mantenha a embalagem bem fechada. Armazene em local fresco e seco.<\/p>\n<p>AL\u00c9RGICOS: PODE CONTER TRA\u00c7OS DE SOJA, NOZES, CASTANHAS E AMENDOINS.<\/p>\n<p>N\u00c3O CONT\u00c9M GL\u00daTEN.<\/p>\n<p>CARACTER\u00cdSTICAS<br \/>\nSem Gl\u00faten: Sim<br \/>\nVegano: Sim<br \/>\nLow Carb: Sim<br \/>\nOrg\u00e2nico: N\u00e3o<br \/>\nLivre Transg\u00eanicos: Sim<br \/>\nSem Lactose: Sim<br \/>\nOrigem: Importado<br \/>\nGranel: Sim<\/p>\n","protected":false},"excerpt":{"rendered":"<p>As sementes de Gergelim Preto s\u00e3o ricas em mangan\u00eas, pot\u00e1ssio, cobre e c\u00e1lcio (90 mg de c\u00e1lcio por colher de sopa para sementes de gergelim preto integrais (n\u00e3o descascadas) e 10 mg para sementes descascadas).<\/p>\n<p>Tamb\u00e9m cont\u00e9m vitamina B1 e vitamina E. O gergelim cont\u00e9m um poderoso antioxidante (chamados &#8221;lignans&#8221; em ingl\u00eas). O gergelim preto tamb\u00e9m possui fito-ester\u00f3is, que bloqueiam a produ\u00e7\u00e3o de colesterol. Rico em \u00f3leos saud\u00e1veis, dos quais 40% s\u00e3o constitu\u00eddos de \u00e1cido linoleico, \u00e1cido linol\u00eanico, \u00e1cido oleico e outros. Os nutrientes do gergelim preto s\u00e3o melhores absorvidos se triturados antes do consumo.<\/p>\n<p>Como usar o Gergelim Preto?<br \/>\nO gergelim preto pode ser usado em varias receitas como p\u00e3o, tortas, bolos, panquecas, cookies, biscoitos, massas e saladas.<\/p>\n<p>Gostou? Fa\u00e7a sua compra agora e receba com todo conforto na sua casa ou trabalho.<\/p>\n","protected":false},"featured_media":427,"comment_status":"open","ping_status":"closed","template":"","meta":[],"product_cat":[63,71],"product_tag":[],"class_list":{"0":"post-426","1":"product","2":"type-product","3":"status-publish","4":"has-post-thumbnail","6":"product_cat-cozinhar-e-temperar","7":"product_cat-temperos-e-especiarias","9":"first","10":"instock","11":"shipping-taxable","12":"product-type-simple"},"supplier_id":null,"supplier_sku":"","barcode":null,"atum_controlled":true,"out_stock_date":null,"out_stock_threshold":null,"inheritable":false,"inbound_stock":null,"stock_on_hold":0,"sold_today":0,"sales_last_days":0,"reserved_stock":null,"customer_returns":null,"warehouse_damage":null,"lost_in_post":null,"other_logs":null,"out_stock_days":0,"lost_sales":0,"has_location":null,"update_date":"2026-04-22T12:24:23","atum_locations":[],"atum_stock_status":"instock","restock_status":false,"low_stock_amount":"","sales_update_date":"2026-04-22T12:24:23","calc_backorders":null,"_links":{"self":[{"href":"https:\/\/emporiodoturquinho.com.br\/index.php?rest_route=\/wp\/v2\/product\/426","targetHints":{"allow":["GET"]}}],"collection":[{"href":"https:\/\/emporiodoturquinho.com.br\/index.php?rest_route=\/wp\/v2\/product"}],"about":[{"href":"https:\/\/emporiodoturquinho.com.br\/index.php?rest_route=\/wp\/v2\/types\/product"}],"replies":[{"embeddable":true,"href":"https:\/\/emporiodoturquinho.com.br\/index.php?rest_route=%2Fwp%2Fv2%2Fcomments&post=426"}],"wp:featuredmedia":[{"embeddable":true,"href":"https:\/\/emporiodoturquinho.com.br\/index.php?rest_route=\/wp\/v2\/media\/427"}],"wp:attachment":[{"href":"https:\/\/emporiodoturquinho.com.br\/index.php?rest_route=%2Fwp%2Fv2%2Fmedia&parent=426"}],"wp:term":[{"taxonomy":"product_cat","embeddable":true,"href":"https:\/\/emporiodoturquinho.com.br\/index.php?rest_route=%2Fwp%2Fv2%2Fproduct_cat&post=426"},{"taxonomy":"product_tag","embeddable":true,"href":"https:\/\/emporiodoturquinho.com.br\/index.php?rest_route=%2Fwp%2Fv2%2Fproduct_tag&post=426"}],"curies":[{"name":"wp","href":"https:\/\/api.w.org\/{rel}","templated":true}]}}