{"id":420,"date":"2024-01-25T13:30:33","date_gmt":"2024-01-25T16:30:33","guid":{"rendered":"http:\/\/emporiodoturquinho.com.br\/?post_type=product&#038;p=420"},"modified":"2024-01-25T13:30:33","modified_gmt":"2024-01-25T16:30:33","slug":"funghi-cogumelo-seco","status":"publish","type":"product","link":"https:\/\/emporiodoturquinho.com.br\/?product=funghi-cogumelo-seco","title":{"rendered":"FUNGHI COGUMELO SECO"},"content":{"rendered":"<p>VALORES NUTRICIONAIS Conhe\u00e7a os valores nutricionais deste produto<br \/>\nQuantidade por por\u00e7\u00e3o de 10g (1\/2 X\u00edcara de Ch\u00e1) %VD(*)<br \/>\nValor Energ\u00e9tico 30Kcal=126KJ 2<br \/>\nCarboidratos 7.5g 3<br \/>\nProte\u00ednas 1g 1<br \/>\nGorduras Totais 0g 0<br \/>\nGorduras Saturadas 0g 0<br \/>\nGorduras Trans 0g **<br \/>\nFibra Alimentar 1.2g 5<br \/>\nS\u00f3dio 0mg 0<br \/>\n(*)% Valores Di\u00e1rios de refer\u00eancia com base em uma dieta de 2.000 kcal ou 8.400 kJ. Seus valores di\u00e1rios podem ser maiores ou menores dependendo de suas necessidades energ\u00e9ticas.<\/p>\n<p>Ingrediente(s): Cogumelo funghi seco.<\/p>\n<p>Ap\u00f3s a abertura, mantenha a embalagem bem fechada. Armazene em local fresco e seco.<\/p>\n<p>AL\u00c9RGICOS: PODE CONTER TRA\u00c7OS DE SOJA, NOZES, CASTANHAS E AMENDOINS.<\/p>\n<p>N\u00c3O CONT\u00c9M GL\u00daTEN.<\/p>\n<p>CARACTER\u00cdSTICAS<br \/>\nSem Gl\u00faten: Sim<br \/>\nVegano: Sim<br \/>\nLow Carb: N\u00e3o<br \/>\nOrg\u00e2nico: N\u00e3o<br \/>\nLivre Transg\u00eanicos: Sim<br \/>\nSem Lactose: Sim<br \/>\nOrigem: Importado<br \/>\nGranel: Sim<\/p>\n","protected":false},"excerpt":{"rendered":"<p>O Funghi Seco (ou Funghi Secchi) nada mais \u00e9 do que um cogumelo desidratado, muito utilizado na culin\u00e1ria. \u00c9 oriundo do Chile e riqu\u00edssimo em nutrientes, incluindo as vitaminas do complexo B.<\/p>\n<p>O Funghi tamb\u00e9m cont\u00e9m quantidades significativas de vitamina C e D e s\u00e3o uma excelente fonte de minerais como pot\u00e1ssio, f\u00f3sforo e magn\u00e9sio.<\/p>\n<p>Que gosto tem o Funghi?<br \/>\nO sabor do Funghi remete ligeiramente nozes \u00e0s nozes e possui textura bem macia.<\/p>\n<p>Para que serve o Funghi Seco?<br \/>\nO Funghi Seco desidratado tem sabor forte e defumado e \u00e9 muito utilizado em molhos, risotos e massas.<\/p>\n<p>Quais os Benef\u00edcios do Funghi Seco?<br \/>\nO Funghi Seco (ou Funghi Secchi) \u00e9 pobre em Carboidratos e rico em prote\u00ednas al\u00e9m de ter baix\u00edssimo \u00edndice cal\u00f3rico, o que pode torn\u00e1-lo mais atraente para os adeptos da alimenta\u00e7\u00e3o baixo carbo e\/ou proteica.<\/p>\n<p>Gostou? Fa\u00e7a sua compra agora e receba com todo conforto na sua casa ou trabalho.<\/p>\n","protected":false},"featured_media":421,"comment_status":"open","ping_status":"closed","template":"","meta":[],"product_cat":[63,71],"product_tag":[],"class_list":{"0":"post-420","1":"product","2":"type-product","3":"status-publish","4":"has-post-thumbnail","6":"product_cat-cozinhar-e-temperar","7":"product_cat-temperos-e-especiarias","9":"first","10":"instock","11":"shipping-taxable","12":"product-type-simple"},"supplier_id":null,"supplier_sku":"","barcode":null,"atum_controlled":true,"out_stock_date":null,"out_stock_threshold":null,"inheritable":false,"inbound_stock":null,"stock_on_hold":0,"sold_today":0,"sales_last_days":0,"reserved_stock":null,"customer_returns":null,"warehouse_damage":null,"lost_in_post":null,"other_logs":null,"out_stock_days":0,"lost_sales":0,"has_location":null,"update_date":"2026-04-22T12:24:23","atum_locations":[],"atum_stock_status":"instock","restock_status":false,"low_stock_amount":"","sales_update_date":"2026-04-22T12:24:23","calc_backorders":null,"_links":{"self":[{"href":"https:\/\/emporiodoturquinho.com.br\/index.php?rest_route=\/wp\/v2\/product\/420","targetHints":{"allow":["GET"]}}],"collection":[{"href":"https:\/\/emporiodoturquinho.com.br\/index.php?rest_route=\/wp\/v2\/product"}],"about":[{"href":"https:\/\/emporiodoturquinho.com.br\/index.php?rest_route=\/wp\/v2\/types\/product"}],"replies":[{"embeddable":true,"href":"https:\/\/emporiodoturquinho.com.br\/index.php?rest_route=%2Fwp%2Fv2%2Fcomments&post=420"}],"wp:featuredmedia":[{"embeddable":true,"href":"https:\/\/emporiodoturquinho.com.br\/index.php?rest_route=\/wp\/v2\/media\/421"}],"wp:attachment":[{"href":"https:\/\/emporiodoturquinho.com.br\/index.php?rest_route=%2Fwp%2Fv2%2Fmedia&parent=420"}],"wp:term":[{"taxonomy":"product_cat","embeddable":true,"href":"https:\/\/emporiodoturquinho.com.br\/index.php?rest_route=%2Fwp%2Fv2%2Fproduct_cat&post=420"},{"taxonomy":"product_tag","embeddable":true,"href":"https:\/\/emporiodoturquinho.com.br\/index.php?rest_route=%2Fwp%2Fv2%2Fproduct_tag&post=420"}],"curies":[{"name":"wp","href":"https:\/\/api.w.org\/{rel}","templated":true}]}}