{"id":416,"date":"2024-01-25T13:28:25","date_gmt":"2024-01-25T16:28:25","guid":{"rendered":"http:\/\/emporiodoturquinho.com.br\/?post_type=product&#038;p=416"},"modified":"2024-01-25T13:28:25","modified_gmt":"2024-01-25T16:28:25","slug":"espinafre-em-po","status":"publish","type":"product","link":"https:\/\/emporiodoturquinho.com.br\/?product=espinafre-em-po","title":{"rendered":"ESPINAFRE EM P\u00d3"},"content":{"rendered":"<p>VALORES NUTRICIONAIS Conhe\u00e7a os valores nutricionais deste produto<br \/>\nQuantidade por por\u00e7\u00e3o de 5g (1 Colher de Ch\u00e1) %VD(*)<br \/>\nValor Energ\u00e9tico 12Kcal=50KJ 1<br \/>\nCarboidratos 1.1g 1<br \/>\nProte\u00ednas 1.7g 2<br \/>\nGorduras Totais 0g 0<br \/>\nGorduras Saturadas 0g 0<br \/>\nGorduras Trans 0g **<br \/>\nFibra Alimentar 2.1g 8<br \/>\nS\u00f3dio 39mg 2<br \/>\n(*)% Valores Di\u00e1rios de refer\u00eancia com base em uma dieta de 2.000 kcal ou 8.400 kJ. Seus valores di\u00e1rios podem ser maiores ou menores dependendo de suas necessidades energ\u00e9ticas.<\/p>\n<p>Ingrediente(s): Folhas desidratadas e mo\u00eddas de espinafre.<\/p>\n<p>Ap\u00f3s a abertura, mantenha a embalagem bem fechada. Armazene em local fresco e seco.<\/p>\n<p>AL\u00c9RGICOS: PODE CONTER TRA\u00c7OS DE CENTEIO, CEVADA, SOJA, NOZES, CASTANHAS E AMENDOINS.<\/p>\n<p>N\u00c3O CONT\u00c9M GL\u00daTEN.<\/p>\n<p>CARACTER\u00cdSTICAS<br \/>\nSem Gl\u00faten: Sim<br \/>\nVegano: Sim<br \/>\nLow Carb: Sim<br \/>\nOrg\u00e2nico: N\u00e3o<br \/>\nLivre Transg\u00eanicos: Sim<br \/>\nSem Lactose: Sim<br \/>\nOrigem: Importado<br \/>\nGranel: Sim<\/p>\n","protected":false},"excerpt":{"rendered":"<p>O Espinafre em P\u00f3 ou a Farinha de Espinafre \u00e9 obtida a partir de sua desidrata\u00e7\u00e3o, atrav\u00e9s do processo de liofiliza\u00e7\u00e3o, e sequente processo de moagem.<\/p>\n<p>O Espinafre \u00e9 uma verdura de alto valor nutritivo.<\/p>\n<p>A t\u00e9cnica de liofiliza\u00e7\u00e3o garante a desidrata\u00e7\u00e3o do alimento sem destruir suas propriedades nutritivas, pois mant\u00e9m as paredes celulares do alimento intactas com consequente concentra\u00e7\u00e3o de todos os seus nutrientes.<\/p>\n<p>\u00c9 importante saber que o espinafre desidratado concentra mais nutrientes do que o espinafre in-natura!<\/p>\n<p>Quais as propriedades e benef\u00edcios do Espinafre em P\u00f3?<br \/>\nO Espinafre em P\u00f3 possui minerais, como ferro, c\u00e1lcio e f\u00f3sforo e vitaminas A e do complexo B. Vale lembrar (como j\u00e1 mencionado) que a vers\u00e3o em p\u00f3 do alimento, \u00e9 ainda mais concentrada, o que garante maior teor de nutrientes!<\/p>\n<p>Como usar o Espinafre em P\u00f3?<br \/>\nO Espinafre em P\u00f3 pode ser adicionado em sucos de frutas, em sopas, no arroz para torn\u00e1-lo mais nutritivo e colorido e em receitas de panifica\u00e7\u00e3o.<\/p>\n<p>Tamb\u00e9m pode ser utilizado na confec\u00e7\u00e3o de massas caseiras para aumentar o valor nutricional e dar uma maior colora\u00e7\u00e3o.<\/p>\n<p>Dica: \u00e9 \u00f3tima op\u00e7\u00e3o para incrementar a alimenta\u00e7\u00e3o das crian\u00e7as, principalmente daquelas que n\u00e3o aceitam bem os alimentos vegetais.<\/p>\n<p>Muito utilizado para dar colorido e sabor especial nas receitas.<\/p>\n<p>Principalmente no preparo de arroz, molhos, sopas e tortas.<\/p>\n<p>Gostou? Fa\u00e7a sua compra agora e receba com todo conforto na sua casa ou trabalho.<\/p>\n","protected":false},"featured_media":417,"comment_status":"open","ping_status":"closed","template":"","meta":[],"product_cat":[63,71],"product_tag":[],"class_list":{"0":"post-416","1":"product","2":"type-product","3":"status-publish","4":"has-post-thumbnail","6":"product_cat-cozinhar-e-temperar","7":"product_cat-temperos-e-especiarias","9":"first","10":"instock","11":"shipping-taxable","12":"product-type-simple"},"supplier_id":null,"supplier_sku":"","barcode":null,"atum_controlled":true,"out_stock_date":null,"out_stock_threshold":null,"inheritable":false,"inbound_stock":null,"stock_on_hold":0,"sold_today":0,"sales_last_days":0,"reserved_stock":null,"customer_returns":null,"warehouse_damage":null,"lost_in_post":null,"other_logs":null,"out_stock_days":0,"lost_sales":0,"has_location":null,"update_date":"2026-04-22T12:24:23","atum_locations":[],"atum_stock_status":"instock","restock_status":false,"low_stock_amount":"","sales_update_date":"2026-04-22T12:24:23","calc_backorders":null,"_links":{"self":[{"href":"https:\/\/emporiodoturquinho.com.br\/index.php?rest_route=\/wp\/v2\/product\/416","targetHints":{"allow":["GET"]}}],"collection":[{"href":"https:\/\/emporiodoturquinho.com.br\/index.php?rest_route=\/wp\/v2\/product"}],"about":[{"href":"https:\/\/emporiodoturquinho.com.br\/index.php?rest_route=\/wp\/v2\/types\/product"}],"replies":[{"embeddable":true,"href":"https:\/\/emporiodoturquinho.com.br\/index.php?rest_route=%2Fwp%2Fv2%2Fcomments&post=416"}],"wp:featuredmedia":[{"embeddable":true,"href":"https:\/\/emporiodoturquinho.com.br\/index.php?rest_route=\/wp\/v2\/media\/417"}],"wp:attachment":[{"href":"https:\/\/emporiodoturquinho.com.br\/index.php?rest_route=%2Fwp%2Fv2%2Fmedia&parent=416"}],"wp:term":[{"taxonomy":"product_cat","embeddable":true,"href":"https:\/\/emporiodoturquinho.com.br\/index.php?rest_route=%2Fwp%2Fv2%2Fproduct_cat&post=416"},{"taxonomy":"product_tag","embeddable":true,"href":"https:\/\/emporiodoturquinho.com.br\/index.php?rest_route=%2Fwp%2Fv2%2Fproduct_tag&post=416"}],"curies":[{"name":"wp","href":"https:\/\/api.w.org\/{rel}","templated":true}]}}